{"id":1079,"date":"2021-05-26T12:04:14","date_gmt":"2021-05-26T09:04:14","guid":{"rendered":"https:\/\/www.balticintertex.ee\/meist\/"},"modified":"2024-12-16T12:22:10","modified_gmt":"2024-12-16T10:22:10","slug":"meist","status":"publish","type":"page","link":"https:\/\/www.balticintertex.ee\/et\/meist\/","title":{"rendered":"Meist"},"content":{"rendered":"<div class=\"wpb-content-wrapper\">[vc_row][vc_column][vc_column_text]<span id=\"speechify-first-word-listening-nudge-root-9\" style=\"position: absolute; z-index: 10000;\"><\/span><span id=\"speechify-first-word-listening-nudge-9\">[vc_row thb_full_width=&#8221;true&#8221; thb_row_padding=&#8221;true&#8221;<\/span> thb_column_padding=&#8221;true&#8221; content_placement=&#8221;middle&#8221; thb_scroll_bottom=&#8221;true&#8221; thb_scroll_bottom_style=&#8221;style3&#8243; thb_scroll_bottom_color=&#8221;light&#8221; css=&#8221;.vc_custom_1618046778249{padding-top: 30vh !important;padding-bottom: 25vh !important;background-image: url(https:\/\/www.balticintertex.ee\/wp-content\/uploads\/2021\/04\/about-1.jpg?id=606) !important;background-position: center !important;background-repeat: no-repeat !important;background-size: cover !important;}&#8221; thb_divider_color=&#8221;#ffffff&#8221;][vc_column][vc_row_inner][vc_column_inner offset=&#8221;vc_col-lg-6 vc_col-md-8&#8243;][vc_column_text]\r\n<h1>Me soovime, et oleksid edukas<\/h1>\r\n<span id=\"speechify-first-word-listening-nudge-root-11\" style=\"position: absolute; z-index: 10000;\"><\/span><span id=\"speechify-first-word-listening-nudge-11\">[\/vc_column_text][vc_empty_space height=&#8221;10px&#8221;][vc_column_text]R\u00f5ivaste arendusteenus<\/span> on kvaliteetse tootmise alus. Hindame s\u00f5bralikku kollektiivi ja teeme k\u00f5ik selleks, et meie kliendid s\u00e4rada saaksid. Seega, kui soovid meie kohta rohkem teada, siis v\u00f5ta \u00fchendust ja teeme koos midagi toredat![\/vc_column_text][vc_empty_space height=&#8221;20px&#8221;]\t<a id=\"thb-button-69fca7823e375\" class=\"btn style2 medium  black pill-radius animation bottom-to-top   \" href=\"#miks\" target=\"_self\" role=\"button\">\n\t\t<span>MIKS MEIE?<\/span>\n\t\t\t<\/a>\n\t\t\t<a id=\"thb-button-69fca7823e3b0\" class=\"btn style2 medium  black pill-radius animation bottom-to-top   \" href=\"\/et\/kontakt\/\" target=\"_self\" role=\"button\">\n\t\t<span>V\u00d5TA \u00dcHENDUST<\/span>\n\t\t\t<\/a>\n\t\t[\/vc_column][\/vc_row][vc_row el_class=&#8221;align-center&#8221; css=&#8221;.vc_custom_1665651163333{padding-top: 15vh !important;padding-bottom: 5vh !important;}&#8221; el_id=&#8221;miks&#8221;][vc_column width=&#8221;2\/3&#8243;][vc_single_image image=&#8221;977&#8243;][vc_column_text]\r\n<h2>Me v\u00e4\u00e4rtustame s\u00f5bralikku meeskonda ning anname endast parima, et panna meie vahvad kliendid s\u00e4rama. V\u00f5ta meiega julgelt \u00fchendust ning teeme koos midagi toredat!<\/h2>\r\n[\/vc_column_text][\/vc_column][vc_column width=&#8221;1\/3&#8243;][\/vc_column][\/vc_row][vc_row el_class=&#8221;align-center&#8221;][vc_column width=&#8221;1\/2&#8243; offset=&#8221;vc_col-lg-6 vc_col-md-6&#8243; css=&#8221;.vc_custom_1526401814248{padding-right: 3vh !important;}&#8221;][vc_column_text css=&#8221;&#8221; animation=&#8221;animation fade-in&#8221;]Enam kui 25 aasta jooksul, on Baltic Intertex teinud koost\u00f6\u00f6d v\u00e4ga erinevate r\u00f5iva -ja moebr\u00e4ndidega. Meil on olnud v\u00e4ga p\u00f5nevaid seiklusi, mille jooksul oleme omandanud palju v\u00e4\u00e4rtuslikke kogemusi ning \u00f5ppinud tehtud vigadest. Kui r\u00f5ivaste disainimine on sinu kirg ja kutsumus, kuid sinu r\u00f5\u00f5mutunnet ja entusiasmi on takistanud erinevad tootearendusega v\u00f5i tootmisega seonduvad probleemid, siis oled sa j\u00f5udnud just \u00f5igesse kohta![\/vc_column_text][\/vc_column][vc_column width=&#8221;1\/2&#8243; css=&#8221;.vc_custom_1526401818511{padding-left: 3vh !important;}&#8221;][vc_column_text animation=&#8221;animation fade-in&#8221;]Meie peamine eesm\u00e4rk on aidata kaasa sinu loomingu edule! Teisis\u00f5nu, oma kogemustel baseerudes aitame sul p\u00fcsida \u00f5igel kursil, v\u00e4ltida vigu ning vallandada su loovust. Hoolimata sellest, kas sa oled algaja moedisainer, kellel on lihtsalt idee ja unistus oma <a href=\"https:\/\/www.balticintertex.ee\/et\/prototype\/kui-palju-maksab-vaikese-roivakollektsiooni-tootearendus\/\">moebr\u00e4ndist<\/a> v\u00f5i sa oled juba kogenud tegija, kes otsib v\u00e4ga spetsiifilisi v\u00f5i tehnilisi lahendusi v\u00f5i lojaalset koost\u00f6\u00f6partnerit, aitame teid r\u00f5\u00f5muga![\/vc_column_text][\/vc_column][vc_column][vc_column_text]Meie l\u00e4henemine on isiklik ja p\u00fchendunud. Meie jaoks on iga mudel, mida loome v\u00f5i toodame, sama unikaalne ja ainulaadne nagu selle looja. Meie eesm\u00e4rk on jagada sinuga asjatundlikke teadmisi \u00f5mblust\u00f6\u00f6stuse telgitagustest ning meie meeskonna s\u00fcgavast p\u00fchendumusest. Me usume, et iga detail, mida me loome, peegeldab meie \u00fchist kirge ja p\u00fchendumust kvaliteedile. See pole pelgalt \u00e4ri, see on meie \u00fchine loominguline teekond.[\/vc_column_text][\/vc_column][\/vc_row][vc_row][vc_column][vc_column_text]\r\n<p style=\"margin-bottom: 5px;\">V\u00f5ta \u00fchendust ja vaatame, kuidas saame kasulikud olla!<\/p>\r\n[\/vc_column_text][vc_empty_space]\t<a id=\"thb-button-69fca7823e3cd\" class=\"btn style2 medium  black pill-radius animation bottom-to-top   \" href=\"\/et\/kontakt\/\" target=\"_self\" role=\"button\">\n\t\t<span>V\u00d5TA \u00dcHENDUST<\/span>\n\t\t\t<\/a>\n\t\t[\/vc_column][\/vc_row][vc_row thb_full_width=&#8221;true&#8221; thb_row_padding=&#8221;true&#8221; thb_column_padding=&#8221;true&#8221; disable_element=&#8221;yes&#8221; css=&#8221;.vc_custom_1617800528035{padding-top: 8vh !important;padding-bottom: 12vh !important;}&#8221;][vc_column]\t<a id=\"thb-button-69fca7823e3e6\" class=\"btn style2 medium  black pill-radius animation bottom-to-top   \" href=\"\/et\/kontakt\/\" target=\"_self\" role=\"button\">\n\t\t<span>V\u00d5TA \u00dcHENDUST<\/span>\n\t\t\t<\/a>\n\t\t\t<div id=\"thb-freescroll-28\" class=\"thb-freescroll  regular-padding thb-adaptive-height thb-freescroll-images   \" data-direction=\"thb-right-to-left\" data-pause=\"true\">\n\t\t\n\t\t\t\t\t<figure class=\"small-12 medium-3 columns\">\n\t\t\t\t\t\t\t\t\t\t\t\t\t\t\t\t\t\t\t\t<\/figure>\n\t\t\t\t\n\t\t\t\t\t<figure class=\"small-12 medium-3 columns\">\n\t\t\t\t\t\t\t\t\t\t\t\t\t\t\t\t\t\t\t\t<\/figure>\n\t\t\t\t\n\t\t\t\t\t<figure class=\"small-12 medium-3 columns\">\n\t\t\t\t\t\t\t\t\t\t\t\t\t\t\t\t\t\t\t\t<\/figure>\n\t\t\t\t\n\t\t\t\t\t<figure class=\"small-12 medium-3 columns\">\n\t\t\t\t\t\t\t\t\t\t\t\t\t\t\t\t\t\t\t\t<\/figure>\n\t\t\t\t\n\t\t\t\t\t<figure class=\"small-12 medium-3 columns\">\n\t\t\t\t\t\t\t\t\t\t\t\t\t\t\t\t\t\t\t\t<\/figure>\n\t\t\t\t\t<\/div>\n\t[\/vc_column][\/vc_row][vc_row thb_full_width=&#8221;true&#8221; thb_row_padding=&#8221;true&#8221; thb_column_padding=&#8221;true&#8221; content_placement=&#8221;middle&#8221; css=&#8221;.vc_custom_1526404267206{padding-top: 15vh !important;}&#8221;][vc_column thb_color=&#8221;thb-light-column&#8221; width=&#8221;1\/2&#8243; el_class=&#8221;text-center&#8221; css=&#8221;.vc_custom_1618047218160{padding-top: 28% !important;padding-right: 5% !important;padding-bottom: 28% !important;padding-left: 5% !important;background: #443222 url(https:\/\/www.balticintertex.ee\/wp-content\/uploads\/2021\/04\/needle-balticintertex.com_.jpg?id=607) !important;background-position: center !important;background-repeat: no-repeat !important;background-size: cover !important;}&#8221;][vc_column_text]\r\n<h2>Vaata meie viimaseid t\u00f6id<\/h2>\r\n[\/vc_column_text][vc_empty_space height=&#8221;30px&#8221;]\t<a id=\"thb-button-69fca7823f29a\" class=\"btn style2 medium  white pill-radius animation bottom-to-top   \" href=\"https:\/\/www.balticintertex.ee\/et\/galerii\/\" target=\"_self\" role=\"button\">\n\t\t<span>Galerii<\/span>\n\t\t\t<\/a>\n\t\t[\/vc_column][vc_column thb_color=&#8221;thb-light-column&#8221; width=&#8221;1\/2&#8243; el_class=&#8221;text-center&#8221; css=&#8221;.vc_custom_1618047276469{padding-top: 28% !important;padding-right: 5% !important;padding-bottom: 28% !important;padding-left: 5% !important;background: #23211f url(https:\/\/www.balticintertex.ee\/wp-content\/uploads\/2021\/04\/measuring-balticintertex.com_.jpg?id=608) !important;background-position: center !important;background-repeat: no-repeat !important;background-size: cover !important;}&#8221;][vc_column_text]\r\n<h2>Piilu meie teadmiste keskusesse<\/h2>\r\n<span id=\"speechify-first-word-listening-nudge-root-19\" style=\"position: absolute; z-index: 10000;\"><\/span><span id=\"speechify-first-word-listening-nudge-19\">[\/vc_column_text][vc_empty_space height=&#8221;30px&#8221;]\t<a id=\"thb-button-69fca7823f2bc\" class=\"btn style1 medium  white pill-radius animation bottom-to-top   \" href=\"\/et\/kkk\/\" target=\"_self\" role=\"button\">\n\t\t<span>Korduma kippuvad k\u00fcsimused<\/span>\n\t\t\t<\/a>\n\t\t[\/vc_column][\/vc_row]<\/span><\/div>","protected":false},"excerpt":{"rendered":"[vc_row][vc_column][vc_column_text][vc_row thb_full_width=&#8221;true&#8221; thb_row_padding=&#8221;true&#8221; thb_column_padding=&#8221;true&#8221; content_placement=&#8221;middle&#8221; thb_scroll_bottom=&#8221;true&#8221; thb_scroll_bottom_style=&#8221;style3&#8243; thb_scroll_bottom_color=&#8221;light&#8221; css=&#8221;.vc_custom_1618046778249{padding-top: 30vh !important;padding-bottom: 25vh !important;background-image: url(https:\/\/www.balticintertex.ee\/wp-content\/uploads\/2021\/04\/about-1.jpg?id=606) !important;background-position: center !important;background-repeat: no-repeat !important;background-size: cover !important;}&#8221; thb_divider_color=&#8221;#ffffff&#8221;][vc_column][vc_row_inner][vc_column_inner offset=&#8221;vc_col-lg-6 vc_col-md-8&#8243;][vc_column_text] Me soovime, et oleksid edukas [\/vc_column_text][vc_empty_space height=&#8221;10px&#8221;][vc_column_text]R\u00f5ivaste arendusteenus on kvaliteetse tootmise alus. Hindame s\u00f5bralikku kollektiivi ja teeme k\u00f5ik selleks, et meie kliendid s\u00e4rada saaksid. Seega, kui soovid meie kohta rohkem teada,&hellip;","protected":false},"author":2,"featured_media":0,"parent":0,"menu_order":0,"comment_status":"closed","ping_status":"closed","template":"","meta":{"content-type":"","footnotes":""},"class_list":["post-1079","page","type-page","status-publish","hentry"],"yoast_head":"<!-- This site is optimized with the Yoast SEO plugin v27.5 - https:\/\/yoast.com\/product\/yoast-seo-wordpress\/ -->\n<title>Meist &#8212; Baltic Intertex &#8212; Vaata, kes me oleme ja kuidas me t\u00f6\u00f6tame.<\/title>\n<meta name=\"description\" content=\"Baltic Intertex pakub moedisaineritele abik\u00e4tt r\u00f5ivaste tooterenduses. Vaata, kes me oleme ja kuidas me t\u00f6\u00f6tame!\" \/>\n<meta name=\"robots\" content=\"index, follow, max-snippet:-1, max-image-preview:large, max-video-preview:-1\" \/>\n<link rel=\"canonical\" href=\"https:\/\/www.balticintertex.ee\/et\/meist\/\" \/>\n<meta property=\"og:locale\" content=\"et_EE\" \/>\n<meta property=\"og:type\" content=\"article\" \/>\n<meta property=\"og:title\" content=\"Meist &#8212; Baltic Intertex &#8212; Vaata, kes me oleme ja kuidas me t\u00f6\u00f6tame.\" \/>\n<meta property=\"og:description\" content=\"Baltic Intertex pakub moedisaineritele abik\u00e4tt r\u00f5ivaste tooterenduses. Vaata, kes me oleme ja kuidas me t\u00f6\u00f6tame!\" \/>\n<meta property=\"og:url\" content=\"https:\/\/www.balticintertex.ee\/et\/meist\/\" \/>\n<meta property=\"og:site_name\" content=\"Baltic Intertex\" \/>\n<meta property=\"article:modified_time\" content=\"2024-12-16T10:22:10+00:00\" \/>\n<meta name=\"twitter:card\" content=\"summary_large_image\" \/>\n<meta name=\"twitter:label1\" content=\"Est. reading time\" \/>\n\t<meta name=\"twitter:data1\" content=\"2 minutit\" \/>\n<script type=\"application\/ld+json\" class=\"yoast-schema-graph\">{\"@context\":\"https:\\\/\\\/schema.org\",\"@graph\":[{\"@type\":\"WebPage\",\"@id\":\"https:\\\/\\\/www.balticintertex.ee\\\/et\\\/meist\\\/\",\"url\":\"https:\\\/\\\/www.balticintertex.ee\\\/et\\\/meist\\\/\",\"name\":\"Meist &#8212; Baltic Intertex &#8212; Vaata, kes me oleme ja kuidas me t\u00f6\u00f6tame.\",\"isPartOf\":{\"@id\":\"https:\\\/\\\/www.balticintertex.ee\\\/et\\\/#website\"},\"datePublished\":\"2021-05-26T09:04:14+00:00\",\"dateModified\":\"2024-12-16T10:22:10+00:00\",\"description\":\"Baltic Intertex pakub moedisaineritele abik\u00e4tt r\u00f5ivaste tooterenduses. Vaata, kes me oleme ja kuidas me t\u00f6\u00f6tame!\",\"breadcrumb\":{\"@id\":\"https:\\\/\\\/www.balticintertex.ee\\\/et\\\/meist\\\/#breadcrumb\"},\"inLanguage\":\"et\",\"potentialAction\":[{\"@type\":\"ReadAction\",\"target\":[\"https:\\\/\\\/www.balticintertex.ee\\\/et\\\/meist\\\/\"]}]},{\"@type\":\"BreadcrumbList\",\"@id\":\"https:\\\/\\\/www.balticintertex.ee\\\/et\\\/meist\\\/#breadcrumb\",\"itemListElement\":[{\"@type\":\"ListItem\",\"position\":1,\"name\":\"Home\",\"item\":\"https:\\\/\\\/www.balticintertex.ee\\\/et\\\/\"},{\"@type\":\"ListItem\",\"position\":2,\"name\":\"Meist\"}]},{\"@type\":\"WebSite\",\"@id\":\"https:\\\/\\\/www.balticintertex.ee\\\/et\\\/#website\",\"url\":\"https:\\\/\\\/www.balticintertex.ee\\\/et\\\/\",\"name\":\"Baltic Intertex\",\"description\":\"Garment product development and production\",\"publisher\":{\"@id\":\"https:\\\/\\\/www.balticintertex.ee\\\/et\\\/#organization\"},\"potentialAction\":[{\"@type\":\"SearchAction\",\"target\":{\"@type\":\"EntryPoint\",\"urlTemplate\":\"https:\\\/\\\/www.balticintertex.ee\\\/et\\\/?s={search_term_string}\"},\"query-input\":{\"@type\":\"PropertyValueSpecification\",\"valueRequired\":true,\"valueName\":\"search_term_string\"}}],\"inLanguage\":\"et\"},{\"@type\":\"Organization\",\"@id\":\"https:\\\/\\\/www.balticintertex.ee\\\/et\\\/#organization\",\"name\":\"Baltic Intertex\",\"url\":\"https:\\\/\\\/www.balticintertex.ee\\\/et\\\/\",\"logo\":{\"@type\":\"ImageObject\",\"inLanguage\":\"et\",\"@id\":\"https:\\\/\\\/www.balticintertex.ee\\\/et\\\/#\\\/schema\\\/logo\\\/image\\\/\",\"url\":\"https:\\\/\\\/www.balticintertex.ee\\\/wp-content\\\/uploads\\\/2021\\\/01\\\/BIT_logo.svg\",\"contentUrl\":\"https:\\\/\\\/www.balticintertex.ee\\\/wp-content\\\/uploads\\\/2021\\\/01\\\/BIT_logo.svg\",\"width\":\"1024\",\"height\":\"1024\",\"caption\":\"Baltic Intertex\"},\"image\":{\"@id\":\"https:\\\/\\\/www.balticintertex.ee\\\/et\\\/#\\\/schema\\\/logo\\\/image\\\/\"}}]}<\/script>\n<!-- \/ Yoast SEO plugin. -->","yoast_head_json":{"title":"Meist &#8212; Baltic Intertex &#8212; Vaata, kes me oleme ja kuidas me t\u00f6\u00f6tame.","description":"Baltic Intertex pakub moedisaineritele abik\u00e4tt r\u00f5ivaste tooterenduses. Vaata, kes me oleme ja kuidas me t\u00f6\u00f6tame!","robots":{"index":"index","follow":"follow","max-snippet":"max-snippet:-1","max-image-preview":"max-image-preview:large","max-video-preview":"max-video-preview:-1"},"canonical":"https:\/\/www.balticintertex.ee\/et\/meist\/","og_locale":"et_EE","og_type":"article","og_title":"Meist &#8212; Baltic Intertex &#8212; Vaata, kes me oleme ja kuidas me t\u00f6\u00f6tame.","og_description":"Baltic Intertex pakub moedisaineritele abik\u00e4tt r\u00f5ivaste tooterenduses. Vaata, kes me oleme ja kuidas me t\u00f6\u00f6tame!","og_url":"https:\/\/www.balticintertex.ee\/et\/meist\/","og_site_name":"Baltic Intertex","article_modified_time":"2024-12-16T10:22:10+00:00","twitter_card":"summary_large_image","twitter_misc":{"Est. reading time":"2 minutit"},"schema":{"@context":"https:\/\/schema.org","@graph":[{"@type":"WebPage","@id":"https:\/\/www.balticintertex.ee\/et\/meist\/","url":"https:\/\/www.balticintertex.ee\/et\/meist\/","name":"Meist &#8212; Baltic Intertex &#8212; Vaata, kes me oleme ja kuidas me t\u00f6\u00f6tame.","isPartOf":{"@id":"https:\/\/www.balticintertex.ee\/et\/#website"},"datePublished":"2021-05-26T09:04:14+00:00","dateModified":"2024-12-16T10:22:10+00:00","description":"Baltic Intertex pakub moedisaineritele abik\u00e4tt r\u00f5ivaste tooterenduses. Vaata, kes me oleme ja kuidas me t\u00f6\u00f6tame!","breadcrumb":{"@id":"https:\/\/www.balticintertex.ee\/et\/meist\/#breadcrumb"},"inLanguage":"et","potentialAction":[{"@type":"ReadAction","target":["https:\/\/www.balticintertex.ee\/et\/meist\/"]}]},{"@type":"BreadcrumbList","@id":"https:\/\/www.balticintertex.ee\/et\/meist\/#breadcrumb","itemListElement":[{"@type":"ListItem","position":1,"name":"Home","item":"https:\/\/www.balticintertex.ee\/et\/"},{"@type":"ListItem","position":2,"name":"Meist"}]},{"@type":"WebSite","@id":"https:\/\/www.balticintertex.ee\/et\/#website","url":"https:\/\/www.balticintertex.ee\/et\/","name":"Baltic Intertex","description":"Garment product development and production","publisher":{"@id":"https:\/\/www.balticintertex.ee\/et\/#organization"},"potentialAction":[{"@type":"SearchAction","target":{"@type":"EntryPoint","urlTemplate":"https:\/\/www.balticintertex.ee\/et\/?s={search_term_string}"},"query-input":{"@type":"PropertyValueSpecification","valueRequired":true,"valueName":"search_term_string"}}],"inLanguage":"et"},{"@type":"Organization","@id":"https:\/\/www.balticintertex.ee\/et\/#organization","name":"Baltic Intertex","url":"https:\/\/www.balticintertex.ee\/et\/","logo":{"@type":"ImageObject","inLanguage":"et","@id":"https:\/\/www.balticintertex.ee\/et\/#\/schema\/logo\/image\/","url":"https:\/\/www.balticintertex.ee\/wp-content\/uploads\/2021\/01\/BIT_logo.svg","contentUrl":"https:\/\/www.balticintertex.ee\/wp-content\/uploads\/2021\/01\/BIT_logo.svg","width":"1024","height":"1024","caption":"Baltic Intertex"},"image":{"@id":"https:\/\/www.balticintertex.ee\/et\/#\/schema\/logo\/image\/"}}]}},"_links":{"self":[{"href":"https:\/\/www.balticintertex.ee\/et\/wp-json\/wp\/v2\/pages\/1079","targetHints":{"allow":["GET"]}}],"collection":[{"href":"https:\/\/www.balticintertex.ee\/et\/wp-json\/wp\/v2\/pages"}],"about":[{"href":"https:\/\/www.balticintertex.ee\/et\/wp-json\/wp\/v2\/types\/page"}],"author":[{"embeddable":true,"href":"https:\/\/www.balticintertex.ee\/et\/wp-json\/wp\/v2\/users\/2"}],"replies":[{"embeddable":true,"href":"https:\/\/www.balticintertex.ee\/et\/wp-json\/wp\/v2\/comments?post=1079"}],"version-history":[{"count":81,"href":"https:\/\/www.balticintertex.ee\/et\/wp-json\/wp\/v2\/pages\/1079\/revisions"}],"predecessor-version":[{"id":2864,"href":"https:\/\/www.balticintertex.ee\/et\/wp-json\/wp\/v2\/pages\/1079\/revisions\/2864"}],"wp:attachment":[{"href":"https:\/\/www.balticintertex.ee\/et\/wp-json\/wp\/v2\/media?parent=1079"}],"curies":[{"name":"wp","href":"https:\/\/api.w.org\/{rel}","templated":true}]}}