{"id":1083,"date":"2021-05-26T12:23:42","date_gmt":"2021-05-26T09:23:42","guid":{"rendered":"https:\/\/www.balticintertex.ee\/kontakt\/"},"modified":"2025-05-17T17:49:51","modified_gmt":"2025-05-17T14:49:51","slug":"kontakt","status":"publish","type":"page","link":"https:\/\/www.balticintertex.ee\/et\/kontakt\/","title":{"rendered":"Kontakt"},"content":{"rendered":"<div class=\"wpb-content-wrapper\">[vc_row thb_full_width=&#8221;true&#8221; thb_row_padding=&#8221;true&#8221; thb_column_padding=&#8221;true&#8221;][vc_column]\t<div class=\"contact_map_parent map_left\" style=\"height:70vh\">\n\t\t<div class=\"contact_map\n\t\t\" data-map-style=\"[\n    {\n        &quot;featureType&quot;: &quot;administrative.land_parcel&quot;,\n        &quot;elementType&quot;: &quot;all&quot;,\n        &quot;stylers&quot;: [\n            {\n                &quot;visibility&quot;: &quot;off&quot;\n            }\n        ]\n    },\n    {\n        &quot;featureType&quot;: &quot;landscape.man_made&quot;,\n        &quot;elementType&quot;: &quot;all&quot;,\n        &quot;stylers&quot;: [\n            {\n                &quot;visibility&quot;: &quot;off&quot;\n            }\n        ]\n    },\n    {\n        &quot;featureType&quot;: &quot;poi&quot;,\n        &quot;elementType&quot;: &quot;labels&quot;,\n        &quot;stylers&quot;: [\n            {\n                &quot;visibility&quot;: &quot;off&quot;\n            }\n        ]\n    },\n    {\n        &quot;featureType&quot;: &quot;road&quot;,\n        &quot;elementType&quot;: &quot;labels&quot;,\n        &quot;stylers&quot;: [\n            {\n                &quot;visibility&quot;: &quot;simplified&quot;\n            },\n            {\n                &quot;lightness&quot;: 20\n            }\n        ]\n    },\n    {\n        &quot;featureType&quot;: &quot;road.highway&quot;,\n        &quot;elementType&quot;: &quot;geometry&quot;,\n        &quot;stylers&quot;: [\n            {\n                &quot;hue&quot;: &quot;#f49935&quot;\n            }\n        ]\n    },\n    {\n        &quot;featureType&quot;: &quot;road.highway&quot;,\n        &quot;elementType&quot;: &quot;labels&quot;,\n        &quot;stylers&quot;: [\n            {\n                &quot;visibility&quot;: &quot;simplified&quot;\n            }\n        ]\n    },\n    {\n        &quot;featureType&quot;: &quot;road.arterial&quot;,\n        &quot;elementType&quot;: &quot;geometry&quot;,\n        &quot;stylers&quot;: [\n            {\n                &quot;hue&quot;: &quot;#fad959&quot;\n            }\n        ]\n    },\n    {\n        &quot;featureType&quot;: &quot;road.arterial&quot;,\n        &quot;elementType&quot;: &quot;labels&quot;,\n        &quot;stylers&quot;: [\n            {\n                &quot;visibility&quot;: &quot;off&quot;\n            }\n        ]\n    },\n    {\n        &quot;featureType&quot;: &quot;road.local&quot;,\n        &quot;elementType&quot;: &quot;geometry&quot;,\n        &quot;stylers&quot;: [\n            {\n                &quot;visibility&quot;: &quot;simplified&quot;\n            }\n        ]\n    },\n    {\n        &quot;featureType&quot;: &quot;road.local&quot;,\n        &quot;elementType&quot;: &quot;labels&quot;,\n        &quot;stylers&quot;: [\n            {\n                &quot;visibility&quot;: &quot;simplified&quot;\n            }\n        ]\n    },\n    {\n        &quot;featureType&quot;: &quot;transit&quot;,\n        &quot;elementType&quot;: &quot;all&quot;,\n        &quot;stylers&quot;: [\n            {\n                &quot;visibility&quot;: &quot;off&quot;\n            }\n        ]\n    },\n    {\n        &quot;featureType&quot;: &quot;water&quot;,\n        &quot;elementType&quot;: &quot;all&quot;,\n        &quot;stylers&quot;: [\n            {\n                &quot;hue&quot;: &quot;#a1cdfc&quot;\n            },\n            {\n                &quot;saturation&quot;: 30\n            },\n            {\n                &quot;lightness&quot;: 49\n            }\n        ]\n    }\n]\" data-map-zoom=\"6\" data-map-type=\"roadmap\" data-pan-control=\"\" data-zoom-control=\"1\" data-maptype-control=\"\" data-scale-control=\"\" data-streetview-control=\"\">\n\t\t\t\t\t\t\t\n\t<input class=\"thb-location\" type=\"hidden\" data-option=\"{&quot;marker_image&quot;:&quot;https:\\\/\\\/www.balticintertex.ee\\\/wp-content\\\/themes\\\/revolution\\\/assets\\\/img\\\/pin.png&quot;,&quot;marker_title&quot;:&quot;Baltic Intertex&quot;,&quot;marker_description&quot;:&quot;Tondi 17&lt;br \\\/&gt;\\n11316 Tallinn&lt;br \\\/&gt;\\nESTONIA&quot;,&quot;marker_size&quot;:[80,108],&quot;retina_marker&quot;:&quot;1&quot;,&quot;latitude&quot;:&quot;59.412260&quot;,&quot;longitude&quot;:&quot;24.735590&quot;}\" \/>\n\n\t\t\t\t\n\t\t<\/div>\n\t\t\t<\/div>\n\t[vc_empty_space mobile_height=&#8221;15px&#8221;][vc_row_inner][vc_column_inner width=&#8221;1\/4&#8243;][vc_column_text css=&#8221;&#8221;]<strong>Hei!<\/strong><\/p>\n<p style=\"font-size: 14px;\">V\u00f5ta meiega \u00fchendust ja loome midagi suurep\u00e4rast!<\/p>\n<p style=\"font-size: 14px;\">Broneeri tasuta 30-minutiline videokohtumine ja arutame, kuidas saame sind toetada.<\/p>\n[\/vc_column_text][vc_single_image image=&#8221;2443&#8243; img_size=&#8221;200&#215;200&#8243;][vc_column_text css=&#8221;&#8221;]<strong>Ulvi Kala<br \/>\n<\/strong>Tegevjuht; juhatuse liige[\/vc_column_text][\/vc_column_inner][vc_column_inner width=&#8221;3\/4&#8243;][vc_raw_html css=&#8221;&#8221; el_id=&#8221;KoalendarENG&#8221;]JTNDJTIxLS0lMjBLb2FsZW5kYXIlMjBJbmxpbmUlMjBFbWJlZCUyMFN0YXJ0JTIwLS0lM0UlMEElM0NkaXYlMjBpZCUzRCUyMmlubGluZS13aWRnZXQtdWx2aWthbGEtMi1lZSUyMiUzRSUzQyUyRmRpdiUzRSUwQSUzQ3NjcmlwdCUzRXdpbmRvdy5Lb2FsZW5kYXIlM0R3aW5kb3cuS29hbGVuZGFyJTdDJTdDZnVuY3Rpb24lMjglMjklN0IlMjhLb2FsZW5kYXIucHJvcHMlM0RLb2FsZW5kYXIucHJvcHMlN0MlN0MlNUIlNUQlMjkucHVzaCUyOGFyZ3VtZW50cyUyOSU3RCUzQiUzQyUyRnNjcmlwdCUzRSUwQSUzQ3NjcmlwdCUyMGFzeW5jJTIwc3JjJTNEJTIyaHR0cHMlM0ElMkYlMkZrb2FsZW5kYXIuY29tJTJGYXNzZXRzJTJGd2lkZ2V0LmpzJTIyJTNFJTNDJTJGc2NyaXB0JTNFJTBBJTNDc2NyaXB0JTNFS29hbGVuZGFyJTI4JTI3aW5saW5lJTI3JTJDJTIwJTdCJTIydXJsJTIyJTNBJTIyaHR0cHMlM0ElMkYlMkZrb2FsZW5kYXIuY29tJTJGZSUyRnVsdmlrYWxhLTItZWUlMjIlMkMlMjJzZWxlY3RvciUyMiUzQSUyMiUyM2lubGluZS13aWRnZXQtdWx2aWthbGEtMi1lZSUyMiU3RCUyOSUzQiUzQyUyRnNjcmlwdCUzRSUwQSUzQyUyMS0tJTIwS29hbGVuZGFyJTIwSW5saW5lJTIwRW1iZWQlMjBFbmQlMjAtLSUzRQ==[\/vc_raw_html][\/vc_column_inner][\/vc_row_inner][\/vc_column][\/vc_row][vc_row el_class=&#8221;align-center&#8221; css=&#8221;.vc_custom_1474474645883{padding-top: 10vh !important;padding-bottom: 10vh !important;}&#8221;][vc_column width=&#8221;1\/4&#8243;][\/vc_column][vc_column width=&#8221;1\/4&#8243; css=&#8221;.vc_custom_1516377398176{padding-right: 20% !important;}&#8221;][vc_column_text css=&#8221;.vc_custom_1686551537310{border-bottom-width: 2px !important;padding-bottom: 30px !important;border-bottom-color: #f4f4f4 !important;border-bottom-style: solid !important;}&#8221;]<strong>Our Location<\/strong><\/p>\n<p style=\"font-size: 14px;\"><strong>Baltic Intertex O\u00dc<\/strong><br \/>\nTondi 17<br \/>\n11316 Tallinn<br \/>\nESTONIA<\/p>\n<p style=\"font-size: 14px;\">Reg. No 10506189<br \/>\nVAT. No EE100453340<br \/>\nEOR No EE10506189[\/vc_column_text][vc_column_text]\n<p style=\"font-size: 14px; margin-bottom: 8px;\"><i class=\"fa fa-envelope\"><\/i> <a href=\"mailto:info@balticintertex.ee\">info@balticintertex.ee<\/a><\/p>\n<p style=\"font-size: 14px; margin-bottom: 8px;\"><i class=\"fa fa-phone\"><\/i> <a href=\"tel:+3725015809\">+372 501 5809<\/a><\/p>\n[\/vc_column_text][\/vc_column][vc_column width=&#8221;1\/2&#8243;]\n<div class=\"wpcf7 no-js\" id=\"wpcf7-f1394-o1\" lang=\"et\" dir=\"ltr\" data-wpcf7-id=\"1394\">\n<div class=\"screen-reader-response\"><p role=\"status\" aria-live=\"polite\" aria-atomic=\"true\"><\/p> <ul><\/ul><\/div>\n<form action=\"\/et\/wp-json\/wp\/v2\/pages\/1083#wpcf7-f1394-o1\" method=\"post\" class=\"wpcf7-form init\" aria-label=\"Contact form\" novalidate=\"novalidate\" data-status=\"init\">\n<fieldset class=\"hidden-fields-container\"><input type=\"hidden\" name=\"_wpcf7\" value=\"1394\" \/><input type=\"hidden\" name=\"_wpcf7_version\" value=\"6.1.5\" \/><input type=\"hidden\" name=\"_wpcf7_locale\" value=\"et\" \/><input type=\"hidden\" name=\"_wpcf7_unit_tag\" value=\"wpcf7-f1394-o1\" \/><input type=\"hidden\" name=\"_wpcf7_container_post\" value=\"0\" \/><input type=\"hidden\" name=\"_wpcf7_posted_data_hash\" value=\"\" \/><input type=\"hidden\" name=\"_wpcf7_recaptcha_response\" value=\"\" \/>\n<\/fieldset>\n<div class=\"row\">\n\t<div class=\"small-12 large-6 columns\">\n\t\t<p><label>E-mail<\/label><span class=\"wpcf7-form-control-wrap\" data-name=\"your-email\"><input size=\"40\" maxlength=\"400\" class=\"wpcf7-form-control wpcf7-text wpcf7-validates-as-required full\" aria-required=\"true\" aria-invalid=\"false\" value=\"\" type=\"text\" name=\"your-email\" \/><\/span>\n\t\t<\/p>\n\t<\/div>\n\t<div class=\"small-12 columns\">\n\t\t<p><label>S\u00f5num<\/label><span class=\"wpcf7-form-control-wrap\" data-name=\"your-message\"><textarea cols=\"40\" rows=\"10\" maxlength=\"2000\" class=\"wpcf7-form-control wpcf7-textarea wpcf7-validates-as-required full\" aria-required=\"true\" aria-invalid=\"false\" name=\"your-message\"><\/textarea><\/span>\n\t\t<\/p>\n\t<\/div>\n\t<div class=\"small-12 large-6 columns\">\n\t\t<p><span class=\"wpcf7-form-control-wrap\" data-name=\"upload-file-610\"><input size=\"40\" class=\"wpcf7-form-control wpcf7-drag-n-drop-file d-none\" aria-invalid=\"false\" type=\"file\" multiple=\"multiple\" data-name=\"upload-file-610\" data-id=\"1394\" data-version=\"free version 1.3.9.5\" accept=\".\" \/><\/span>\n\t\t<\/p>\n\t<\/div>\n<\/div>\n<div class=\"row\">\n\t<div class=\"small-12 columns\">\n\t\t<p><input class=\"wpcf7-form-control wpcf7-submit has-spinner btn\" type=\"submit\" value=\"Saada\" \/>\n\t\t<\/p>\n\t<\/div>\n<\/div><div class=\"wpcf7-response-output\" aria-hidden=\"true\"><\/div>\n<\/form>\n<\/div>\n[\/vc_column][\/vc_row]\n<\/div>","protected":false},"excerpt":{"rendered":"[vc_row thb_full_width=&#8221;true&#8221; thb_row_padding=&#8221;true&#8221; thb_column_padding=&#8221;true&#8221;][vc_column][vc_empty_space mobile_height=&#8221;15px&#8221;][vc_row_inner][vc_column_inner width=&#8221;1\/4&#8243;][vc_column_text css=&#8221;&#8221;]Hei! V\u00f5ta meiega \u00fchendust ja loome midagi suurep\u00e4rast! Broneeri tasuta 30-minutiline videokohtumine ja arutame, kuidas saame sind toetada. [\/vc_column_text][vc_single_image image=&#8221;2443&#8243; img_size=&#8221;200&#215;200&#8243;][vc_column_text css=&#8221;&#8221;]Ulvi Kala Tegevjuht; juhatuse liige[\/vc_column_text][\/vc_column_inner][vc_column_inner width=&#8221;3\/4&#8243;][vc_raw_html css=&#8221;&#8221; el_id=&#8221;KoalendarENG&#8221;]JTNDJTIxLS0lMjBLb2FsZW5kYXIlMjBJbmxpbmUlMjBFbWJlZCUyMFN0YXJ0JTIwLS0lM0UlMEElM0NkaXYlMjBpZCUzRCUyMmlubGluZS13aWRnZXQtdWx2aWthbGEtMi1lZSUyMiUzRSUzQyUyRmRpdiUzRSUwQSUzQ3NjcmlwdCUzRXdpbmRvdy5Lb2FsZW5kYXIlM0R3aW5kb3cuS29hbGVuZGFyJTdDJTdDZnVuY3Rpb24lMjglMjklN0IlMjhLb2FsZW5kYXIucHJvcHMlM0RLb2FsZW5kYXIucHJvcHMlN0MlN0MlNUIlNUQlMjkucHVzaCUyOGFyZ3VtZW50cyUyOSU3RCUzQiUzQyUyRnNjcmlwdCUzRSUwQSUzQ3NjcmlwdCUyMGFzeW5jJTIwc3JjJTNEJTIyaHR0cHMlM0ElMkYlMkZrb2FsZW5kYXIuY29tJTJGYXNzZXRzJTJGd2lkZ2V0LmpzJTIyJTNFJTNDJTJGc2NyaXB0JTNFJTBBJTNDc2NyaXB0JTNFS29hbGVuZGFyJTI4JTI3aW5saW5lJTI3JTJDJTIwJTdCJTIydXJsJTIyJTNBJTIyaHR0cHMlM0ElMkYlMkZrb2FsZW5kYXIuY29tJTJGZSUyRnVsdmlrYWxhLTItZWUlMjIlMkMlMjJzZWxlY3RvciUyMiUzQSUyMiUyM2lubGluZS13aWRnZXQtdWx2aWthbGEtMi1lZSUyMiU3RCUyOSUzQiUzQyUyRnNjcmlwdCUzRSUwQSUzQyUyMS0tJTIwS29hbGVuZGFyJTIwSW5saW5lJTIwRW1iZWQlMjBFbmQlMjAtLSUzRQ==[\/vc_raw_html][\/vc_column_inner][\/vc_row_inner][\/vc_column][\/vc_row][vc_row el_class=&#8221;align-center&#8221; css=&#8221;.vc_custom_1474474645883{padding-top: 10vh !important;padding-bottom: 10vh !important;}&#8221;][vc_column width=&#8221;1\/4&#8243;][\/vc_column][vc_column width=&#8221;1\/4&#8243; css=&#8221;.vc_custom_1516377398176{padding-right: 20% !important;}&#8221;][vc_column_text css=&#8221;.vc_custom_1686551537310{border-bottom-width: 2px !important;padding-bottom: 30px !important;border-bottom-color: #f4f4f4 !important;border-bottom-style: solid !important;}&#8221;]Our&hellip;","protected":false},"author":2,"featured_media":0,"parent":0,"menu_order":0,"comment_status":"closed","ping_status":"closed","template":"","meta":{"content-type":"","footnotes":""},"class_list":["post-1083","page","type-page","status-publish","hentry"],"yoast_head":"<!-- This site is optimized with the Yoast SEO plugin v27.3 - https:\/\/yoast.com\/product\/yoast-seo-wordpress\/ -->\n<title>Kontakt &#8212; Baltic Intertex &#8212; T\u00e4isteenus moedisaineritele<\/title>\n<meta name=\"description\" content=\"V\u00f5ta meiega \u00fchendust. Aitame moedisainereid tootearenduse ja t\u00e4isteenusega. Oleme avatud su k\u00fcsimustele vastama. V\u00f5ta julgesti \u00fchendust!\" \/>\n<meta name=\"robots\" content=\"index, follow, max-snippet:-1, max-image-preview:large, max-video-preview:-1\" \/>\n<link rel=\"canonical\" href=\"https:\/\/www.balticintertex.ee\/et\/kontakt\/\" \/>\n<meta property=\"og:locale\" content=\"et_EE\" \/>\n<meta property=\"og:type\" content=\"article\" \/>\n<meta property=\"og:title\" content=\"Kontakt &#8212; Baltic Intertex &#8212; T\u00e4isteenus moedisaineritele\" \/>\n<meta property=\"og:description\" content=\"V\u00f5ta meiega \u00fchendust. Aitame moedisainereid tootearenduse ja t\u00e4isteenusega. Oleme avatud su k\u00fcsimustele vastama. V\u00f5ta julgesti \u00fchendust!\" \/>\n<meta property=\"og:url\" content=\"https:\/\/www.balticintertex.ee\/et\/kontakt\/\" \/>\n<meta property=\"og:site_name\" content=\"Baltic Intertex\" \/>\n<meta property=\"article:modified_time\" content=\"2025-05-17T14:49:51+00:00\" \/>\n<meta name=\"twitter:card\" content=\"summary_large_image\" \/>\n<meta name=\"twitter:label1\" content=\"Est. reading time\" \/>\n\t<meta name=\"twitter:data1\" content=\"2 minutit\" \/>\n<script type=\"application\/ld+json\" class=\"yoast-schema-graph\">{\"@context\":\"https:\\\/\\\/schema.org\",\"@graph\":[{\"@type\":\"WebPage\",\"@id\":\"https:\\\/\\\/www.balticintertex.ee\\\/et\\\/kontakt\\\/\",\"url\":\"https:\\\/\\\/www.balticintertex.ee\\\/et\\\/kontakt\\\/\",\"name\":\"Kontakt &#8212; Baltic Intertex &#8212; T\u00e4isteenus moedisaineritele\",\"isPartOf\":{\"@id\":\"https:\\\/\\\/www.balticintertex.ee\\\/et\\\/#website\"},\"datePublished\":\"2021-05-26T09:23:42+00:00\",\"dateModified\":\"2025-05-17T14:49:51+00:00\",\"description\":\"V\u00f5ta meiega \u00fchendust. Aitame moedisainereid tootearenduse ja t\u00e4isteenusega. Oleme avatud su k\u00fcsimustele vastama. V\u00f5ta julgesti \u00fchendust!\",\"breadcrumb\":{\"@id\":\"https:\\\/\\\/www.balticintertex.ee\\\/et\\\/kontakt\\\/#breadcrumb\"},\"inLanguage\":\"et\",\"potentialAction\":[{\"@type\":\"ReadAction\",\"target\":[\"https:\\\/\\\/www.balticintertex.ee\\\/et\\\/kontakt\\\/\"]}]},{\"@type\":\"BreadcrumbList\",\"@id\":\"https:\\\/\\\/www.balticintertex.ee\\\/et\\\/kontakt\\\/#breadcrumb\",\"itemListElement\":[{\"@type\":\"ListItem\",\"position\":1,\"name\":\"Home\",\"item\":\"https:\\\/\\\/www.balticintertex.ee\\\/et\\\/\"},{\"@type\":\"ListItem\",\"position\":2,\"name\":\"Kontakt\"}]},{\"@type\":\"WebSite\",\"@id\":\"https:\\\/\\\/www.balticintertex.ee\\\/et\\\/#website\",\"url\":\"https:\\\/\\\/www.balticintertex.ee\\\/et\\\/\",\"name\":\"Baltic Intertex\",\"description\":\"Garment product development and production\",\"publisher\":{\"@id\":\"https:\\\/\\\/www.balticintertex.ee\\\/et\\\/#organization\"},\"potentialAction\":[{\"@type\":\"SearchAction\",\"target\":{\"@type\":\"EntryPoint\",\"urlTemplate\":\"https:\\\/\\\/www.balticintertex.ee\\\/et\\\/?s={search_term_string}\"},\"query-input\":{\"@type\":\"PropertyValueSpecification\",\"valueRequired\":true,\"valueName\":\"search_term_string\"}}],\"inLanguage\":\"et\"},{\"@type\":\"Organization\",\"@id\":\"https:\\\/\\\/www.balticintertex.ee\\\/et\\\/#organization\",\"name\":\"Baltic Intertex\",\"url\":\"https:\\\/\\\/www.balticintertex.ee\\\/et\\\/\",\"logo\":{\"@type\":\"ImageObject\",\"inLanguage\":\"et\",\"@id\":\"https:\\\/\\\/www.balticintertex.ee\\\/et\\\/#\\\/schema\\\/logo\\\/image\\\/\",\"url\":\"https:\\\/\\\/www.balticintertex.ee\\\/wp-content\\\/uploads\\\/2021\\\/01\\\/BIT_logo.svg\",\"contentUrl\":\"https:\\\/\\\/www.balticintertex.ee\\\/wp-content\\\/uploads\\\/2021\\\/01\\\/BIT_logo.svg\",\"width\":\"1024\",\"height\":\"1024\",\"caption\":\"Baltic Intertex\"},\"image\":{\"@id\":\"https:\\\/\\\/www.balticintertex.ee\\\/et\\\/#\\\/schema\\\/logo\\\/image\\\/\"}}]}<\/script>\n<!-- \/ Yoast SEO plugin. -->","yoast_head_json":{"title":"Kontakt &#8212; Baltic Intertex &#8212; T\u00e4isteenus moedisaineritele","description":"V\u00f5ta meiega \u00fchendust. Aitame moedisainereid tootearenduse ja t\u00e4isteenusega. Oleme avatud su k\u00fcsimustele vastama. V\u00f5ta julgesti \u00fchendust!","robots":{"index":"index","follow":"follow","max-snippet":"max-snippet:-1","max-image-preview":"max-image-preview:large","max-video-preview":"max-video-preview:-1"},"canonical":"https:\/\/www.balticintertex.ee\/et\/kontakt\/","og_locale":"et_EE","og_type":"article","og_title":"Kontakt &#8212; Baltic Intertex &#8212; T\u00e4isteenus moedisaineritele","og_description":"V\u00f5ta meiega \u00fchendust. Aitame moedisainereid tootearenduse ja t\u00e4isteenusega. Oleme avatud su k\u00fcsimustele vastama. V\u00f5ta julgesti \u00fchendust!","og_url":"https:\/\/www.balticintertex.ee\/et\/kontakt\/","og_site_name":"Baltic Intertex","article_modified_time":"2025-05-17T14:49:51+00:00","twitter_card":"summary_large_image","twitter_misc":{"Est. reading time":"2 minutit"},"schema":{"@context":"https:\/\/schema.org","@graph":[{"@type":"WebPage","@id":"https:\/\/www.balticintertex.ee\/et\/kontakt\/","url":"https:\/\/www.balticintertex.ee\/et\/kontakt\/","name":"Kontakt &#8212; Baltic Intertex &#8212; T\u00e4isteenus moedisaineritele","isPartOf":{"@id":"https:\/\/www.balticintertex.ee\/et\/#website"},"datePublished":"2021-05-26T09:23:42+00:00","dateModified":"2025-05-17T14:49:51+00:00","description":"V\u00f5ta meiega \u00fchendust. Aitame moedisainereid tootearenduse ja t\u00e4isteenusega. Oleme avatud su k\u00fcsimustele vastama. V\u00f5ta julgesti \u00fchendust!","breadcrumb":{"@id":"https:\/\/www.balticintertex.ee\/et\/kontakt\/#breadcrumb"},"inLanguage":"et","potentialAction":[{"@type":"ReadAction","target":["https:\/\/www.balticintertex.ee\/et\/kontakt\/"]}]},{"@type":"BreadcrumbList","@id":"https:\/\/www.balticintertex.ee\/et\/kontakt\/#breadcrumb","itemListElement":[{"@type":"ListItem","position":1,"name":"Home","item":"https:\/\/www.balticintertex.ee\/et\/"},{"@type":"ListItem","position":2,"name":"Kontakt"}]},{"@type":"WebSite","@id":"https:\/\/www.balticintertex.ee\/et\/#website","url":"https:\/\/www.balticintertex.ee\/et\/","name":"Baltic Intertex","description":"Garment product development and production","publisher":{"@id":"https:\/\/www.balticintertex.ee\/et\/#organization"},"potentialAction":[{"@type":"SearchAction","target":{"@type":"EntryPoint","urlTemplate":"https:\/\/www.balticintertex.ee\/et\/?s={search_term_string}"},"query-input":{"@type":"PropertyValueSpecification","valueRequired":true,"valueName":"search_term_string"}}],"inLanguage":"et"},{"@type":"Organization","@id":"https:\/\/www.balticintertex.ee\/et\/#organization","name":"Baltic Intertex","url":"https:\/\/www.balticintertex.ee\/et\/","logo":{"@type":"ImageObject","inLanguage":"et","@id":"https:\/\/www.balticintertex.ee\/et\/#\/schema\/logo\/image\/","url":"https:\/\/www.balticintertex.ee\/wp-content\/uploads\/2021\/01\/BIT_logo.svg","contentUrl":"https:\/\/www.balticintertex.ee\/wp-content\/uploads\/2021\/01\/BIT_logo.svg","width":"1024","height":"1024","caption":"Baltic Intertex"},"image":{"@id":"https:\/\/www.balticintertex.ee\/et\/#\/schema\/logo\/image\/"}}]}},"_links":{"self":[{"href":"https:\/\/www.balticintertex.ee\/et\/wp-json\/wp\/v2\/pages\/1083","targetHints":{"allow":["GET"]}}],"collection":[{"href":"https:\/\/www.balticintertex.ee\/et\/wp-json\/wp\/v2\/pages"}],"about":[{"href":"https:\/\/www.balticintertex.ee\/et\/wp-json\/wp\/v2\/types\/page"}],"author":[{"embeddable":true,"href":"https:\/\/www.balticintertex.ee\/et\/wp-json\/wp\/v2\/users\/2"}],"replies":[{"embeddable":true,"href":"https:\/\/www.balticintertex.ee\/et\/wp-json\/wp\/v2\/comments?post=1083"}],"version-history":[{"count":42,"href":"https:\/\/www.balticintertex.ee\/et\/wp-json\/wp\/v2\/pages\/1083\/revisions"}],"predecessor-version":[{"id":2994,"href":"https:\/\/www.balticintertex.ee\/et\/wp-json\/wp\/v2\/pages\/1083\/revisions\/2994"}],"wp:attachment":[{"href":"https:\/\/www.balticintertex.ee\/et\/wp-json\/wp\/v2\/media?parent=1083"}],"curies":[{"name":"wp","href":"https:\/\/api.w.org\/{rel}","templated":true}]}}