{"id":1145,"date":"2021-05-26T15:23:07","date_gmt":"2021-05-26T12:23:07","guid":{"rendered":"https:\/\/www.balticintertex.ee\/help-faq\/"},"modified":"2022-10-13T09:10:05","modified_gmt":"2022-10-13T06:10:05","slug":"kkk","status":"publish","type":"page","link":"https:\/\/www.balticintertex.ee\/et\/kkk\/","title":{"rendered":"KKK"},"content":{"rendered":"<div class=\"wpb-content-wrapper\">[vc_row thb_full_width=&#8221;true&#8221; thb_row_padding=&#8221;true&#8221; thb_column_padding=&#8221;true&#8221; content_placement=&#8221;middle&#8221; css=&#8221;.vc_custom_1633610381496{margin-bottom: 30px !important;padding-top: 20vh !important;padding-bottom: 8vh !important;background-color: #ededed !important;}&#8221; el_class=&#8221;align-center&#8221;][vc_column el_class=&#8221;text-center&#8221; offset=&#8221;vc_col-lg-7&#8243;][vc_column_text]\r\n<h1>KKK<\/h1>\r\n[\/vc_column_text][vc_column_text]\r\n<h5>Siit leiad moedisainerite korduma kippuvad \u00fcsimused, kui alustatakse protot\u00fc\u00fcpide loomise, v\u00e4ike- v\u00f5i masstootmisega.<\/h5>\r\n[\/vc_column_text][\/vc_column][\/vc_row][vc_row el_class=&#8221;align-center&#8221; css=&#8221;.vc_custom_1617647196811{margin-top: 8vh !important;}&#8221;][vc_column width=&#8221;1\/4&#8243;][vc_empty_space mobile_height=&#8221;24px&#8221; height=&#8221;16px&#8221;][vc_column_text]\r\n<h5>Kui sul on k\u00fcsimusi alustava disainerina, siis leiad vajalikke vastuseid siit<\/h5>\r\n[\/vc_column_text][\/vc_column][vc_column width=&#8221;3\/4&#8243; offset=&#8221;vc_col-lg-7&#8243;]\t<div id=\"thb-accordion-69f418f4b659b\" class=\"thb-accordion style3 has-accordion\" data-scroll=\"true\" data-index=\"0\">\n\t\t[vc_tta_section title=&#8221;Kas te teete koost\u00f6\u00f6d ka t\u00e4iesti algajate disaineritega?&#8221; tab_id=&#8221;1613168094132-bac1033a-f9c4&#8243;][vc_column_text]V\u00f5ta meiega julgesti <a href=\"https:\/\/www.balticintertex.ee\/et\/kontakt\/\">\u00fchendust<\/a>! Me toetame sind oma teadmiste ja teiste disainerile oluliste tugiteenustega[\/vc_column_text][\/vc_tta_section][vc_tta_section title=&#8221;Ma ei oska joonistada, kuid toote idee on olemas?&#8221; tab_id=&#8221;1613168094147-ac797c08-0c73&#8243;][vc_column_text]Kirjelda oma soovi v\u00f5i saada foto, \u00fclej\u00e4\u00e4nud on juba meie teostada[\/vc_column_text][\/vc_tta_section][vc_tta_section title=&#8221;Mul puudub r\u00f5ivaste valkonna tehnoloogiline taust&#8221; tab_id=&#8221;1613168094166-52bdfab0-2fd4&#8243;][vc_column_text]Tehnoloogia v\u00e4ljat\u00f6\u00f6tamine ning erinevate \u00f5mbluss\u00f5lmede l\u00e4bim\u00f5tlemises aitame sind meie[\/vc_column_text][\/vc_tta_section][vc_tta_section title=&#8221;Ma vajan abi toote hinnastamisel&#8221; tab_id=&#8221;1613168094188-406a4abf-31b6&#8243;][vc_column_text]Koos n\u00e4idise valmimisega anname ka mudelile tootmishinna koos vajalike materjalide ja tarvikutega[\/vc_column_text][\/vc_tta_section]\t<\/div>\n\t[\/vc_column][\/vc_row][vc_row el_class=&#8221;align-center&#8221;][vc_column offset=&#8221;vc_col-lg-11&#8243;][vc_separator color=&#8221;custom&#8221; accent_color=&#8221;#ededed&#8221; css=&#8221;.vc_custom_1617627980290{margin-top: 6vh !important;margin-bottom: 6vh !important;}&#8221;][\/vc_column][\/vc_row][vc_row el_class=&#8221;align-center&#8221;][vc_column width=&#8221;1\/4&#8243;][vc_empty_space mobile_height=&#8221;24px&#8221; height=&#8221;16px&#8221;][vc_column_text]\r\n<h5>Ettev\u00f5tlusalase tugiteenuse kohta loe siit<\/h5>\r\n[\/vc_column_text][\/vc_column][vc_column width=&#8221;3\/4&#8243; offset=&#8221;vc_col-lg-7&#8243;]\t<div id=\"thb-accordion-69f418f4b65c7\" class=\"thb-accordion style3 has-accordion\" data-scroll=\"true\" data-index=\"10\">\n\t\t[vc_tta_section title=&#8221;Vajan abi ettev\u00f5tte \u00e4rimudeli valideerimisel&#8221; tab_id=&#8221;1617627756439-24971557-85b6&#8243;][vc_column_text]Anname k\u00f5rvaltvaataja pilgu \u00e4rimudelile, mis baseerub Osterwalderi \u00e4rimudeli l\u00f5uendil. Lisaks osutame mentorlust ning coachingu teenust. N\u00f5ustaja omab ACSTH\u00a0 Coachi sertifikaati[\/vc_column_text][\/vc_tta_section]\t<\/div>\n\t[\/vc_column][\/vc_row][vc_row el_class=&#8221;align-center&#8221;][vc_column offset=&#8221;vc_col-lg-11&#8243;][vc_separator color=&#8221;custom&#8221; accent_color=&#8221;#ededed&#8221; css=&#8221;.vc_custom_1617627980290{margin-top: 6vh !important;margin-bottom: 6vh !important;}&#8221;][\/vc_column][\/vc_row][vc_row el_class=&#8221;align-center&#8221;][vc_column width=&#8221;1\/4&#8243;][vc_empty_space mobile_height=&#8221;24px&#8221; height=&#8221;16px&#8221;][vc_column_text]\r\n<h5>Lisateave n\u00e4idiseid puudutavate k\u00fcsimuste kohta<\/h5>\r\n[\/vc_column_text][\/vc_column][vc_column width=&#8221;3\/4&#8243; offset=&#8221;vc_col-lg-7&#8243;]\t<div id=\"thb-accordion-69f418f4b65de\" class=\"thb-accordion style3 has-accordion\" data-scroll=\"true\" data-index=\"10\">\n\t\t[vc_tta_section title=&#8221;Kuidas arvestada tootele kanga kulunormi&#8221; tab_id=&#8221;1617628194660-1eb2525f-f9c9&#8243;][vc_column_text]Meie spetsialistid annavad peale n\u00e4idise tegemist tootmiseks vajaliku kulunormi[\/vc_column_text][\/vc_tta_section][vc_tta_section title=&#8221;Ma ei oska koostada suurustega seonduvat m\u00f5\u00f5duskaalat&#8221; tab_id=&#8221;1617628243802-9f502f82-14ca&#8221;][vc_column_text]Me kasutame erinevaid rahvusvahelisi suurusteskaalasid, millest valime sinu toote jaoks sobivaima[\/vc_column_text][\/vc_tta_section][vc_tta_section title=&#8221;Miks on vaja protot\u00fc\u00fcpi?&#8221; tab_id=&#8221;1617628291931-5ebbd80c-d2a7&#8243;][vc_column_text]Protot\u00fc\u00fcbi faasis paneme me paika toote istuvuse ning saame teha vajalikud mudeli muudatused enne l\u00f5pliku mudeli \u00f5mblemist[\/vc_column_text][\/vc_tta_section][vc_tta_section title=&#8221;Lasin teha protot\u00fc\u00fcbi, mis \u00f5nnestus v\u00e4ga h\u00e4sti, kuid n\u00e4idiskangast mudel ei vasta minu ootustele&#8221; tab_id=&#8221;1617628905969-d2d55af1-19b6&#8243;][vc_column_text]Protot\u00fc\u00fcbiga alustamiseks jaoks on meil vaja n\u00e4idiskanga t\u00fckki, mille j\u00e4rgi saame hinnata kanga erip\u00e4rasid ning v\u00e4ga keerukate mudelite puhul v\u00f5ib olla vaja teha mitu n\u00e4idist.[\/vc_column_text][\/vc_tta_section][vc_tta_section title=&#8221;Kui kaua v\u00f5tab aega joonisest n\u00e4idise valmimiseni?&#8221; tab_id=&#8221;1617628953552-48ff5dbd-8e8f&#8221;][vc_column_text]Joonise saamisel anname umbkaudse n\u00e4idise valmimise aja[\/vc_column_text][\/vc_tta_section]\t<\/div>\n\t[\/vc_column][\/vc_row][vc_row el_class=&#8221;align-center&#8221;][vc_column offset=&#8221;vc_col-lg-11&#8243;][vc_separator color=&#8221;custom&#8221; accent_color=&#8221;#ededed&#8221; css=&#8221;.vc_custom_1617627980290{margin-top: 6vh !important;margin-bottom: 6vh !important;}&#8221;][\/vc_column][\/vc_row][vc_row el_class=&#8221;align-center&#8221;][vc_column width=&#8221;1\/4&#8243;][vc_empty_space mobile_height=&#8221;24px&#8221; height=&#8221;16px&#8221;][vc_column_text]\r\n<h5>Tegutseva disaineria leiad vastuseid siit<\/h5>\r\n[\/vc_column_text][\/vc_column][vc_column width=&#8221;3\/4&#8243; offset=&#8221;vc_col-lg-7&#8243;]\t<div id=\"thb-accordion-69f418f4b65f6\" class=\"thb-accordion style3 has-accordion\" data-scroll=\"true\" data-index=\"10\">\n\t\t[vc_tta_section title=&#8221;Kas ma pean kokku panema mudeli jaoks detailse tehnoloogilise kirjelduse?&#8221; tab_id=&#8221;1617629013631-11c495e9-d5d3&#8243;][vc_column_text]Vajame n\u00e4idiskanga t\u00fckki, mudeli pilti\/fotot ning strateegilisi m\u00f5\u00f5te. V\u00f5imalusel joonistada mudel keha figuuri peale, kust on n\u00e4ha toote \u00fcldised parameetrid[\/vc_column_text][\/vc_tta_section][vc_tta_section title=&#8221;Milliseid m\u00f5\u00f5te on vaja n\u00e4idise tegemiseks?&#8221; tab_id=&#8221;1617629013675-192a5ec9-289f&#8221;][vc_column_text]Vajame mudeli strateegilisi m\u00f5\u00f5te \u2013 n\u00e4iteks toote \u00fcldpikkust, all\u00e4\u00e4re laiust jne, mitte t\u00e4iuslikku m\u00f5\u00f5dutabelit[\/vc_column_text][\/vc_tta_section][vc_tta_section title=&#8221;Vajan veebipoe jaoks toodetele m\u00f5\u00f5duskaalasid&#8221; tab_id=&#8221;1617629013725-c34c571c-fe4f&#8221;][vc_column_text]Koos mudelite l\u00f5igete suurenduste ja v\u00e4hendustega koostame ka suuruste m\u00f5\u00f5duskaalad, mida saab veebipoes kasutada[\/vc_column_text][\/vc_tta_section][vc_tta_section title=&#8221;Kas te pakute tootmisteenustena l\u00f5ika ja \u00f5mble teenust v\u00f5i CMT tootmist?&#8221; tab_id=&#8221;1617629013765-1d720897-d84c&#8221;][vc_column_text]Lihtsalt &#8220;l\u00f5ika ja \u00f5mble&#8221; teenus ei ole meie peamine teenuse valdkond. Me pakume CMT \u00f5mblusteenust, kuid lisaks laia valikut disanerile olulisi tugiteenuseid[\/vc_column_text][\/vc_tta_section][vc_tta_section title=&#8221;Kas te teete koost\u00f6\u00f6d k\u00f5rgmoeloojatega?&#8221; tab_id=&#8221;1617629013810-3b2d7617-28ec&#8221;][vc_column_text]K\u00f5ik tipptasemel moloojad on meie juurde lahkesti oodatud! Meie eesm\u00e4rk on pakkuda k\u00f5rgmoe jaoks olulist k\u00f5rget kvaliteeti[\/vc_column_text][\/vc_tta_section][vc_tta_section title=&#8221;Kas Baltic Intertex pakub tootmisteenuste t\u00e4ispaketti (FFP)?&#8221; tab_id=&#8221;1617629317293-9c3b2cc1-a7da&#8221;][vc_column_text]Jah, te olete \u00f5iges kohas![\/vc_column_text][\/vc_tta_section]\t<\/div>\n\t[\/vc_column][\/vc_row][vc_row el_class=&#8221;align-center&#8221;][vc_column offset=&#8221;vc_col-lg-11&#8243;][vc_separator color=&#8221;custom&#8221; accent_color=&#8221;#ededed&#8221; css=&#8221;.vc_custom_1617627980290{margin-top: 6vh !important;margin-bottom: 6vh !important;}&#8221;][\/vc_column][\/vc_row][vc_row el_class=&#8221;align-center&#8221;][vc_column width=&#8221;1\/4&#8243;][vc_empty_space mobile_height=&#8221;24px&#8221; height=&#8221;16px&#8221;][vc_column_text]\r\n<h5>Tootmise organiseerimine<\/h5>\r\n[\/vc_column_text][\/vc_column][vc_column width=&#8221;3\/4&#8243; offset=&#8221;vc_col-lg-7&#8243;]\t<div id=\"thb-accordion-69f418f4b6609\" class=\"thb-accordion style3 has-accordion\" data-scroll=\"true\" data-index=\"10\">\n\t\t[vc_tta_section title=&#8221;Milline on mudeli miinimum tootmiskogus?&#8221; tab_id=&#8221;1617629646457-d95aa0a8-c76b&#8221;][vc_column_text]Miinimumkogus tootmiseks on 50 t\u00fckki mudelist. Erandkorras teeme ka v\u00e4iksemaid tellimusi, kuid rakendame neile lisakoefitsiente[\/vc_column_text][\/vc_tta_section][vc_tta_section title=&#8221;Kuidas planeerida tootmise ajagraafikut?&#8221; tab_id=&#8221;1617629646495-979ea8d0-5315&#8243;][vc_column_text]Anna meile teada oma soovitav toodangu k\u00e4ttesaamise aeg ning me koostame sulle vajaliku ajagraafiku[\/vc_column_text][\/vc_tta_section][vc_tta_section title=&#8221;Kes mind aitab tarvikute leidmisel?&#8221; tab_id=&#8221;1617629646533-e7aca3cb-4242&#8243;][vc_column_text]Pakume klientidele erinevaid teenuspakette nii tarvikute kui materjalide ostuks.\u00a0 Meil on erinevad koost\u00f6\u00f6partnerid, kelle valikust katsume leida sobiliku[\/vc_column_text][\/vc_tta_section][vc_tta_section title=&#8221;Kui pikk on tootmists\u00fckkel?&#8221; tab_id=&#8221;1617629646567-ce0c2521-031a&#8221;][vc_column_text]Tootmiseks on vaja broneerida tootmismaht ning aeg kulub tellimuse sisse andmise ettevalmistuseks (l\u00f5iked, \u00f5mblus, kontrollimine jne)[\/vc_column_text][\/vc_tta_section]\t<\/div>\n\t[\/vc_column][\/vc_row][vc_row el_class=&#8221;align-center&#8221;][vc_column offset=&#8221;vc_col-lg-11&#8243;][vc_row_inner][\/vc_row_inner][vc_separator color=&#8221;custom&#8221; accent_color=&#8221;#ededed&#8221; css=&#8221;.vc_custom_1617627980290{margin-top: 6vh !important;margin-bottom: 6vh !important;}&#8221;][\/vc_column][\/vc_row][vc_row el_class=&#8221;align-center&#8221; css=&#8221;.vc_custom_1617630971523{margin-bottom: 90px !important;}&#8221;][vc_column width=&#8221;1\/4&#8243;][vc_empty_space mobile_height=&#8221;24px&#8221; height=&#8221;16px&#8221;][vc_column_text]\r\n<h5>L\u00f5igete ja modelleerimisega seonduvatele k\u00fcsimustele leiad vastused siit<\/h5>\r\n[\/vc_column_text][\/vc_column][vc_column width=&#8221;3\/4&#8243; offset=&#8221;vc_col-lg-7&#8243;]\t<div id=\"thb-accordion-69f418f4b661d\" class=\"thb-accordion style3 has-accordion\" data-scroll=\"true\" data-index=\"10\">\n\t\t[vc_tta_section title=&#8221;Mul on ainult paberl\u00f5iked ja need ei ole t\u00e4psed.&#8221; tab_id=&#8221;1617630642092-354966ac-7b57&#8243;][vc_column_text]K\u00f5ik paberl\u00f5iked digiteeritakse, korrastatakse ning modelleeritakse vajalikud lisadetailid[\/vc_column_text][\/vc_tta_section][vc_tta_section title=&#8221;Mul on korrektsed paberl\u00f5iked. Miks te digiteerite minu paberl\u00f5iked, kui nende j\u00e4rgi saab ka n\u00e4idise valmis teha?&#8221; tab_id=&#8221;1617630642131-5815116b-fe77&#8243;][vc_column_text]Me t\u00f6\u00f6tame ainult digitaalsete l\u00f5igetega, kuna see tagab toote kvaliteedi jaoks vajaliku t\u00e4psuse\u00a0 ning nii saame j\u00e4lgida ka mudeli ajalugu[\/vc_column_text][\/vc_tta_section][vc_tta_section title=&#8221;Miks te prindite kordustellimuse puhul alati uued l\u00f5iked, mitte ei kasuta eelmise tellimuse l\u00f5ikeid?&#8221; tab_id=&#8221;1617630642172-3099ca91-10af&#8221;][vc_column_text]L\u00f5igetel on tootmise jaoks vajalik informatsioon, mis l\u00e4heb tootmisesse kaasa ning v\u00e4ljaprintidega me tagame toote komplekssuse[\/vc_column_text][\/vc_tta_section][vc_tta_section title=&#8221;Miks on iga tellimuse puhul vajalik mudeli ettevalmistusaeg?&#8221; tab_id=&#8221;1617630642215-2e5b6f49-4d13&#8243;][vc_column_text]Ettevalmistusaega kasutatakse mudeli ajaloo ja olemasoleva digil\u00f5ike v\u00f5rdlemiseks. Samuti kliendipoolsete kommentaaride j\u00e4rgi muutuste tegemiseks[\/vc_column_text][\/vc_tta_section][vc_tta_section title=&#8221;Miks mu valmistoode erineb ette antud lekaalide m\u00f5\u00f5tudest?&#8221; tab_id=&#8221;1617630812452-e7dd0d2a-97c3&#8243;][vc_column_text]Paberlekaalide valmistamise faasis ei saa testida kangaste erip\u00e4rasid[\/vc_column_text][\/vc_tta_section][vc_tta_section title=&#8221;Kuidas ma saan olla kindel, et te mu l\u00f5ikeid teistele klientide puhul ei kasuta?&#8221; tab_id=&#8221;1617630849355-6710ba06-c3de&#8221;][vc_column_text]Baltic Intertex`i \u00fcheks p\u00f5hiv\u00e4\u00e4rtuseks on klientidelt saadud info konfidentsiaalsus[\/vc_column_text][\/vc_tta_section][vc_tta_section title=&#8221;Milliseid digitaalseid faile te saate avada?&#8221; tab_id=&#8221;1617630879056-4d87a36c-6d29&#8243;][vc_column_text]Me kasutame Lectra konstrueerimisporgrammidest Modarist ja Diamonot, millede failie on v\u00f5imalik konvertida Gerberisse. Palun tee test siin[\/vc_column_text][\/vc_tta_section]\t<\/div>\n\t[\/vc_column][\/vc_row]<\/div>","protected":false},"excerpt":{"rendered":"[vc_row thb_full_width=&#8221;true&#8221; thb_row_padding=&#8221;true&#8221; thb_column_padding=&#8221;true&#8221; content_placement=&#8221;middle&#8221; css=&#8221;.vc_custom_1633610381496{margin-bottom: 30px !important;padding-top: 20vh !important;padding-bottom: 8vh !important;background-color: #ededed !important;}&#8221; el_class=&#8221;align-center&#8221;][vc_column el_class=&#8221;text-center&#8221; offset=&#8221;vc_col-lg-7&#8243;][vc_column_text] KKK [\/vc_column_text][vc_column_text] Siit leiad moedisainerite korduma kippuvad \u00fcsimused, kui alustatakse protot\u00fc\u00fcpide loomise, v\u00e4ike- v\u00f5i masstootmisega. [\/vc_column_text][\/vc_column][\/vc_row][vc_row el_class=&#8221;align-center&#8221; css=&#8221;.vc_custom_1617647196811{margin-top: 8vh !important;}&#8221;][vc_column width=&#8221;1\/4&#8243;][vc_empty_space mobile_height=&#8221;24px&#8221; height=&#8221;16px&#8221;][vc_column_text] Kui sul on k\u00fcsimusi alustava disainerina, siis leiad vajalikke vastuseid siit [\/vc_column_text][\/vc_column][vc_column width=&#8221;3\/4&#8243; offset=&#8221;vc_col-lg-7&#8243;][\/vc_column][\/vc_row][vc_row el_class=&#8221;align-center&#8221;][vc_column&hellip;","protected":false},"author":2,"featured_media":0,"parent":0,"menu_order":0,"comment_status":"closed","ping_status":"closed","template":"","meta":{"content-type":"","footnotes":""},"class_list":["post-1145","page","type-page","status-publish","hentry"],"yoast_head":"<!-- This site is optimized with the Yoast SEO plugin v27.5 - https:\/\/yoast.com\/product\/yoast-seo-wordpress\/ -->\n<title>KKK &#8212; Baltic Intertex &#8212; Eetiline r\u00f5ivatootja<\/title>\n<meta name=\"description\" content=\"Korduma kippuvad k\u00fcsimused (KKK), mis meie t\u00f6\u00f6s igap\u00e4evaselt ette tulevad. Kui ei leia vastust, v\u00f5ta \u00fchendust ja aitame!\" \/>\n<meta name=\"robots\" content=\"index, follow, max-snippet:-1, max-image-preview:large, max-video-preview:-1\" \/>\n<link rel=\"canonical\" href=\"https:\/\/www.balticintertex.ee\/et\/kkk\/\" \/>\n<meta property=\"og:locale\" content=\"et_EE\" \/>\n<meta property=\"og:type\" content=\"article\" \/>\n<meta property=\"og:title\" content=\"KKK &#8212; Baltic Intertex &#8212; Eetiline r\u00f5ivatootja\" \/>\n<meta property=\"og:description\" content=\"Korduma kippuvad k\u00fcsimused (KKK), mis meie t\u00f6\u00f6s igap\u00e4evaselt ette tulevad. Kui ei leia vastust, v\u00f5ta \u00fchendust ja aitame!\" \/>\n<meta property=\"og:url\" content=\"https:\/\/www.balticintertex.ee\/et\/kkk\/\" \/>\n<meta property=\"og:site_name\" content=\"Baltic Intertex\" \/>\n<meta property=\"article:modified_time\" content=\"2022-10-13T06:10:05+00:00\" \/>\n<meta name=\"twitter:card\" content=\"summary_large_image\" \/>\n<meta name=\"twitter:label1\" content=\"Est. reading time\" \/>\n\t<meta name=\"twitter:data1\" content=\"9 minutit\" \/>\n<script type=\"application\/ld+json\" class=\"yoast-schema-graph\">{\"@context\":\"https:\\\/\\\/schema.org\",\"@graph\":[{\"@type\":\"WebPage\",\"@id\":\"https:\\\/\\\/www.balticintertex.ee\\\/et\\\/kkk\\\/\",\"url\":\"https:\\\/\\\/www.balticintertex.ee\\\/et\\\/kkk\\\/\",\"name\":\"KKK &#8212; Baltic Intertex &#8212; Eetiline r\u00f5ivatootja\",\"isPartOf\":{\"@id\":\"https:\\\/\\\/www.balticintertex.ee\\\/et\\\/#website\"},\"datePublished\":\"2021-05-26T12:23:07+00:00\",\"dateModified\":\"2022-10-13T06:10:05+00:00\",\"description\":\"Korduma kippuvad k\u00fcsimused (KKK), mis meie t\u00f6\u00f6s igap\u00e4evaselt ette tulevad. Kui ei leia vastust, v\u00f5ta \u00fchendust ja aitame!\",\"breadcrumb\":{\"@id\":\"https:\\\/\\\/www.balticintertex.ee\\\/et\\\/kkk\\\/#breadcrumb\"},\"inLanguage\":\"et\",\"potentialAction\":[{\"@type\":\"ReadAction\",\"target\":[\"https:\\\/\\\/www.balticintertex.ee\\\/et\\\/kkk\\\/\"]}]},{\"@type\":\"BreadcrumbList\",\"@id\":\"https:\\\/\\\/www.balticintertex.ee\\\/et\\\/kkk\\\/#breadcrumb\",\"itemListElement\":[{\"@type\":\"ListItem\",\"position\":1,\"name\":\"Home\",\"item\":\"https:\\\/\\\/www.balticintertex.ee\\\/et\\\/\"},{\"@type\":\"ListItem\",\"position\":2,\"name\":\"KKK\"}]},{\"@type\":\"WebSite\",\"@id\":\"https:\\\/\\\/www.balticintertex.ee\\\/et\\\/#website\",\"url\":\"https:\\\/\\\/www.balticintertex.ee\\\/et\\\/\",\"name\":\"Baltic Intertex\",\"description\":\"Garment product development and production\",\"publisher\":{\"@id\":\"https:\\\/\\\/www.balticintertex.ee\\\/et\\\/#organization\"},\"potentialAction\":[{\"@type\":\"SearchAction\",\"target\":{\"@type\":\"EntryPoint\",\"urlTemplate\":\"https:\\\/\\\/www.balticintertex.ee\\\/et\\\/?s={search_term_string}\"},\"query-input\":{\"@type\":\"PropertyValueSpecification\",\"valueRequired\":true,\"valueName\":\"search_term_string\"}}],\"inLanguage\":\"et\"},{\"@type\":\"Organization\",\"@id\":\"https:\\\/\\\/www.balticintertex.ee\\\/et\\\/#organization\",\"name\":\"Baltic Intertex\",\"url\":\"https:\\\/\\\/www.balticintertex.ee\\\/et\\\/\",\"logo\":{\"@type\":\"ImageObject\",\"inLanguage\":\"et\",\"@id\":\"https:\\\/\\\/www.balticintertex.ee\\\/et\\\/#\\\/schema\\\/logo\\\/image\\\/\",\"url\":\"https:\\\/\\\/www.balticintertex.ee\\\/wp-content\\\/uploads\\\/2021\\\/01\\\/BIT_logo.svg\",\"contentUrl\":\"https:\\\/\\\/www.balticintertex.ee\\\/wp-content\\\/uploads\\\/2021\\\/01\\\/BIT_logo.svg\",\"width\":\"1024\",\"height\":\"1024\",\"caption\":\"Baltic Intertex\"},\"image\":{\"@id\":\"https:\\\/\\\/www.balticintertex.ee\\\/et\\\/#\\\/schema\\\/logo\\\/image\\\/\"}}]}<\/script>\n<!-- \/ Yoast SEO plugin. -->","yoast_head_json":{"title":"KKK &#8212; Baltic Intertex &#8212; Eetiline r\u00f5ivatootja","description":"Korduma kippuvad k\u00fcsimused (KKK), mis meie t\u00f6\u00f6s igap\u00e4evaselt ette tulevad. Kui ei leia vastust, v\u00f5ta \u00fchendust ja aitame!","robots":{"index":"index","follow":"follow","max-snippet":"max-snippet:-1","max-image-preview":"max-image-preview:large","max-video-preview":"max-video-preview:-1"},"canonical":"https:\/\/www.balticintertex.ee\/et\/kkk\/","og_locale":"et_EE","og_type":"article","og_title":"KKK &#8212; Baltic Intertex &#8212; Eetiline r\u00f5ivatootja","og_description":"Korduma kippuvad k\u00fcsimused (KKK), mis meie t\u00f6\u00f6s igap\u00e4evaselt ette tulevad. Kui ei leia vastust, v\u00f5ta \u00fchendust ja aitame!","og_url":"https:\/\/www.balticintertex.ee\/et\/kkk\/","og_site_name":"Baltic Intertex","article_modified_time":"2022-10-13T06:10:05+00:00","twitter_card":"summary_large_image","twitter_misc":{"Est. reading time":"9 minutit"},"schema":{"@context":"https:\/\/schema.org","@graph":[{"@type":"WebPage","@id":"https:\/\/www.balticintertex.ee\/et\/kkk\/","url":"https:\/\/www.balticintertex.ee\/et\/kkk\/","name":"KKK &#8212; Baltic Intertex &#8212; Eetiline r\u00f5ivatootja","isPartOf":{"@id":"https:\/\/www.balticintertex.ee\/et\/#website"},"datePublished":"2021-05-26T12:23:07+00:00","dateModified":"2022-10-13T06:10:05+00:00","description":"Korduma kippuvad k\u00fcsimused (KKK), mis meie t\u00f6\u00f6s igap\u00e4evaselt ette tulevad. Kui ei leia vastust, v\u00f5ta \u00fchendust ja aitame!","breadcrumb":{"@id":"https:\/\/www.balticintertex.ee\/et\/kkk\/#breadcrumb"},"inLanguage":"et","potentialAction":[{"@type":"ReadAction","target":["https:\/\/www.balticintertex.ee\/et\/kkk\/"]}]},{"@type":"BreadcrumbList","@id":"https:\/\/www.balticintertex.ee\/et\/kkk\/#breadcrumb","itemListElement":[{"@type":"ListItem","position":1,"name":"Home","item":"https:\/\/www.balticintertex.ee\/et\/"},{"@type":"ListItem","position":2,"name":"KKK"}]},{"@type":"WebSite","@id":"https:\/\/www.balticintertex.ee\/et\/#website","url":"https:\/\/www.balticintertex.ee\/et\/","name":"Baltic Intertex","description":"Garment product development and production","publisher":{"@id":"https:\/\/www.balticintertex.ee\/et\/#organization"},"potentialAction":[{"@type":"SearchAction","target":{"@type":"EntryPoint","urlTemplate":"https:\/\/www.balticintertex.ee\/et\/?s={search_term_string}"},"query-input":{"@type":"PropertyValueSpecification","valueRequired":true,"valueName":"search_term_string"}}],"inLanguage":"et"},{"@type":"Organization","@id":"https:\/\/www.balticintertex.ee\/et\/#organization","name":"Baltic Intertex","url":"https:\/\/www.balticintertex.ee\/et\/","logo":{"@type":"ImageObject","inLanguage":"et","@id":"https:\/\/www.balticintertex.ee\/et\/#\/schema\/logo\/image\/","url":"https:\/\/www.balticintertex.ee\/wp-content\/uploads\/2021\/01\/BIT_logo.svg","contentUrl":"https:\/\/www.balticintertex.ee\/wp-content\/uploads\/2021\/01\/BIT_logo.svg","width":"1024","height":"1024","caption":"Baltic Intertex"},"image":{"@id":"https:\/\/www.balticintertex.ee\/et\/#\/schema\/logo\/image\/"}}]}},"_links":{"self":[{"href":"https:\/\/www.balticintertex.ee\/et\/wp-json\/wp\/v2\/pages\/1145","targetHints":{"allow":["GET"]}}],"collection":[{"href":"https:\/\/www.balticintertex.ee\/et\/wp-json\/wp\/v2\/pages"}],"about":[{"href":"https:\/\/www.balticintertex.ee\/et\/wp-json\/wp\/v2\/types\/page"}],"author":[{"embeddable":true,"href":"https:\/\/www.balticintertex.ee\/et\/wp-json\/wp\/v2\/users\/2"}],"replies":[{"embeddable":true,"href":"https:\/\/www.balticintertex.ee\/et\/wp-json\/wp\/v2\/comments?post=1145"}],"version-history":[{"count":33,"href":"https:\/\/www.balticintertex.ee\/et\/wp-json\/wp\/v2\/pages\/1145\/revisions"}],"predecessor-version":[{"id":2434,"href":"https:\/\/www.balticintertex.ee\/et\/wp-json\/wp\/v2\/pages\/1145\/revisions\/2434"}],"wp:attachment":[{"href":"https:\/\/www.balticintertex.ee\/et\/wp-json\/wp\/v2\/media?parent=1145"}],"curies":[{"name":"wp","href":"https:\/\/api.w.org\/{rel}","templated":true}]}}