{"id":1196,"date":"2021-06-01T14:34:59","date_gmt":"2021-06-01T11:34:59","guid":{"rendered":"https:\/\/www.balticintertex.ee\/tagasiside\/"},"modified":"2022-10-14T16:55:35","modified_gmt":"2022-10-14T13:55:35","slug":"tagasiside","status":"publish","type":"page","link":"https:\/\/www.balticintertex.ee\/et\/tagasiside\/","title":{"rendered":"Tagasiside"},"content":{"rendered":"<div class=\"wpb-content-wrapper\">[vc_row thb_full_width=&#8221;true&#8221; thb_row_padding=&#8221;true&#8221; thb_column_padding=&#8221;true&#8221; css=&#8221;.vc_custom_1618997983048{padding-top: 80px !important;padding-bottom: 80px !important;background-image: url(https:\/\/www.balticintertex.ee\/wp-content\/uploads\/2021\/04\/circle.png?id=624) !important;background-position: 0 0 !important;background-repeat: no-repeat !important;}&#8221; el_class=&#8221;member-row&#8221;][vc_column][vc_row_inner el_class=&#8221;text-center&#8221;][vc_column_inner][vc_column_text]\r\n<h1>Tagasiside<\/h1>\r\n[\/vc_column_text][\/vc_column_inner][\/vc_row_inner][vc_row_inner css=&#8221;.vc_custom_1612258276118{padding-top: 40px !important;}&#8221; el_class=&#8221;align-center&#8221;][vc_column_inner width=&#8221;7\/12&#8243;][vc_column_text]\r\n<p style=\"text-align: left;\">Baltic Intertexi eesm\u00e4rk on anda endast maksimum, et klient p\u00e4riselt rahule j\u00e4\u00e4ks. Nii nagu sina, ei otsi ka meie lihtsalt \u00fchekordset koost\u00f6\u00f6d, vaid pikaajalist suhet, kus m\u00f5lemale on koosloomine r\u00f5\u00f5m, mitte peavalu.<\/p>\r\n<p style=\"text-align: left;\">Oleme aastate jooksul koos klientidega k\u00e4inud l\u00e4bi tulest ja veest, maitsnud edu ja vahel pidanud neelama ala ka m\u00f5ne m\u00f5ruma pilli. Kokkuv\u00f5ttes on see meid k\u00f5vasti karastanud ja klientide usaldust meie vastu ainult kasvatanud.<\/p>\r\n<p style=\"text-align: left;\">Siit leiad valiku BIT klientide tagasisidedest, kelledega meil on au ja r\u00f5\u00f5m koost\u00f6\u00f6d teha.<\/p>\r\n[\/vc_column_text][\/vc_column_inner][vc_column_inner width=&#8221;4\/12&#8243;]\t<div id=\"thb-image-69f418d79cee7\" class=\"caption-style1  alignright full  thb_image_link wp-caption \">\n\t\t\t<div class=\"thb-image-inner size_100\">\n\t\t\t<img loading=\"lazy\" decoding=\"async\" width=\"1160\" height=\"860\" src=\"https:\/\/www.balticintertex.ee\/wp-content\/uploads\/2022\/10\/Baltic_Intertex_cooperation_clients-e1665742774263.jpg\" class=\"thb_image    attachment-full\" alt=\"Baltic Intertex clients\" title=\"Baltic Intertex client testimonials\" srcset=\"https:\/\/www.balticintertex.ee\/wp-content\/uploads\/2022\/10\/Baltic_Intertex_cooperation_clients-e1665742774263.jpg 1160w, https:\/\/www.balticintertex.ee\/wp-content\/uploads\/2022\/10\/Baltic_Intertex_cooperation_clients-e1665742774263-300x222.jpg 300w, https:\/\/www.balticintertex.ee\/wp-content\/uploads\/2022\/10\/Baltic_Intertex_cooperation_clients-e1665742774263-1024x759.jpg 1024w, https:\/\/www.balticintertex.ee\/wp-content\/uploads\/2022\/10\/Baltic_Intertex_cooperation_clients-e1665742774263-768x569.jpg 768w, https:\/\/www.balticintertex.ee\/wp-content\/uploads\/2022\/10\/Baltic_Intertex_cooperation_clients-e1665742774263-380x282.jpg 380w, https:\/\/www.balticintertex.ee\/wp-content\/uploads\/2022\/10\/Baltic_Intertex_cooperation_clients-e1665742774263-20x15.jpg 20w, https:\/\/www.balticintertex.ee\/wp-content\/uploads\/2022\/10\/Baltic_Intertex_cooperation_clients-e1665742774263-190x141.jpg 190w, https:\/\/www.balticintertex.ee\/wp-content\/uploads\/2022\/10\/Baltic_Intertex_cooperation_clients-e1665742774263-760x563.jpg 760w, https:\/\/www.balticintertex.ee\/wp-content\/uploads\/2022\/10\/Baltic_Intertex_cooperation_clients-e1665742774263-1140x845.jpg 1140w\" sizes=\"auto, (max-width: 1160px) 100vw, 1160px\" \/>\t\t\t\t\t<\/div>\n\t\t\t\t\t<\/div>\n\t[\/vc_column_inner][\/vc_row_inner][\/vc_column][\/vc_row][vc_row thb_full_width=&#8221;true&#8221; thb_row_padding=&#8221;true&#8221; thb_column_padding=&#8221;true&#8221; css=&#8221;.vc_custom_1665744228910{padding-top: 20px !important;padding-bottom: 80px !important;background-position: 0 0 !important;background-repeat: no-repeat !important;}&#8221; el_class=&#8221;member-row&#8221;][vc_column][vc_row_inner css=&#8221;.vc_custom_1612258276118{padding-top: 40px !important;}&#8221; el_class=&#8221;align-center&#8221;][vc_column_inner width=&#8221;2\/3&#8243; offset=&#8221;vc_col-lg-10&#8243;]\t<div id=\"thb-testimonials-69f418d79d4d5\" class=\"thb-testimonials thb-testimonial-style6 row style6   \" data-columns=\"medium-6\" data-pagination=\"true\" data-navigation=\"false\"\n\t\t\t\t\t\t data-autoplay=\"\" data-autoplay-speed=\"4000\" data-fade=\"true\" data-adaptive=\"false\">\n\t\t\t<div class=\"small-12 medium-6 columns\">\n\t\t\t\t\t\t\t<div class=\"thb-testimonial \">\n\t\t\t\t\t\t\t\t\t\t\t\t\t\t\t\t\t\t\t<div class=\"star-rating\"><span style=\"width: 100%\"><\/span><\/div>\n\t\t\t\t\t\t\t\t\t\t\t\t\t\t\t\t\t\t<blockquote><p>Meie jaoks on eriti oluline koost\u00f6\u00f6 pikaajaline iseloom ja mitmekesisus. BIT on olnud usaldusv\u00e4\u00e4rne tootmispartner meile juba aastaid. Tootearenduse integreerimine kogu protsessi on andnud Karmiini OY firma tegevusele kindlust.<\/p>\n<\/blockquote>\n\t\t\t\t\t\t\t\t\t\t\t\t\t\t\t\t\t\t\t\t<div class=\"testimonial-author\">\n\t\t\t\t\t\t\t\t\t\t\t\t\t\t\t\t\t<cite>Liisa Kotilainen<\/cite>\n\t\t\t\t\t\t\t\t\t\t\t\t\t\t\t\t<span class=\"title\">Aino-Karmiini OY<\/span>\n\t\t\t\t\t\t\t<\/div>\n\t\t\t\t\t\t\t\t\t\t\t<\/div>\n\t\t\t<\/div>\n\n\t\t<div class=\"small-12 medium-6 columns\">\n\t\t\t\t\t\t\t<div class=\"thb-testimonial \">\n\t\t\t\t\t\t\t\t\t\t\t\t\t\t\t\t\t\t\t<div class=\"star-rating\"><span style=\"width: 100%\"><\/span><\/div>\n\t\t\t\t\t\t\t\t\t\t\t\t\t\t\t\t\t\t<blockquote><p>Baltic Intertex on olnud meie toetav ja lojaalne partner juba p\u00e4ris algusest peale. Kvaliteetsete kollektsioonide loomine koos kogenud arendus- ja tootmismeeskonnaga on olnud minu kui disaineri unistus.<\/p>\n<\/blockquote>\n\t\t\t\t\t\t\t\t\t\t\t\t\t\t\t\t\t\t\t\t<div class=\"testimonial-author\">\n\t\t\t\t\t\t\t\t\t\t\t\t\t\t\t\t\t<cite>Jukka Puljuj\u00e4rvi<\/cite>\n\t\t\t\t\t\t\t\t\t\t\t\t\t\t\t\t<span class=\"title\">Designer | Founder &amp; owner of H\u00e1lo<\/span>\n\t\t\t\t\t\t\t<\/div>\n\t\t\t\t\t\t\t\t\t\t\t<\/div>\n\t\t\t<\/div>\n\n\t\t<div class=\"small-12 medium-6 columns\">\n\t\t\t\t\t\t\t<div class=\"thb-testimonial \">\n\t\t\t\t\t\t\t\t\t\t\t\t\t\t\t\t\t\t\t<div class=\"star-rating\"><span style=\"width: 100%\"><\/span><\/div>\n\t\t\t\t\t\t\t\t\t\t\t\t\t\t\t\t\t\t<blockquote><p>Professionaalsus ja m\u00f5istmine, mida olen Baltic Intertexiga t\u00f6\u00f6tades kogenud, on alati olnud m\u00e4rkimisv\u00e4\u00e4rne. Meie aastatepikkune koost\u00f6\u00f6 ja Baltic Intertexi p\u00fchendumus oma klientidele ning kvaliteedi saavutamisele on haruldane.<\/p>\n<\/blockquote>\n\t\t\t\t\t\t\t\t\t\t\t\t\t\t\t\t\t\t\t\t<div class=\"testimonial-author\">\n\t\t\t\t\t\t\t\t\t\t\t\t\t\t\t\t\t<cite>Glooria Luht<\/cite>\n\t\t\t\t\t\t\t\t\t\t\t\t\t\t\t\t<span class=\"title\">R\/H Studio CEO<\/span>\n\t\t\t\t\t\t\t<\/div>\n\t\t\t\t\t\t\t\t\t\t\t<\/div>\n\t\t\t<\/div>\n\n\t\t<div class=\"small-12 medium-6 columns\">\n\t\t\t\t\t\t\t<div class=\"thb-testimonial \">\n\t\t\t\t\t\t\t\t\t\t\t\t\t\t\t\t\t\t\t<div class=\"star-rating\"><span style=\"width: 100%\"><\/span><\/div>\n\t\t\t\t\t\t\t\t\t\t\t\t\t\t\t\t\t\t<blockquote><p>Meil on v\u00e4ga hea meel t\u00f6\u00f6tada Baltic Intertexi meeskonnaga. Nad on oskustega spetsialistid, kes annavad endast k\u00f5ik, et klienti igak\u00fclgselt aidata. Meeskond on v\u00e4ga koost\u00f6\u00f6aldis, efektiivne ja suhtlus s\u00f5bralik.<\/p>\n<\/blockquote>\n\t\t\t\t\t\t\t\t\t\t\t\t\t\t\t\t\t\t\t\t<div class=\"testimonial-author\">\n\t\t\t\t\t\t\t\t\t\t\t\t\t\t\t\t\t<cite>Tiia M\u00e4\u00e4tta<\/cite>\n\t\t\t\t\t\t\t\t\t\t\t\t\t\t\t\t<span class=\"title\">Uhana Production Manager<\/span>\n\t\t\t\t\t\t\t<\/div>\n\t\t\t\t\t\t\t\t\t\t\t<\/div>\n\t\t\t<\/div>\n\n\t\t<div class=\"small-12 medium-6 columns\">\n\t\t\t\t\t\t\t<div class=\"thb-testimonial \">\n\t\t\t\t\t\t\t\t\t\t\t\t\t\t\t\t\t\t\t<div class=\"star-rating\"><span style=\"width: 100%\"><\/span><\/div>\n\t\t\t\t\t\t\t\t\t\t\t\t\t\t\t\t\t\t<blockquote><p>Baltic Intertex on olnud meie usaldusv\u00e4\u00e4rne koost\u00f6\u00f6partner juba \u00fcle k\u00fcmne aasta. Neil on alati suurep\u00e4rane teenindus ja nad on detailide ning kliendi vajaduste suhtes v\u00e4ga t\u00e4helepanelikud. Nad vaatavad klientide soovidest kaugemale ja nende eesm\u00e4rk on alati leida parim v\u00f5imalik lahendus. Baltic Intertex'i professionaalne ja kvaliteetne teenindus peegeldub toodete kvaliteedis. Soovitame Baltic Intertex'i k\u00f5igile, kes soovivad enda k\u00f5rvale esmaklassilist partnerit, kes on sinu jaoks sel teekonnal olemas. Ait\u00e4h Baltic Intertex!<\/p>\n<\/blockquote>\n\t\t\t\t\t\t\t\t\t\t\t\t\t\t\t\t\t\t\t\t<div class=\"testimonial-author\">\n\t\t\t\t\t\t\t\t\t\t\t\t\t\t\t\t\t<cite>Tiina Ojaots<\/cite>\n\t\t\t\t\t\t\t\t\t\t\t\t\t\t\t\t<span class=\"title\">Samuji Sampling &amp; Production<\/span>\n\t\t\t\t\t\t\t<\/div>\n\t\t\t\t\t\t\t\t\t\t\t<\/div>\n\t\t\t<\/div>\n\n\t\t<div class=\"small-12 medium-6 columns\">\n\t\t\t\t\t\t\t<div class=\"thb-testimonial \">\n\t\t\t\t\t\t\t\t\t\t\t\t\t\t\t\t\t\t\t<div class=\"star-rating\"><span style=\"width: 100%\"><\/span><\/div>\n\t\t\t\t\t\t\t\t\t\t\t\t\t\t\t\t\t\t<blockquote><p>Teie \u00f5mbluskvaliteet on \u00fcks parimaid, mida olen n\u00e4inud. Olen tulemustega (nii tootmise kui r\u00f5ivaste arendamisega) v\u00e4ga rahul. Te vastate suurep\u00e4raselt meie kaubam\u00e4rgi k\u00f5rgetele standarditele.<\/p>\n<\/blockquote>\n\t\t\t\t\t\t\t\t\t\t\t\t\t\t\t\t\t\t\t\t<div class=\"testimonial-author\">\n\t\t\t\t\t\t\t\t\t\t\t\t\t\t\t\t\t<cite>Tuomas Hilkos<\/cite>\n\t\t\t\t\t\t\t\t\t\t\t\t\t\t\t\t<span class=\"title\">Vakio Clothing CEO<\/span>\n\t\t\t\t\t\t\t<\/div>\n\t\t\t\t\t\t\t\t\t\t\t<\/div>\n\t\t\t<\/div>\n\n\t\t<\/div>\n\t[\/vc_column_inner][\/vc_row_inner][\/vc_column][\/vc_row][vc_row thb_full_width=&#8221;true&#8221; thb_row_padding=&#8221;true&#8221; thb_column_padding=&#8221;true&#8221; content_placement=&#8221;middle&#8221; thb_divider_color=&#8221;#ffffff&#8221; bg_gradient1=&#8221;rgba(198,162,107,0.79)&#8221; bg_gradient2=&#8221;rgba(191,161,109,0.01)&#8221; css=&#8221;.vc_custom_1618917001357{background-image: url(https:\/\/www.balticintertex.ee\/wp-content\/uploads\/2021\/02\/side-view-female-tailor-looking-through-garments-hangers-with-copy-space-scaled.jpg?id=383) !important;background-position: center !important;background-repeat: no-repeat !important;background-size: cover !important;}&#8221;][vc_column thb_color=&#8221;thb-light-column&#8221; el_class=&#8221;text-center&#8221; css=&#8221;.vc_custom_1618916929325{padding-top: 15% !important;padding-right: 5% !important;padding-bottom: 15% !important;padding-left: 5% !important;background-position: center !important;background-repeat: no-repeat !important;background-size: cover !important;}&#8221;][vc_column_text]\r\n<h1>Oled valmis meiega t\u00f6\u00f6tama?<\/h1>\r\n[\/vc_column_text][vc_empty_space height=&#8221;30px&#8221;]\t<a id=\"thb-button-69f418d79d70c\" class=\"btn style1 medium  white pill-radius animation left-to-right-3d   \" href=\"\/et\/kontakt\" target=\"_self\" role=\"button\">\n\t\t<span>V\u00d5TA \u00dcHENDUST<\/span>\n\t\t\t<\/a>\n\t\t[\/vc_column][\/vc_row]<\/div>","protected":false},"excerpt":{"rendered":"[vc_row thb_full_width=&#8221;true&#8221; thb_row_padding=&#8221;true&#8221; thb_column_padding=&#8221;true&#8221; css=&#8221;.vc_custom_1618997983048{padding-top: 80px !important;padding-bottom: 80px !important;background-image: url(https:\/\/www.balticintertex.ee\/wp-content\/uploads\/2021\/04\/circle.png?id=624) !important;background-position: 0 0 !important;background-repeat: no-repeat !important;}&#8221; el_class=&#8221;member-row&#8221;][vc_column][vc_row_inner el_class=&#8221;text-center&#8221;][vc_column_inner][vc_column_text] Tagasiside [\/vc_column_text][\/vc_column_inner][\/vc_row_inner][vc_row_inner css=&#8221;.vc_custom_1612258276118{padding-top: 40px !important;}&#8221; el_class=&#8221;align-center&#8221;][vc_column_inner width=&#8221;7\/12&#8243;][vc_column_text] Baltic Intertexi eesm\u00e4rk on anda endast maksimum, et klient p\u00e4riselt rahule j\u00e4\u00e4ks. Nii nagu sina, ei otsi ka meie lihtsalt \u00fchekordset koost\u00f6\u00f6d, vaid pikaajalist suhet, kus m\u00f5lemale on koosloomine r\u00f5\u00f5m,&hellip;","protected":false},"author":2,"featured_media":0,"parent":0,"menu_order":0,"comment_status":"closed","ping_status":"closed","template":"","meta":{"content-type":"","footnotes":""},"class_list":["post-1196","page","type-page","status-publish","hentry"],"yoast_head":"<!-- This site is optimized with the Yoast SEO plugin v27.5 - https:\/\/yoast.com\/product\/yoast-seo-wordpress\/ -->\n<title>Tagasiside &#8212; Baltic Intertex &#8212; T\u00e4isteenus moedisaineritele<\/title>\n<meta name=\"description\" content=\"Baltic Intertex&#039;i klientide tagasiside. M\u00f5ned head s\u00f5nad meie headelt klientidelt. Liitu \u00f5nnelike klientide klubiga!\" \/>\n<meta name=\"robots\" content=\"index, follow, max-snippet:-1, max-image-preview:large, max-video-preview:-1\" \/>\n<link rel=\"canonical\" href=\"https:\/\/www.balticintertex.ee\/et\/tagasiside\/\" \/>\n<meta property=\"og:locale\" content=\"et_EE\" \/>\n<meta property=\"og:type\" content=\"article\" \/>\n<meta property=\"og:title\" content=\"Tagasiside &#8212; Baltic Intertex &#8212; T\u00e4isteenus moedisaineritele\" \/>\n<meta property=\"og:description\" content=\"Baltic Intertex&#039;i klientide tagasiside. M\u00f5ned head s\u00f5nad meie headelt klientidelt. Liitu \u00f5nnelike klientide klubiga!\" \/>\n<meta property=\"og:url\" content=\"https:\/\/www.balticintertex.ee\/et\/tagasiside\/\" \/>\n<meta property=\"og:site_name\" content=\"Baltic Intertex\" \/>\n<meta property=\"article:modified_time\" content=\"2022-10-14T13:55:35+00:00\" \/>\n<meta name=\"twitter:card\" content=\"summary_large_image\" \/>\n<meta name=\"twitter:label1\" content=\"Est. reading time\" \/>\n\t<meta name=\"twitter:data1\" content=\"2 minutit\" \/>\n<script type=\"application\/ld+json\" class=\"yoast-schema-graph\">{\"@context\":\"https:\\\/\\\/schema.org\",\"@graph\":[{\"@type\":\"WebPage\",\"@id\":\"https:\\\/\\\/www.balticintertex.ee\\\/et\\\/tagasiside\\\/\",\"url\":\"https:\\\/\\\/www.balticintertex.ee\\\/et\\\/tagasiside\\\/\",\"name\":\"Tagasiside &#8212; Baltic Intertex &#8212; T\u00e4isteenus moedisaineritele\",\"isPartOf\":{\"@id\":\"https:\\\/\\\/www.balticintertex.ee\\\/et\\\/#website\"},\"datePublished\":\"2021-06-01T11:34:59+00:00\",\"dateModified\":\"2022-10-14T13:55:35+00:00\",\"description\":\"Baltic Intertex'i klientide tagasiside. M\u00f5ned head s\u00f5nad meie headelt klientidelt. Liitu \u00f5nnelike klientide klubiga!\",\"breadcrumb\":{\"@id\":\"https:\\\/\\\/www.balticintertex.ee\\\/et\\\/tagasiside\\\/#breadcrumb\"},\"inLanguage\":\"et\",\"potentialAction\":[{\"@type\":\"ReadAction\",\"target\":[\"https:\\\/\\\/www.balticintertex.ee\\\/et\\\/tagasiside\\\/\"]}]},{\"@type\":\"BreadcrumbList\",\"@id\":\"https:\\\/\\\/www.balticintertex.ee\\\/et\\\/tagasiside\\\/#breadcrumb\",\"itemListElement\":[{\"@type\":\"ListItem\",\"position\":1,\"name\":\"Home\",\"item\":\"https:\\\/\\\/www.balticintertex.ee\\\/et\\\/\"},{\"@type\":\"ListItem\",\"position\":2,\"name\":\"Tagasiside\"}]},{\"@type\":\"WebSite\",\"@id\":\"https:\\\/\\\/www.balticintertex.ee\\\/et\\\/#website\",\"url\":\"https:\\\/\\\/www.balticintertex.ee\\\/et\\\/\",\"name\":\"Baltic Intertex\",\"description\":\"Garment product development and production\",\"publisher\":{\"@id\":\"https:\\\/\\\/www.balticintertex.ee\\\/et\\\/#organization\"},\"potentialAction\":[{\"@type\":\"SearchAction\",\"target\":{\"@type\":\"EntryPoint\",\"urlTemplate\":\"https:\\\/\\\/www.balticintertex.ee\\\/et\\\/?s={search_term_string}\"},\"query-input\":{\"@type\":\"PropertyValueSpecification\",\"valueRequired\":true,\"valueName\":\"search_term_string\"}}],\"inLanguage\":\"et\"},{\"@type\":\"Organization\",\"@id\":\"https:\\\/\\\/www.balticintertex.ee\\\/et\\\/#organization\",\"name\":\"Baltic Intertex\",\"url\":\"https:\\\/\\\/www.balticintertex.ee\\\/et\\\/\",\"logo\":{\"@type\":\"ImageObject\",\"inLanguage\":\"et\",\"@id\":\"https:\\\/\\\/www.balticintertex.ee\\\/et\\\/#\\\/schema\\\/logo\\\/image\\\/\",\"url\":\"https:\\\/\\\/www.balticintertex.ee\\\/wp-content\\\/uploads\\\/2021\\\/01\\\/BIT_logo.svg\",\"contentUrl\":\"https:\\\/\\\/www.balticintertex.ee\\\/wp-content\\\/uploads\\\/2021\\\/01\\\/BIT_logo.svg\",\"width\":\"1024\",\"height\":\"1024\",\"caption\":\"Baltic Intertex\"},\"image\":{\"@id\":\"https:\\\/\\\/www.balticintertex.ee\\\/et\\\/#\\\/schema\\\/logo\\\/image\\\/\"}}]}<\/script>\n<!-- \/ Yoast SEO plugin. -->","yoast_head_json":{"title":"Tagasiside &#8212; Baltic Intertex &#8212; T\u00e4isteenus moedisaineritele","description":"Baltic Intertex'i klientide tagasiside. M\u00f5ned head s\u00f5nad meie headelt klientidelt. Liitu \u00f5nnelike klientide klubiga!","robots":{"index":"index","follow":"follow","max-snippet":"max-snippet:-1","max-image-preview":"max-image-preview:large","max-video-preview":"max-video-preview:-1"},"canonical":"https:\/\/www.balticintertex.ee\/et\/tagasiside\/","og_locale":"et_EE","og_type":"article","og_title":"Tagasiside &#8212; Baltic Intertex &#8212; T\u00e4isteenus moedisaineritele","og_description":"Baltic Intertex'i klientide tagasiside. M\u00f5ned head s\u00f5nad meie headelt klientidelt. Liitu \u00f5nnelike klientide klubiga!","og_url":"https:\/\/www.balticintertex.ee\/et\/tagasiside\/","og_site_name":"Baltic Intertex","article_modified_time":"2022-10-14T13:55:35+00:00","twitter_card":"summary_large_image","twitter_misc":{"Est. reading time":"2 minutit"},"schema":{"@context":"https:\/\/schema.org","@graph":[{"@type":"WebPage","@id":"https:\/\/www.balticintertex.ee\/et\/tagasiside\/","url":"https:\/\/www.balticintertex.ee\/et\/tagasiside\/","name":"Tagasiside &#8212; Baltic Intertex &#8212; T\u00e4isteenus moedisaineritele","isPartOf":{"@id":"https:\/\/www.balticintertex.ee\/et\/#website"},"datePublished":"2021-06-01T11:34:59+00:00","dateModified":"2022-10-14T13:55:35+00:00","description":"Baltic Intertex'i klientide tagasiside. M\u00f5ned head s\u00f5nad meie headelt klientidelt. Liitu \u00f5nnelike klientide klubiga!","breadcrumb":{"@id":"https:\/\/www.balticintertex.ee\/et\/tagasiside\/#breadcrumb"},"inLanguage":"et","potentialAction":[{"@type":"ReadAction","target":["https:\/\/www.balticintertex.ee\/et\/tagasiside\/"]}]},{"@type":"BreadcrumbList","@id":"https:\/\/www.balticintertex.ee\/et\/tagasiside\/#breadcrumb","itemListElement":[{"@type":"ListItem","position":1,"name":"Home","item":"https:\/\/www.balticintertex.ee\/et\/"},{"@type":"ListItem","position":2,"name":"Tagasiside"}]},{"@type":"WebSite","@id":"https:\/\/www.balticintertex.ee\/et\/#website","url":"https:\/\/www.balticintertex.ee\/et\/","name":"Baltic Intertex","description":"Garment product development and production","publisher":{"@id":"https:\/\/www.balticintertex.ee\/et\/#organization"},"potentialAction":[{"@type":"SearchAction","target":{"@type":"EntryPoint","urlTemplate":"https:\/\/www.balticintertex.ee\/et\/?s={search_term_string}"},"query-input":{"@type":"PropertyValueSpecification","valueRequired":true,"valueName":"search_term_string"}}],"inLanguage":"et"},{"@type":"Organization","@id":"https:\/\/www.balticintertex.ee\/et\/#organization","name":"Baltic Intertex","url":"https:\/\/www.balticintertex.ee\/et\/","logo":{"@type":"ImageObject","inLanguage":"et","@id":"https:\/\/www.balticintertex.ee\/et\/#\/schema\/logo\/image\/","url":"https:\/\/www.balticintertex.ee\/wp-content\/uploads\/2021\/01\/BIT_logo.svg","contentUrl":"https:\/\/www.balticintertex.ee\/wp-content\/uploads\/2021\/01\/BIT_logo.svg","width":"1024","height":"1024","caption":"Baltic Intertex"},"image":{"@id":"https:\/\/www.balticintertex.ee\/et\/#\/schema\/logo\/image\/"}}]}},"_links":{"self":[{"href":"https:\/\/www.balticintertex.ee\/et\/wp-json\/wp\/v2\/pages\/1196","targetHints":{"allow":["GET"]}}],"collection":[{"href":"https:\/\/www.balticintertex.ee\/et\/wp-json\/wp\/v2\/pages"}],"about":[{"href":"https:\/\/www.balticintertex.ee\/et\/wp-json\/wp\/v2\/types\/page"}],"author":[{"embeddable":true,"href":"https:\/\/www.balticintertex.ee\/et\/wp-json\/wp\/v2\/users\/2"}],"replies":[{"embeddable":true,"href":"https:\/\/www.balticintertex.ee\/et\/wp-json\/wp\/v2\/comments?post=1196"}],"version-history":[{"count":19,"href":"https:\/\/www.balticintertex.ee\/et\/wp-json\/wp\/v2\/pages\/1196\/revisions"}],"predecessor-version":[{"id":2486,"href":"https:\/\/www.balticintertex.ee\/et\/wp-json\/wp\/v2\/pages\/1196\/revisions\/2486"}],"wp:attachment":[{"href":"https:\/\/www.balticintertex.ee\/et\/wp-json\/wp\/v2\/media?parent=1196"}],"curies":[{"name":"wp","href":"https:\/\/api.w.org\/{rel}","templated":true}]}}