{"id":1904,"date":"2021-12-10T20:20:55","date_gmt":"2021-12-10T18:20:55","guid":{"rendered":"https:\/\/www.balticintertex.ee\/?page_id=1904"},"modified":"2021-12-10T21:33:37","modified_gmt":"2021-12-10T19:33:37","slug":"prototuupimine","status":"publish","type":"page","link":"https:\/\/www.balticintertex.ee\/et\/prototuupimine\/","title":{"rendered":"Protot\u00fc\u00fcpimine"},"content":{"rendered":"<div class=\"wpb-content-wrapper\">[vc_row thb_full_width=&#8221;true&#8221; thb_row_padding=&#8221;true&#8221; thb_column_padding=&#8221;true&#8221; thb_shape_divider=&#8221;true&#8221; css=&#8221;.vc_custom_1639113138787{padding-top: 30vh !important;padding-bottom: 24vh !important;background: #5d4e3f url(https:\/\/www.balticintertex.ee\/wp-content\/uploads\/2021\/12\/concept-fashion-designer-seamstress-small-businesses-seamstress-measures-mannequin.jpg?id=2087) !important;background-position: center !important;background-repeat: no-repeat !important;background-size: cover !important;}&#8221; divider_shape=&#8221;curve&#8221; thb_divider_color=&#8221;#f2f2f2&#8243;][vc_column][vc_row_inner el_class=&#8221;align-center&#8221;][vc_column_inner thb_color=&#8221;thb-light-column&#8221; el_class=&#8221;text-center&#8221; offset=&#8221;vc_col-lg-7 vc_col-md-10&#8243;][vc_empty_space height=&#8221;40px&#8221;][vc_column_text]\r\n<h1>10 sammuline protsess, mida me prot\u00fc\u00fcpimisel rakendame<\/h1>\r\n[\/vc_column_text][vc_empty_space]\t<a id=\"thb-button-69da16ce188db\" class=\"btn style1 medium  white pill-radius animation bottom-to-top   \" href=\"#our-approach\" target=\"_self\" role=\"button\">\n\t\t<span>VAATA L\u00c4HEMALT<\/span>\n\t\t\t<\/a>\n\t\t[\/vc_column_inner][\/vc_row_inner][\/vc_column][\/vc_row][vc_row thb_full_width=&#8221;true&#8221; thb_row_padding=&#8221;true&#8221; thb_column_padding=&#8221;true&#8221; content_placement=&#8221;middle&#8221; el_class=&#8221;second-row&#8221; css=&#8221;.vc_custom_1620645859525{padding-top: 55px !important;padding-bottom: 90px !important;background-color: #f2f2f2 !important;}&#8221; el_id=&#8221;meie-l\u00e4henemine&#8221;][vc_column][vc_row_inner][vc_column_inner width=&#8221;5\/12&#8243;][vc_empty_space height=&#8221;30px&#8221;]\t<div id=\"thb-label-69da16ce18912\" class=\"thb-label animation bottom-to-top-3d   vc_custom_1616912261611\">\n\t\t<p><span style=\"font-size: 12px;color: #fff\"><strong>Meie l\u00e4henemine<\/strong><\/span><\/p>\n\t<\/div>\n\t[vc_column_text]\r\n<h2><strong>M\u00fc\u00fcgiedu oluline osa on protot\u00fc\u00fcpide tegemine<\/strong><\/h2>\r\n[\/vc_column_text][vc_column_text]<span style=\"font-weight: 400;\">K\u00f5igi toodete m\u00fc\u00fcgiedu alustalaks on p\u00f5hjalik ja l\u00e4bim\u00f5eldud tootearendusprotsess, mille v\u00e4ltimatuks osaks on protot\u00fc\u00fcpimine.\u00a0<\/span>[\/vc_column_text]\t<div class=\"thb-iconlist \" id=\"thb-iconlist-69da16ce18aea\">\n\t\t<ul>\n\t\t\t\t\t\t  <li class=\"thb-iconlist-li \">\n\t\t\t\t  <i class=\"far fa-check-circle\"><\/i>\n\t\t\t\tKas sa soovid oma toodetele m\u00fc\u00fcgiedu?\t\t\t  <\/li>\n\t\t  \t\t\t  <li class=\"thb-iconlist-li \">\n\t\t\t\t  <i class=\"far fa-check-circle\"><\/i>\n\t\t\t\tKas sa tahad v\u00e4hendada klienditagastuste arvu?\t\t\t  <\/li>\n\t\t  \t\t\t  <li class=\"thb-iconlist-li \">\n\t\t\t\t  <i class=\"far fa-check-circle\"><\/i>\n\t\t\t\tKas sulle meeldib kui su toodete kvaliteet on v\u00f5rdv\u00e4\u00e4rne rahvusvaheliselt tuntud kaubam\u00e4rgiga?\t\t\t  <\/li>\n\t\t  \t\t<\/ul>\n\t\t<style>\n\t\t\t\t\t\t\t\t<\/style>\n\t<\/div>\n\t[vc_column_text]<span style=\"font-weight: 400;\">Kui m\u00f5nigi eelpool nimetatud punkt sind k\u00f5netas, siis Baltic Intertex saab sind aidata. T\u00f6\u00f6tame koos v\u00e4lja just sinu br\u00e4ndistrateegia jaoks sobilikud mudelid, mille \u00fcle sa saad uhkust tunda ka aastaid hiljem!\u00a0<\/span>[\/vc_column_text][\/vc_column_inner][vc_column_inner width=&#8221;7\/12&#8243;][vc_empty_space mobile_height=&#8221;32px&#8221; height=&#8221;5vh&#8221;]\t<div class=\"thb_cascading_images \">\n\t\t\t<figure class=\"cascading_image\">\n\t\t<div class=\"cascading_inner animation right-to-left\">\n\t\t\t<img decoding=\"async\" src=\"https:\/\/www.balticintertex.ee\/wp-content\/uploads\/2021\/12\/closeup-sketched-cloth-designs-e1638882745666.jpg\" alt=\"\" style=\"transform: translateX(50%) translateY(20%); border-radius: 10px;\" width=\"626\" class=\"thb_box_shadow retina_size\"\/>\n\t\t<\/div>\n\t<\/figure>\n\t\t<figure class=\"cascading_image\">\n\t\t<div class=\"cascading_inner animation top-to-bottom\">\n\t\t\t<img decoding=\"async\" src=\"https:\/\/www.balticintertex.ee\/wp-content\/uploads\/2021\/12\/lady-working-as-fashion-designer-creating-new-dress-e1638882775136.jpg\" alt=\"\" style=\"transform: translateX(0%) translateY(-10%); border-radius: 10px;\" width=\"626\" class=\"thb_box_shadow retina_size\"\/>\n\t\t<\/div>\n\t<\/figure>\n\t\t<\/div>\n\t[vc_empty_space mobile_height=&#8221;32px&#8221; height=&#8221;5vh&#8221;][\/vc_column_inner][\/vc_row_inner][\/vc_column][\/vc_row][vc_row content_placement=&#8221;middle&#8221; css=&#8221;.vc_custom_1637663088542{padding-top: 55px !important;padding-bottom: 90px !important;}&#8221; el_id=&#8221;protot\u00fc\u00fcpimine&#8221; el_class=&#8221;row_reverse&#8221;][vc_column width=&#8221;5\/12&#8243;][vc_empty_space mobile_height=&#8221;32px&#8221; height=&#8221;0&#8243;]\t<div id=\"thb-image-69da16ce190c5\" class=\"caption-style1  aligncenter   thb_image_link wp-caption \">\n\t\t\t<div class=\"thb-image-inner size_100\">\n\t\t\t<img loading=\"lazy\" decoding=\"async\" width=\"626\" height=\"411\" src=\"https:\/\/www.balticintertex.ee\/wp-content\/uploads\/2021\/12\/front-view-tailoring-studio-with-sewing-machine-garments-e1638881866117.jpg\" class=\"thb_image  large-shadow  attachment-full\" alt=\"\" title=\"front-view-tailoring-studio-with-sewing-machine-garments\" \/>\t\t\t\t\t<\/div>\n\t\t\t\t\t\t<style>\n\t\t\t\t#thb-image-69da16ce190c5,\n\t\t\t\t#thb-image-69da16ce190c5 img {\n\t\t\t\t\tborder-radius: 10px;\n\t\t\t\t}\n\t\t<\/style>\n\t\t<\/div>\n\t[\/vc_column][vc_column width=&#8221;7\/12&#8243; css=&#8221;.vc_custom_1620646250661{padding-left: 5% !important;}&#8221;][vc_column_text animation=&#8221;animation fade-in&#8221;]\r\n<h2><b>Protot\u00fc\u00fcpimine kui br\u00e4ndistrateegia t\u00f6\u00f6riist<\/b><\/h2>\r\n[\/vc_column_text][vc_column_text]<span style=\"font-weight: 400;\">10 sammuline protsess, mida me protot\u00fc\u00fcpimisel rakendame ja millest sulle on k\u00f5ige rohkem kasu<\/span>[\/vc_column_text][vc_column_text]\r\n<ol>\r\n \t<li style=\"font-weight: 400;\" aria-level=\"1\"><span style=\"font-weight: 400;\">Selleks, et saada parem \u00fclevaade sinu soovidest ja vajadustest soovitame esmalt teha l\u00fchikese online kohtumise\u00a0<\/span><\/li>\r\n \t<li style=\"font-weight: 400;\" aria-level=\"1\"><span style=\"font-weight: 400;\">Loome mudelile tehnoloogilise dokumentatsiooni koos vajalike \u00f5mbluss\u00f5lmede l\u00e4bil\u00f5igetega<\/span><\/li>\r\n \t<li style=\"font-weight: 400;\" aria-level=\"1\"><span style=\"font-weight: 400;\">Parema tulemuse saamiseks \u00f5mbleme vajadusel\u00a0 keerukamatest kohtadest l\u00e4bi osalised mulaa\u017eid, et leida kanga omap\u00e4ra arvestades sobivaim lahendus<\/span><\/li>\r\n \t<li style=\"font-weight: 400;\" aria-level=\"1\"><span style=\"font-weight: 400;\">Protot\u00fc\u00fcpimise faasis testime kangaid ja tarvikuid ning anname sulle tagasisidet, millised lahendused t\u00f6\u00f6tavad sinu mudeli jaoks k\u00f5ige paremini<\/span><\/li>\r\n \t<li style=\"font-weight: 400;\" aria-level=\"1\"><span style=\"font-weight: 400;\">L\u00e4htuvalt sinu \u00fclesande p\u00fcstitusest modelleerime esmased digil\u00f5iked (kasutame Lectra programmi), mille j\u00e4rgi \u00f5mbleme esimese protot\u00fc\u00fcbi<\/span><\/li>\r\n \t<li style=\"font-weight: 400;\" aria-level=\"1\"><span style=\"font-weight: 400;\">\u00a0Anname omapoolseid kogemustel baseeruvaid soovitusi mudeli parendamiseks<\/span><\/li>\r\n \t<li style=\"font-weight: 400;\" aria-level=\"1\"><span style=\"font-weight: 400;\">V\u00f5imalusel\u00a0 kasutame protot\u00fc\u00fcpimisel alternatiivset ja oma omadustelt l\u00f5ppkangale sarnast materjali, kuna n\u00e4idiskangad on piisavalt kallid. Kui on tegemist tehniliselt keerulise kangaga, siis me kasutame originaalmaterjali, et minimeerida kangast tingitud v\u00f5imalikud ohukohad<\/span><\/li>\r\n \t<li style=\"font-weight: 400;\" aria-level=\"1\"><span style=\"font-weight: 400;\">Saadame sulle protot\u00fc\u00fcbi \u00fcle vaatamiseks\u00a0<\/span><\/li>\r\n \t<li style=\"font-weight: 400;\" aria-level=\"1\"><span style=\"font-weight: 400;\">Keerukamad mudelid v\u00f5ivad n\u00f5uda rohkem kui \u00fche protot\u00fc\u00fcbi tegemist<\/span><\/li>\r\n \t<li style=\"font-weight: 400;\" aria-level=\"1\"><span style=\"font-weight: 400;\">Vastavalt sinu kommentaaridele viime l\u00f5igetesse sisse vajalikud korrektiivid, modelleerime mudeli l\u00f5puni ning valmistame l\u00f5pliku n\u00e4idise<\/span><\/li>\r\n<\/ol>\r\n[\/vc_column_text][vc_column_text animation=&#8221;animation fade-in&#8221;]Baltic Intertex seisab hea, et saavad tehtud k\u00f5ik vajalikud eelt\u00f6\u00f6d, mis on olulised kvaliteetsete toodete valmimiseks. Koostame mudelile tehnoloogilise dokumentatsiooni, korraldame \u00f5mblusprotsessi ja j\u00e4lgime kogu tootmisahela kulgu et teie kliendid saaksid valmistooteid nautida.[\/vc_column_text][\/vc_column][\/vc_row][vc_row][vc_column]\t<div id=\"thb-fancy-box-69da16ce197a1\" class=\"thb-fancy-box  fancy-dark fancy-style6  thb-top-left    \">\n\t\t\t\t<div class=\"thb-fancy-image-container\n\t\t\">\n\t\t\t<div class=\"thb-fancy-image\">\n\t\t\t\t\t\t\t<\/div>\n\t\t<\/div>\n\t\t\t\t<div class=\"thb-fancy-content\n\t\t\">\n\t\t\t\t\t\t<div class=\"thb-fancy-text-content\">\n\t\t\t\t\r\n<h2><span style=\"font-weight: 400\">Miks teha koost\u00f6\u00f6d Baltic Intertex&#8217;iga?<\/span><\/h2>\r\n<ol>\r\n \t<li style=\"font-weight: 400\"><span style=\"font-weight: 400\">Meil on piisavalt kogemusi erinevat t\u00fc\u00fcpi toodete kui ka materjalidega<\/span><\/li>\r\n \t<li style=\"font-weight: 400\"><span style=\"font-weight: 400\">Me istume koosolekul \u201em\u00f5lemal pool lauda\u201c, kuna m\u00f5tleme sinuga kaasa l\u00e4htuvalt sinu br\u00e4ndi visioonist. Me teadvustame endale selgelt, et koos pingutades l\u00e4heb meil k\u00f5igil h\u00e4sti! Ja ega me teisiti ei oskagi, kui 100% panustades!<\/span><\/li>\r\n \t<li style=\"font-weight: 400\"><span style=\"font-weight: 400\">Oleme 22+ aasta jooksul lihvinud oma firma tootearenduse protsessi, mida soovime sinuga jagada. Iga idee v\u00e4\u00e4rib katsetamist!<\/span><\/li>\r\n \t<li style=\"font-weight: 400\"><span style=\"font-weight: 400\">V\u00f5id meid usaldada, kuna me teeme oma t\u00f6\u00f6d naudingu ja kirega ning kliendid tulevad ikka ja j\u00e4lle meie juurde tagasi &#8211; s\u00f5pradena.<\/span><\/li>\r\n<\/ol>\r\n<span style=\"font-weight: 400\">Varuge protot\u00fc\u00fcpimiseks aega ja kannatust, kuid see panustamine tasub ennast \u00e4ra!<\/span>\t\t\t<\/div>\n\t\t<\/div>\n\t\t<style>\n\t\t\t#thb-fancy-box-69da16ce197a1,\n\t\t\t#thb-fancy-box-69da16ce197a1.fancy-style5 .thb-fancy-image-container,\n\t\t\t#thb-fancy-box-69da16ce197a1 .atvImg-container,\n\t\t\t#thb-fancy-box-69da16ce197a1 .atvImg-layers {\n\t\t\t\tmin-height: 450px;\n\t\t\t}\n\t\t\t\t\t\t\t\t\t\t\t\t\t\t\t\t\t\t#thb-fancy-box-69da16ce197a1.fancy-style6 .thb-fancy-image-container {\n\t\t\t\t\t\tbackground:#ededed;background:linear-gradient( -135deg,#dddddd,#ededed );\t\t\t\t\t}\n\t\t\t\t\t\t\t\t\t\t\t\t<\/style>\n\t<\/div>\n\n\t[vc_empty_space height=&#8221;30px&#8221;][\/vc_column][\/vc_row][vc_row thb_full_width=&#8221;true&#8221; thb_row_padding=&#8221;true&#8221; thb_column_padding=&#8221;true&#8221; content_placement=&#8221;middle&#8221; thb_divider_color=&#8221;#ffffff&#8221; bg_gradient1=&#8221;rgba(198,162,107,0.79)&#8221; bg_gradient2=&#8221;rgba(191,161,109,0.01)&#8221; css=&#8221;.vc_custom_1618917001357{background-image: url(https:\/\/www.balticintertex.ee\/wp-content\/uploads\/2021\/02\/side-view-female-tailor-looking-through-garments-hangers-with-copy-space-scaled.jpg?id=383) !important;background-position: center !important;background-repeat: no-repeat !important;background-size: cover !important;}&#8221;][vc_column thb_color=&#8221;thb-light-column&#8221; el_class=&#8221;text-center&#8221; css=&#8221;.vc_custom_1618916929325{padding-top: 15% !important;padding-right: 5% !important;padding-bottom: 15% !important;padding-left: 5% !important;background-position: center !important;background-repeat: no-repeat !important;background-size: cover !important;}&#8221;][vc_column_text animation=&#8221;animation fade-in&#8221;]\r\n<h2>Oled sa valmis meiega koost\u00f6\u00f6d tegema?<\/h2>\r\n[\/vc_column_text][vc_empty_space height=&#8221;30px&#8221;]\t<a id=\"thb-button-69da16ce19880\" class=\"btn style1 medium  white pill-radius animation bottom-to-top   \" href=\"\/et\/kontakt\" target=\"_self\" role=\"button\">\n\t\t<span>V\u00d5TA \u00dcHENDUST<\/span>\n\t\t\t<\/a>\n\t\t[\/vc_column][\/vc_row]<\/div>","protected":false},"excerpt":{"rendered":"[vc_row thb_full_width=&#8221;true&#8221; thb_row_padding=&#8221;true&#8221; thb_column_padding=&#8221;true&#8221; thb_shape_divider=&#8221;true&#8221; css=&#8221;.vc_custom_1639113138787{padding-top: 30vh !important;padding-bottom: 24vh !important;background: #5d4e3f url(https:\/\/www.balticintertex.ee\/wp-content\/uploads\/2021\/12\/concept-fashion-designer-seamstress-small-businesses-seamstress-measures-mannequin.jpg?id=2087) !important;background-position: center !important;background-repeat: no-repeat !important;background-size: cover !important;}&#8221; divider_shape=&#8221;curve&#8221; thb_divider_color=&#8221;#f2f2f2&#8243;][vc_column][vc_row_inner el_class=&#8221;align-center&#8221;][vc_column_inner thb_color=&#8221;thb-light-column&#8221; el_class=&#8221;text-center&#8221; offset=&#8221;vc_col-lg-7 vc_col-md-10&#8243;][vc_empty_space height=&#8221;40px&#8221;][vc_column_text] 10 sammuline protsess, mida me prot\u00fc\u00fcpimisel rakendame [\/vc_column_text][vc_empty_space][\/vc_column_inner][\/vc_row_inner][\/vc_column][\/vc_row][vc_row thb_full_width=&#8221;true&#8221; thb_row_padding=&#8221;true&#8221; thb_column_padding=&#8221;true&#8221; content_placement=&#8221;middle&#8221; el_class=&#8221;second-row&#8221; css=&#8221;.vc_custom_1620645859525{padding-top: 55px !important;padding-bottom: 90px !important;background-color: #f2f2f2 !important;}&#8221; el_id=&#8221;meie-l\u00e4henemine&#8221;][vc_column][vc_row_inner][vc_column_inner width=&#8221;5\/12&#8243;][vc_empty_space height=&#8221;30px&#8221;][vc_column_text] M\u00fc\u00fcgiedu oluline osa on protot\u00fc\u00fcpide&hellip;","protected":false},"author":5,"featured_media":0,"parent":0,"menu_order":0,"comment_status":"closed","ping_status":"closed","template":"","meta":{"content-type":"","footnotes":""},"class_list":["post-1904","page","type-page","status-publish","hentry"],"yoast_head":"<!-- This site is optimized with the Yoast SEO plugin v27.3 - https:\/\/yoast.com\/product\/yoast-seo-wordpress\/ -->\n<title>Protot\u00fc\u00fcpimine &#8212; Baltic Intertex &#8212; Protot\u00fc\u00fcpimise protsess<\/title>\n<meta name=\"description\" content=\"Protot\u00fc\u00fcbid kui br\u00e4ndistrateegia t\u00f6\u00f6riist. 10-etapiline protsess, mida rakendatakse protot\u00fc\u00fcpide valmistamisel l\u00f5ikamaks k\u00f5ige rohkem kasu\" \/>\n<meta name=\"robots\" content=\"index, follow, max-snippet:-1, max-image-preview:large, max-video-preview:-1\" \/>\n<link rel=\"canonical\" href=\"https:\/\/www.balticintertex.ee\/et\/prototuupimine\/\" \/>\n<meta property=\"og:locale\" content=\"et_EE\" \/>\n<meta property=\"og:type\" content=\"article\" \/>\n<meta property=\"og:title\" content=\"Protot\u00fc\u00fcpimine &#8212; Baltic Intertex &#8212; Protot\u00fc\u00fcpimise protsess\" \/>\n<meta property=\"og:description\" content=\"Protot\u00fc\u00fcbid kui br\u00e4ndistrateegia t\u00f6\u00f6riist. 10-etapiline protsess, mida rakendatakse protot\u00fc\u00fcpide valmistamisel l\u00f5ikamaks k\u00f5ige rohkem kasu\" \/>\n<meta property=\"og:url\" content=\"https:\/\/www.balticintertex.ee\/et\/prototuupimine\/\" \/>\n<meta property=\"og:site_name\" content=\"Baltic Intertex\" \/>\n<meta property=\"article:modified_time\" content=\"2021-12-10T19:33:37+00:00\" \/>\n<meta name=\"twitter:card\" content=\"summary_large_image\" \/>\n<meta name=\"twitter:label1\" content=\"Est. reading time\" \/>\n\t<meta name=\"twitter:data1\" content=\"3 minutit\" \/>\n<script type=\"application\/ld+json\" class=\"yoast-schema-graph\">{\"@context\":\"https:\\\/\\\/schema.org\",\"@graph\":[{\"@type\":\"WebPage\",\"@id\":\"https:\\\/\\\/www.balticintertex.ee\\\/et\\\/prototuupimine\\\/\",\"url\":\"https:\\\/\\\/www.balticintertex.ee\\\/et\\\/prototuupimine\\\/\",\"name\":\"Protot\u00fc\u00fcpimine &#8212; Baltic Intertex &#8212; Protot\u00fc\u00fcpimise protsess\",\"isPartOf\":{\"@id\":\"https:\\\/\\\/www.balticintertex.ee\\\/et\\\/#website\"},\"datePublished\":\"2021-12-10T18:20:55+00:00\",\"dateModified\":\"2021-12-10T19:33:37+00:00\",\"description\":\"Protot\u00fc\u00fcbid kui br\u00e4ndistrateegia t\u00f6\u00f6riist. 10-etapiline protsess, mida rakendatakse protot\u00fc\u00fcpide valmistamisel l\u00f5ikamaks k\u00f5ige rohkem kasu\",\"breadcrumb\":{\"@id\":\"https:\\\/\\\/www.balticintertex.ee\\\/et\\\/prototuupimine\\\/#breadcrumb\"},\"inLanguage\":\"et\",\"potentialAction\":[{\"@type\":\"ReadAction\",\"target\":[\"https:\\\/\\\/www.balticintertex.ee\\\/et\\\/prototuupimine\\\/\"]}]},{\"@type\":\"BreadcrumbList\",\"@id\":\"https:\\\/\\\/www.balticintertex.ee\\\/et\\\/prototuupimine\\\/#breadcrumb\",\"itemListElement\":[{\"@type\":\"ListItem\",\"position\":1,\"name\":\"Home\",\"item\":\"https:\\\/\\\/www.balticintertex.ee\\\/et\\\/\"},{\"@type\":\"ListItem\",\"position\":2,\"name\":\"Protot\u00fc\u00fcpimine\"}]},{\"@type\":\"WebSite\",\"@id\":\"https:\\\/\\\/www.balticintertex.ee\\\/et\\\/#website\",\"url\":\"https:\\\/\\\/www.balticintertex.ee\\\/et\\\/\",\"name\":\"Baltic Intertex\",\"description\":\"Garment product development and production\",\"publisher\":{\"@id\":\"https:\\\/\\\/www.balticintertex.ee\\\/et\\\/#organization\"},\"potentialAction\":[{\"@type\":\"SearchAction\",\"target\":{\"@type\":\"EntryPoint\",\"urlTemplate\":\"https:\\\/\\\/www.balticintertex.ee\\\/et\\\/?s={search_term_string}\"},\"query-input\":{\"@type\":\"PropertyValueSpecification\",\"valueRequired\":true,\"valueName\":\"search_term_string\"}}],\"inLanguage\":\"et\"},{\"@type\":\"Organization\",\"@id\":\"https:\\\/\\\/www.balticintertex.ee\\\/et\\\/#organization\",\"name\":\"Baltic Intertex\",\"url\":\"https:\\\/\\\/www.balticintertex.ee\\\/et\\\/\",\"logo\":{\"@type\":\"ImageObject\",\"inLanguage\":\"et\",\"@id\":\"https:\\\/\\\/www.balticintertex.ee\\\/et\\\/#\\\/schema\\\/logo\\\/image\\\/\",\"url\":\"https:\\\/\\\/www.balticintertex.ee\\\/wp-content\\\/uploads\\\/2021\\\/01\\\/BIT_logo.svg\",\"contentUrl\":\"https:\\\/\\\/www.balticintertex.ee\\\/wp-content\\\/uploads\\\/2021\\\/01\\\/BIT_logo.svg\",\"width\":\"1024\",\"height\":\"1024\",\"caption\":\"Baltic Intertex\"},\"image\":{\"@id\":\"https:\\\/\\\/www.balticintertex.ee\\\/et\\\/#\\\/schema\\\/logo\\\/image\\\/\"}}]}<\/script>\n<!-- \/ Yoast SEO plugin. -->","yoast_head_json":{"title":"Protot\u00fc\u00fcpimine &#8212; Baltic Intertex &#8212; Protot\u00fc\u00fcpimise protsess","description":"Protot\u00fc\u00fcbid kui br\u00e4ndistrateegia t\u00f6\u00f6riist. 10-etapiline protsess, mida rakendatakse protot\u00fc\u00fcpide valmistamisel l\u00f5ikamaks k\u00f5ige rohkem kasu","robots":{"index":"index","follow":"follow","max-snippet":"max-snippet:-1","max-image-preview":"max-image-preview:large","max-video-preview":"max-video-preview:-1"},"canonical":"https:\/\/www.balticintertex.ee\/et\/prototuupimine\/","og_locale":"et_EE","og_type":"article","og_title":"Protot\u00fc\u00fcpimine &#8212; Baltic Intertex &#8212; Protot\u00fc\u00fcpimise protsess","og_description":"Protot\u00fc\u00fcbid kui br\u00e4ndistrateegia t\u00f6\u00f6riist. 10-etapiline protsess, mida rakendatakse protot\u00fc\u00fcpide valmistamisel l\u00f5ikamaks k\u00f5ige rohkem kasu","og_url":"https:\/\/www.balticintertex.ee\/et\/prototuupimine\/","og_site_name":"Baltic Intertex","article_modified_time":"2021-12-10T19:33:37+00:00","twitter_card":"summary_large_image","twitter_misc":{"Est. reading time":"3 minutit"},"schema":{"@context":"https:\/\/schema.org","@graph":[{"@type":"WebPage","@id":"https:\/\/www.balticintertex.ee\/et\/prototuupimine\/","url":"https:\/\/www.balticintertex.ee\/et\/prototuupimine\/","name":"Protot\u00fc\u00fcpimine &#8212; Baltic Intertex &#8212; Protot\u00fc\u00fcpimise protsess","isPartOf":{"@id":"https:\/\/www.balticintertex.ee\/et\/#website"},"datePublished":"2021-12-10T18:20:55+00:00","dateModified":"2021-12-10T19:33:37+00:00","description":"Protot\u00fc\u00fcbid kui br\u00e4ndistrateegia t\u00f6\u00f6riist. 10-etapiline protsess, mida rakendatakse protot\u00fc\u00fcpide valmistamisel l\u00f5ikamaks k\u00f5ige rohkem kasu","breadcrumb":{"@id":"https:\/\/www.balticintertex.ee\/et\/prototuupimine\/#breadcrumb"},"inLanguage":"et","potentialAction":[{"@type":"ReadAction","target":["https:\/\/www.balticintertex.ee\/et\/prototuupimine\/"]}]},{"@type":"BreadcrumbList","@id":"https:\/\/www.balticintertex.ee\/et\/prototuupimine\/#breadcrumb","itemListElement":[{"@type":"ListItem","position":1,"name":"Home","item":"https:\/\/www.balticintertex.ee\/et\/"},{"@type":"ListItem","position":2,"name":"Protot\u00fc\u00fcpimine"}]},{"@type":"WebSite","@id":"https:\/\/www.balticintertex.ee\/et\/#website","url":"https:\/\/www.balticintertex.ee\/et\/","name":"Baltic Intertex","description":"Garment product development and production","publisher":{"@id":"https:\/\/www.balticintertex.ee\/et\/#organization"},"potentialAction":[{"@type":"SearchAction","target":{"@type":"EntryPoint","urlTemplate":"https:\/\/www.balticintertex.ee\/et\/?s={search_term_string}"},"query-input":{"@type":"PropertyValueSpecification","valueRequired":true,"valueName":"search_term_string"}}],"inLanguage":"et"},{"@type":"Organization","@id":"https:\/\/www.balticintertex.ee\/et\/#organization","name":"Baltic Intertex","url":"https:\/\/www.balticintertex.ee\/et\/","logo":{"@type":"ImageObject","inLanguage":"et","@id":"https:\/\/www.balticintertex.ee\/et\/#\/schema\/logo\/image\/","url":"https:\/\/www.balticintertex.ee\/wp-content\/uploads\/2021\/01\/BIT_logo.svg","contentUrl":"https:\/\/www.balticintertex.ee\/wp-content\/uploads\/2021\/01\/BIT_logo.svg","width":"1024","height":"1024","caption":"Baltic Intertex"},"image":{"@id":"https:\/\/www.balticintertex.ee\/et\/#\/schema\/logo\/image\/"}}]}},"_links":{"self":[{"href":"https:\/\/www.balticintertex.ee\/et\/wp-json\/wp\/v2\/pages\/1904","targetHints":{"allow":["GET"]}}],"collection":[{"href":"https:\/\/www.balticintertex.ee\/et\/wp-json\/wp\/v2\/pages"}],"about":[{"href":"https:\/\/www.balticintertex.ee\/et\/wp-json\/wp\/v2\/types\/page"}],"author":[{"embeddable":true,"href":"https:\/\/www.balticintertex.ee\/et\/wp-json\/wp\/v2\/users\/5"}],"replies":[{"embeddable":true,"href":"https:\/\/www.balticintertex.ee\/et\/wp-json\/wp\/v2\/comments?post=1904"}],"version-history":[{"count":23,"href":"https:\/\/www.balticintertex.ee\/et\/wp-json\/wp\/v2\/pages\/1904\/revisions"}],"predecessor-version":[{"id":2153,"href":"https:\/\/www.balticintertex.ee\/et\/wp-json\/wp\/v2\/pages\/1904\/revisions\/2153"}],"wp:attachment":[{"href":"https:\/\/www.balticintertex.ee\/et\/wp-json\/wp\/v2\/media?parent=1904"}],"curies":[{"name":"wp","href":"https:\/\/api.w.org\/{rel}","templated":true}]}}