{"id":1909,"date":"2021-12-10T21:28:21","date_gmt":"2021-12-10T19:28:21","guid":{"rendered":"https:\/\/www.balticintertex.ee\/?page_id=1909"},"modified":"2021-12-10T21:28:21","modified_gmt":"2021-12-10T19:28:21","slug":"naidiskollektsioonid","status":"publish","type":"page","link":"https:\/\/www.balticintertex.ee\/et\/naidiskollektsioonid\/","title":{"rendered":"N\u00e4idiskollektsioonid"},"content":{"rendered":"<div class=\"wpb-content-wrapper\">[vc_row thb_full_width=&#8221;true&#8221; thb_row_padding=&#8221;true&#8221; thb_column_padding=&#8221;true&#8221; thb_shape_divider=&#8221;true&#8221; css=&#8221;.vc_custom_1638884018206{padding-top: 30vh !important;padding-bottom: 24vh !important;background: #5d4e3f url(https:\/\/www.balticintertex.ee\/wp-content\/uploads\/2021\/05\/smiling-young-colleagues-discussing-sketches-while-sewing-fashion-clothes-tailoring-studio-scaled.jpg?id=904) !important;background-position: center !important;background-repeat: no-repeat !important;background-size: cover !important;}&#8221; divider_shape=&#8221;curve&#8221; thb_divider_color=&#8221;#f2f2f2&#8243;][vc_column][vc_row_inner el_class=&#8221;align-center&#8221;][vc_column_inner thb_color=&#8221;thb-light-column&#8221; el_class=&#8221;text-center&#8221; offset=&#8221;vc_col-lg-7 vc_col-md-10&#8243;][vc_empty_space height=&#8221;40px&#8221;][vc_column_text]\r\n<h1>9 erineva otstarbega loodud\u00a0<em>n\u00e4idiskollektsiooni<\/em><\/h1>\r\n[\/vc_column_text][vc_empty_space]\t<a id=\"thb-button-69e68bbcdb3f7\" class=\"btn style1 medium  white pill-radius animation bottom-to-top   \" href=\"#our-approach\" target=\"_self\" role=\"button\">\n\t\t<span>VAATA L\u00c4HEMALT<\/span>\n\t\t\t<\/a>\n\t\t[\/vc_column_inner][\/vc_row_inner][\/vc_column][\/vc_row][vc_row thb_full_width=&#8221;true&#8221; thb_row_padding=&#8221;true&#8221; thb_column_padding=&#8221;true&#8221; content_placement=&#8221;middle&#8221; el_class=&#8221;second-row&#8221; css=&#8221;.vc_custom_1620645859525{padding-top: 55px !important;padding-bottom: 90px !important;background-color: #f2f2f2 !important;}&#8221; el_id=&#8221;meie-l\u00e4henemine&#8221;][vc_column][vc_row_inner][vc_column_inner width=&#8221;5\/12&#8243;][vc_empty_space height=&#8221;30px&#8221;]\t<div id=\"thb-label-69e68bbcdb42c\" class=\"thb-label animation bottom-to-top-3d   vc_custom_1616912261611\">\n\t\t<p><span style=\"font-size: 12px;color: #fff\"><strong>Meie l\u00e4henemine<\/strong><\/span><\/p>\n\t<\/div>\n\t[vc_column_text]\r\n<div class=\"thb-bg-list-title\">\r\n<h4>Lisaks teie br\u00e4ndi m\u00fc\u00fcgi n\u00e4idiskollektsioonidele aitame teha ka t\u00f5eliselt unikaalseid moeetenduskollektsioone.<\/h4>\r\n<\/div>\r\n[\/vc_column_text][vc_column_text]<span style=\"font-weight: 400;\">Igal Baltic Intertexi kliendil on oma konkreetsed soovid, mis eesm\u00e4rgil nad soovivad n\u00e4idiseid saada.\u00a0 Kaalutletud n\u00e4idiste arvuga saavutate te kindlasti parima tulemuse!<\/span>[\/vc_column_text]\t<div class=\"thb-iconlist \" id=\"thb-iconlist-69e68bbcdb5f8\">\n\t\t<ul>\n\t\t\t\t\t\t  <li class=\"thb-iconlist-li \">\n\t\t\t\t  <i class=\"far fa-check-circle\"><\/i>\n\t\t\t\tKas sa soovid raha s\u00e4\u00e4sta?\t\t\t  <\/li>\n\t\t  \t\t\t  <li class=\"thb-iconlist-li \">\n\t\t\t\t  <i class=\"far fa-check-circle\"><\/i>\n\t\t\t\tKas su eesm\u00e4rgiks on saada l\u00f5pptarbijate lisat\u00e4helepanu?\t\t\t  <\/li>\n\t\t  \t\t\t  <li class=\"thb-iconlist-li \">\n\t\t\t\t  <i class=\"far fa-check-circle\"><\/i>\n\t\t\t\tKas sa tahad saada kindlust enne tootmist?\t\t\t  <\/li>\n\t\t  \t\t<\/ul>\n\t\t<style>\n\t\t\t\t\t\t\t\t<\/style>\n\t<\/div>\n\t[vc_column_text]<span style=\"font-weight: 400;\">Kui sa kas v\u00f5i \u00fchel eelpool toodud k\u00fcsimuse vajusid veidi m\u00f5ttesse, siis soovitame sul tutvuda allj\u00e4rgneva informatsiooniga.<\/span>[\/vc_column_text][\/vc_column_inner][vc_column_inner width=&#8221;7\/12&#8243;][vc_empty_space mobile_height=&#8221;32px&#8221; height=&#8221;5vh&#8221;]\t<div class=\"thb_cascading_images \">\n\t\t\t<figure class=\"cascading_image\">\n\t\t<div class=\"cascading_inner animation right-to-left\">\n\t\t\t<img decoding=\"async\" src=\"https:\/\/www.balticintertex.ee\/wp-content\/uploads\/2021\/05\/astronaut-futuristic-silver-woman-glass-helmet-scaled-e1638883782285.jpg\" alt=\"\" style=\"transform: translateX(50%) translateY(20%); border-radius: 10px;\" width=\"626\" class=\"thb_box_shadow retina_size\"\/>\n\t\t<\/div>\n\t<\/figure>\n\t\t<figure class=\"cascading_image\">\n\t\t<div class=\"cascading_inner animation top-to-bottom\">\n\t\t\t<img decoding=\"async\" src=\"https:\/\/www.balticintertex.ee\/wp-content\/uploads\/2021\/05\/customers-checking-out-shop-scaled-e1638883746102.jpg\" alt=\"\" style=\"transform: translateX(0%) translateY(-10%); border-radius: 10px;\" width=\"626\" class=\"thb_box_shadow retina_size\"\/>\n\t\t<\/div>\n\t<\/figure>\n\t\t<\/div>\n\t[vc_empty_space mobile_height=&#8221;32px&#8221; height=&#8221;5vh&#8221;][\/vc_column_inner][\/vc_row_inner][\/vc_column][\/vc_row][vc_row content_placement=&#8221;middle&#8221; css=&#8221;.vc_custom_1637663088542{padding-top: 55px !important;padding-bottom: 90px !important;}&#8221; el_id=&#8221;protot\u00fc\u00fcpimine&#8221; el_class=&#8221;row_reverse&#8221;][vc_column width=&#8221;5\/12&#8243;][vc_empty_space mobile_height=&#8221;32px&#8221; height=&#8221;0&#8243;]\t<div id=\"thb-image-69e68bbcdbb01\" class=\"caption-style1  aligncenter   thb_image_link wp-caption \">\n\t\t\t<div class=\"thb-image-inner size_100\">\n\t\t\t<img loading=\"lazy\" decoding=\"async\" width=\"626\" height=\"429\" src=\"https:\/\/www.balticintertex.ee\/wp-content\/uploads\/2021\/12\/woman-checking-out-some-clothes-e1638881355261.jpg\" class=\"thb_image  large-shadow  attachment-full\" alt=\"\" title=\"Woman checking out clothes\" \/>\t\t\t\t\t<\/div>\n\t\t\t\t\t\t<style>\n\t\t\t\t#thb-image-69e68bbcdbb01,\n\t\t\t\t#thb-image-69e68bbcdbb01 img {\n\t\t\t\t\tborder-radius: 10px;\n\t\t\t\t}\n\t\t<\/style>\n\t\t<\/div>\n\t[\/vc_column][vc_column width=&#8221;7\/12&#8243; css=&#8221;.vc_custom_1620646250661{padding-left: 5% !important;}&#8221;][vc_column_text animation=&#8221;animation fade-in&#8221;]\r\n<h2>9 erineva otstarbega loodud\u00a0n\u00e4idiskollektsiooni<\/h2>\r\n[\/vc_column_text][vc_column_text]<span style=\"font-weight: 400;\">Leia enda br\u00e4ndi tutvustamises sobivaim n\u00e4idiskolletsioon:<\/span>[\/vc_column_text][vc_column_text]\r\n<ol>\r\n \t<li style=\"font-weight: 400;\" aria-level=\"1\"><span style=\"font-weight: 400;\"><strong>V\u00e4ike n\u00e4idiste kollektsioon<\/strong> 1-2 tk mudelist.\u00a0 Kulude kokkuhoiu m\u00f5ttes soovitame kasutada juhul, kui sa alles alustad oma br\u00e4ndiga ning m\u00fc\u00fcd oma tooteid ise. Tavaliselt tehakse v\u00e4he mudeleid ning erinevaid v\u00e4rve mudelist kasutatakse kollektsiooni tervikliku pildi ja v\u00e4rvigamma edastamiseks.\u00a0<\/span><\/li>\r\n \t<li style=\"font-weight: 400;\" aria-level=\"1\"><span style=\"font-weight: 400;\"><strong>V\u00e4ikesed n\u00e4idiste seeriad<\/strong> \u2013 m\u00f5tle hoolega, kui palju m\u00fc\u00fcgin\u00e4idiseid sa tegelikult vajad. Arvesta, et tootmiseks on tootjal alati vaja n\u00e4ha korrektset n\u00e4idist.<\/span><\/li>\r\n \t<li style=\"font-weight: 400;\" aria-level=\"1\"><span style=\"font-weight: 400;\"><strong>M\u00fc\u00fcgin\u00e4idised (SMS)<\/strong> \u2013 spetsiaalselt m\u00fc\u00fcgiinimestele tehtud identsed n\u00e4idised<\/span><\/li>\r\n \t<li style=\"font-weight: 400;\" aria-level=\"1\"><span style=\"font-weight: 400;\"><strong>Moeshow pilgup\u00fc\u00fcdja<\/strong> \u2013 mudel, millega t\u00f5mmata klientide t\u00e4helepanu, kuid tavaliselt toode on nii kallis, et toomiseni see mudel ei j\u00f5ua. Pigem m\u00fc\u00fcakse see ainueksemplarina maha.\u00a0<\/span><\/li>\r\n \t<li style=\"font-weight: 400;\" aria-level=\"1\"><span style=\"font-weight: 400;\"><strong>Pildistamise n\u00e4idis<\/strong> \u2013 sageli j\u00f5uavad n\u00e4idiskangad nii hilja kohale, et fotosessiooni ning n\u00e4idiste tootmisaeg kattuvad. Sellisel juhul soovitame valida pildistamiseks olulised mudelid varem v\u00e4lja ning koostada nende alusel prioriteedi list.<\/span><\/li>\r\n \t<li style=\"font-weight: 400;\" aria-level=\"1\"><span style=\"font-weight: 400;\"><strong>E-poe n\u00e4idis<\/strong> \u2013 kui pildistamine pressib j\u00e4lle peale ning konkreetsest kangast toodet valmis ei j\u00f5ua, siis on v\u00f5imalus \u00f5mmelda mudel teisest kangast. Kasutades loovust on v\u00f5imalik erinevaid tootele iseloomulikke s\u00f5lmkohti pildistada \u00fcles ka v\u00e4ikeste mulaa\u017eidena. \u00dcldtoodet saab korrigeerida digitaalsete vahenditega.<\/span><\/li>\r\n \t<li style=\"font-weight: 400;\" aria-level=\"1\"><span style=\"font-weight: 400;\"><strong>Istuvuse n\u00e4idis<\/strong> \u2013 see n\u00e4idis on vajalik juhul, kui on tegemist vana mudeliga, kuid on vahetunud kangas. N\u00e4iteks venimatust kangast mudelit soovitakse teha trikotaa\u017eist.\u00a0<\/span><\/li>\r\n \t<li style=\"font-weight: 400;\" aria-level=\"1\"><span style=\"font-weight: 400;\"><strong>Suuruste n\u00e4idised<\/strong> \u2013 soovitame kasutada keerulise mudeli puhul enne tootmisesse andmist. Tavaliselt tellitakse paar n\u00e4idist erinevatest suurustest. N\u00e4iteks m\u00fc\u00fcgin\u00e4idis tehti S ja l\u00f5ike istuvuse jaoks katsetatakse veel XL suurust.\u00a0<\/span><\/li>\r\n \t<li style=\"font-weight: 400;\" aria-level=\"1\"><span style=\"font-weight: 400;\"><strong>Tootmiseelne n\u00e4idiste seeria\u00a0<\/strong> &#8211; tellitakse n\u00e4idised k\u00f5ikidest suurustest ning veendutakse, et erinevate suuruste suurendusreeglid on paigas.\u00a0<\/span><\/li>\r\n<\/ol>\r\n[\/vc_column_text][\/vc_column][\/vc_row][vc_row][vc_column]\t<div id=\"thb-fancy-box-69e68bbcdc1a7\" class=\"thb-fancy-box  fancy-dark fancy-style6  thb-top-left    \">\n\t\t\t\t<div class=\"thb-fancy-image-container\n\t\t\">\n\t\t\t<div class=\"thb-fancy-image\">\n\t\t\t\t\t\t\t<\/div>\n\t\t<\/div>\n\t\t\t\t<div class=\"thb-fancy-content\n\t\t\">\n\t\t\t\t\t\t<div class=\"thb-fancy-text-content\">\n\t\t\t\t\r\n<h2><span style=\"font-weight: 400\">Miks valida Baltic Intertex koost\u00f6\u00f6partneriks?\r\n<\/span><\/h2>\r\n<ol>\r\n \t<li style=\"font-weight: 400\"><span style=\"font-weight: 400\">Aastatega kogutud teadmiste p\u00f5hjal oskame soovitada sinu jaoks optimaalset n\u00e4idiskollektsiooni<\/span><\/li>\r\n \t<li style=\"font-weight: 400\"><span style=\"font-weight: 400\">Tunneme uhkust ja headmeelt, kui meie tehtud n\u00e4idiskollektsioonid vallutavad maailma lavalaudasid ning saavad publikult positiivse tagasiside<\/span><\/li>\r\n \t<li style=\"font-weight: 400\"><span style=\"font-weight: 400\">R\u00f5\u00f5mustame sinuga koos, kui suudame \u00f5ige n\u00e4idiskollektsiooni valikuga ning minimaalsete kulutustega saavutada maksimaalse tulemuse<\/span><\/li>\r\n<\/ol>\r\n\t\t\t<\/div>\n\t\t<\/div>\n\t\t<style>\n\t\t\t#thb-fancy-box-69e68bbcdc1a7,\n\t\t\t#thb-fancy-box-69e68bbcdc1a7.fancy-style5 .thb-fancy-image-container,\n\t\t\t#thb-fancy-box-69e68bbcdc1a7 .atvImg-container,\n\t\t\t#thb-fancy-box-69e68bbcdc1a7 .atvImg-layers {\n\t\t\t\tmin-height: 400px;\n\t\t\t}\n\t\t\t\t\t\t\t\t\t\t\t\t\t\t\t\t\t\t#thb-fancy-box-69e68bbcdc1a7.fancy-style6 .thb-fancy-image-container {\n\t\t\t\t\t\tbackground:#ededed;background:linear-gradient( -135deg,#dddddd,#ededed );\t\t\t\t\t}\n\t\t\t\t\t\t\t\t\t\t\t\t<\/style>\n\t<\/div>\n\n\t[vc_empty_space height=&#8221;30px&#8221;][\/vc_column][\/vc_row][vc_row thb_full_width=&#8221;true&#8221; thb_row_padding=&#8221;true&#8221; thb_column_padding=&#8221;true&#8221; content_placement=&#8221;middle&#8221; thb_divider_color=&#8221;#ffffff&#8221; bg_gradient1=&#8221;rgba(198,162,107,0.79)&#8221; bg_gradient2=&#8221;rgba(191,161,109,0.01)&#8221; css=&#8221;.vc_custom_1618917001357{background-image: url(https:\/\/www.balticintertex.ee\/wp-content\/uploads\/2021\/02\/side-view-female-tailor-looking-through-garments-hangers-with-copy-space-scaled.jpg?id=383) !important;background-position: center !important;background-repeat: no-repeat !important;background-size: cover !important;}&#8221;][vc_column thb_color=&#8221;thb-light-column&#8221; el_class=&#8221;text-center&#8221; css=&#8221;.vc_custom_1618916929325{padding-top: 15% !important;padding-right: 5% !important;padding-bottom: 15% !important;padding-left: 5% !important;background-position: center !important;background-repeat: no-repeat !important;background-size: cover !important;}&#8221;][vc_column_text animation=&#8221;animation fade-in&#8221;]\r\n<h2>Oled sa valmis meiega koost\u00f6\u00f6d tegema?<\/h2>\r\n[\/vc_column_text][vc_empty_space height=&#8221;30px&#8221;]\t<a id=\"thb-button-69e68bbcdc279\" class=\"btn style1 medium  white pill-radius animation bottom-to-top   \" href=\"\/et\/kontakt\" target=\"_self\" role=\"button\">\n\t\t<span>V\u00d5TA \u00dcHENDUST<\/span>\n\t\t\t<\/a>\n\t\t[\/vc_column][\/vc_row]<\/div>","protected":false},"excerpt":{"rendered":"[vc_row thb_full_width=&#8221;true&#8221; thb_row_padding=&#8221;true&#8221; thb_column_padding=&#8221;true&#8221; thb_shape_divider=&#8221;true&#8221; css=&#8221;.vc_custom_1638884018206{padding-top: 30vh !important;padding-bottom: 24vh !important;background: #5d4e3f url(https:\/\/www.balticintertex.ee\/wp-content\/uploads\/2021\/05\/smiling-young-colleagues-discussing-sketches-while-sewing-fashion-clothes-tailoring-studio-scaled.jpg?id=904) !important;background-position: center !important;background-repeat: no-repeat !important;background-size: cover !important;}&#8221; divider_shape=&#8221;curve&#8221; thb_divider_color=&#8221;#f2f2f2&#8243;][vc_column][vc_row_inner el_class=&#8221;align-center&#8221;][vc_column_inner thb_color=&#8221;thb-light-column&#8221; el_class=&#8221;text-center&#8221; offset=&#8221;vc_col-lg-7 vc_col-md-10&#8243;][vc_empty_space height=&#8221;40px&#8221;][vc_column_text] 9 erineva otstarbega loodud\u00a0n\u00e4idiskollektsiooni [\/vc_column_text][vc_empty_space][\/vc_column_inner][\/vc_row_inner][\/vc_column][\/vc_row][vc_row thb_full_width=&#8221;true&#8221; thb_row_padding=&#8221;true&#8221; thb_column_padding=&#8221;true&#8221; content_placement=&#8221;middle&#8221; el_class=&#8221;second-row&#8221; css=&#8221;.vc_custom_1620645859525{padding-top: 55px !important;padding-bottom: 90px !important;background-color: #f2f2f2 !important;}&#8221; el_id=&#8221;meie-l\u00e4henemine&#8221;][vc_column][vc_row_inner][vc_column_inner width=&#8221;5\/12&#8243;][vc_empty_space height=&#8221;30px&#8221;][vc_column_text] Lisaks teie br\u00e4ndi m\u00fc\u00fcgi n\u00e4idiskollektsioonidele aitame teha ka&hellip;","protected":false},"author":5,"featured_media":0,"parent":0,"menu_order":0,"comment_status":"closed","ping_status":"closed","template":"","meta":{"content-type":"","footnotes":""},"class_list":["post-1909","page","type-page","status-publish","hentry"],"yoast_head":"<!-- This site is optimized with the Yoast SEO plugin v27.4 - https:\/\/yoast.com\/product\/yoast-seo-wordpress\/ -->\n<title>N\u00e4idiskollektsioonid &#8212; Baltic Intertex &#8212; Meie pakutavad teenused<\/title>\n<meta name=\"description\" content=\"Lisaks tavap\u00e4rastele m\u00fc\u00fcgikollektsioonidele pakume v\u00f5imalust toota ka eriilmelisi moeshowde tarbeks kavandatut.\" \/>\n<meta name=\"robots\" content=\"index, follow, max-snippet:-1, max-image-preview:large, max-video-preview:-1\" \/>\n<link rel=\"canonical\" href=\"https:\/\/www.balticintertex.ee\/et\/naidiskollektsioonid\/\" \/>\n<meta property=\"og:locale\" content=\"et_EE\" \/>\n<meta property=\"og:type\" content=\"article\" \/>\n<meta property=\"og:title\" content=\"N\u00e4idiskollektsioonid &#8212; Baltic Intertex &#8212; Meie pakutavad teenused\" \/>\n<meta property=\"og:description\" content=\"Lisaks tavap\u00e4rastele m\u00fc\u00fcgikollektsioonidele pakume v\u00f5imalust toota ka eriilmelisi moeshowde tarbeks kavandatut.\" \/>\n<meta property=\"og:url\" content=\"https:\/\/www.balticintertex.ee\/et\/naidiskollektsioonid\/\" \/>\n<meta property=\"og:site_name\" content=\"Baltic Intertex\" \/>\n<meta name=\"twitter:card\" content=\"summary_large_image\" \/>\n<meta name=\"twitter:label1\" content=\"Est. reading time\" \/>\n\t<meta name=\"twitter:data1\" content=\"3 minutit\" \/>\n<script type=\"application\/ld+json\" class=\"yoast-schema-graph\">{\"@context\":\"https:\\\/\\\/schema.org\",\"@graph\":[{\"@type\":\"WebPage\",\"@id\":\"https:\\\/\\\/www.balticintertex.ee\\\/et\\\/naidiskollektsioonid\\\/\",\"url\":\"https:\\\/\\\/www.balticintertex.ee\\\/et\\\/naidiskollektsioonid\\\/\",\"name\":\"N\u00e4idiskollektsioonid &#8212; Baltic Intertex &#8212; Meie pakutavad teenused\",\"isPartOf\":{\"@id\":\"https:\\\/\\\/www.balticintertex.ee\\\/et\\\/#website\"},\"datePublished\":\"2021-12-10T19:28:21+00:00\",\"description\":\"Lisaks tavap\u00e4rastele m\u00fc\u00fcgikollektsioonidele pakume v\u00f5imalust toota ka eriilmelisi moeshowde tarbeks kavandatut.\",\"breadcrumb\":{\"@id\":\"https:\\\/\\\/www.balticintertex.ee\\\/et\\\/naidiskollektsioonid\\\/#breadcrumb\"},\"inLanguage\":\"et\",\"potentialAction\":[{\"@type\":\"ReadAction\",\"target\":[\"https:\\\/\\\/www.balticintertex.ee\\\/et\\\/naidiskollektsioonid\\\/\"]}]},{\"@type\":\"BreadcrumbList\",\"@id\":\"https:\\\/\\\/www.balticintertex.ee\\\/et\\\/naidiskollektsioonid\\\/#breadcrumb\",\"itemListElement\":[{\"@type\":\"ListItem\",\"position\":1,\"name\":\"Home\",\"item\":\"https:\\\/\\\/www.balticintertex.ee\\\/et\\\/\"},{\"@type\":\"ListItem\",\"position\":2,\"name\":\"N\u00e4idiskollektsioonid\"}]},{\"@type\":\"WebSite\",\"@id\":\"https:\\\/\\\/www.balticintertex.ee\\\/et\\\/#website\",\"url\":\"https:\\\/\\\/www.balticintertex.ee\\\/et\\\/\",\"name\":\"Baltic Intertex\",\"description\":\"Garment product development and production\",\"publisher\":{\"@id\":\"https:\\\/\\\/www.balticintertex.ee\\\/et\\\/#organization\"},\"potentialAction\":[{\"@type\":\"SearchAction\",\"target\":{\"@type\":\"EntryPoint\",\"urlTemplate\":\"https:\\\/\\\/www.balticintertex.ee\\\/et\\\/?s={search_term_string}\"},\"query-input\":{\"@type\":\"PropertyValueSpecification\",\"valueRequired\":true,\"valueName\":\"search_term_string\"}}],\"inLanguage\":\"et\"},{\"@type\":\"Organization\",\"@id\":\"https:\\\/\\\/www.balticintertex.ee\\\/et\\\/#organization\",\"name\":\"Baltic Intertex\",\"url\":\"https:\\\/\\\/www.balticintertex.ee\\\/et\\\/\",\"logo\":{\"@type\":\"ImageObject\",\"inLanguage\":\"et\",\"@id\":\"https:\\\/\\\/www.balticintertex.ee\\\/et\\\/#\\\/schema\\\/logo\\\/image\\\/\",\"url\":\"https:\\\/\\\/www.balticintertex.ee\\\/wp-content\\\/uploads\\\/2021\\\/01\\\/BIT_logo.svg\",\"contentUrl\":\"https:\\\/\\\/www.balticintertex.ee\\\/wp-content\\\/uploads\\\/2021\\\/01\\\/BIT_logo.svg\",\"width\":\"1024\",\"height\":\"1024\",\"caption\":\"Baltic Intertex\"},\"image\":{\"@id\":\"https:\\\/\\\/www.balticintertex.ee\\\/et\\\/#\\\/schema\\\/logo\\\/image\\\/\"}}]}<\/script>\n<!-- \/ Yoast SEO plugin. -->","yoast_head_json":{"title":"N\u00e4idiskollektsioonid &#8212; Baltic Intertex &#8212; Meie pakutavad teenused","description":"Lisaks tavap\u00e4rastele m\u00fc\u00fcgikollektsioonidele pakume v\u00f5imalust toota ka eriilmelisi moeshowde tarbeks kavandatut.","robots":{"index":"index","follow":"follow","max-snippet":"max-snippet:-1","max-image-preview":"max-image-preview:large","max-video-preview":"max-video-preview:-1"},"canonical":"https:\/\/www.balticintertex.ee\/et\/naidiskollektsioonid\/","og_locale":"et_EE","og_type":"article","og_title":"N\u00e4idiskollektsioonid &#8212; Baltic Intertex &#8212; Meie pakutavad teenused","og_description":"Lisaks tavap\u00e4rastele m\u00fc\u00fcgikollektsioonidele pakume v\u00f5imalust toota ka eriilmelisi moeshowde tarbeks kavandatut.","og_url":"https:\/\/www.balticintertex.ee\/et\/naidiskollektsioonid\/","og_site_name":"Baltic Intertex","twitter_card":"summary_large_image","twitter_misc":{"Est. reading time":"3 minutit"},"schema":{"@context":"https:\/\/schema.org","@graph":[{"@type":"WebPage","@id":"https:\/\/www.balticintertex.ee\/et\/naidiskollektsioonid\/","url":"https:\/\/www.balticintertex.ee\/et\/naidiskollektsioonid\/","name":"N\u00e4idiskollektsioonid &#8212; Baltic Intertex &#8212; Meie pakutavad teenused","isPartOf":{"@id":"https:\/\/www.balticintertex.ee\/et\/#website"},"datePublished":"2021-12-10T19:28:21+00:00","description":"Lisaks tavap\u00e4rastele m\u00fc\u00fcgikollektsioonidele pakume v\u00f5imalust toota ka eriilmelisi moeshowde tarbeks kavandatut.","breadcrumb":{"@id":"https:\/\/www.balticintertex.ee\/et\/naidiskollektsioonid\/#breadcrumb"},"inLanguage":"et","potentialAction":[{"@type":"ReadAction","target":["https:\/\/www.balticintertex.ee\/et\/naidiskollektsioonid\/"]}]},{"@type":"BreadcrumbList","@id":"https:\/\/www.balticintertex.ee\/et\/naidiskollektsioonid\/#breadcrumb","itemListElement":[{"@type":"ListItem","position":1,"name":"Home","item":"https:\/\/www.balticintertex.ee\/et\/"},{"@type":"ListItem","position":2,"name":"N\u00e4idiskollektsioonid"}]},{"@type":"WebSite","@id":"https:\/\/www.balticintertex.ee\/et\/#website","url":"https:\/\/www.balticintertex.ee\/et\/","name":"Baltic Intertex","description":"Garment product development and production","publisher":{"@id":"https:\/\/www.balticintertex.ee\/et\/#organization"},"potentialAction":[{"@type":"SearchAction","target":{"@type":"EntryPoint","urlTemplate":"https:\/\/www.balticintertex.ee\/et\/?s={search_term_string}"},"query-input":{"@type":"PropertyValueSpecification","valueRequired":true,"valueName":"search_term_string"}}],"inLanguage":"et"},{"@type":"Organization","@id":"https:\/\/www.balticintertex.ee\/et\/#organization","name":"Baltic Intertex","url":"https:\/\/www.balticintertex.ee\/et\/","logo":{"@type":"ImageObject","inLanguage":"et","@id":"https:\/\/www.balticintertex.ee\/et\/#\/schema\/logo\/image\/","url":"https:\/\/www.balticintertex.ee\/wp-content\/uploads\/2021\/01\/BIT_logo.svg","contentUrl":"https:\/\/www.balticintertex.ee\/wp-content\/uploads\/2021\/01\/BIT_logo.svg","width":"1024","height":"1024","caption":"Baltic Intertex"},"image":{"@id":"https:\/\/www.balticintertex.ee\/et\/#\/schema\/logo\/image\/"}}]}},"_links":{"self":[{"href":"https:\/\/www.balticintertex.ee\/et\/wp-json\/wp\/v2\/pages\/1909","targetHints":{"allow":["GET"]}}],"collection":[{"href":"https:\/\/www.balticintertex.ee\/et\/wp-json\/wp\/v2\/pages"}],"about":[{"href":"https:\/\/www.balticintertex.ee\/et\/wp-json\/wp\/v2\/types\/page"}],"author":[{"embeddable":true,"href":"https:\/\/www.balticintertex.ee\/et\/wp-json\/wp\/v2\/users\/5"}],"replies":[{"embeddable":true,"href":"https:\/\/www.balticintertex.ee\/et\/wp-json\/wp\/v2\/comments?post=1909"}],"version-history":[{"count":14,"href":"https:\/\/www.balticintertex.ee\/et\/wp-json\/wp\/v2\/pages\/1909\/revisions"}],"predecessor-version":[{"id":2151,"href":"https:\/\/www.balticintertex.ee\/et\/wp-json\/wp\/v2\/pages\/1909\/revisions\/2151"}],"wp:attachment":[{"href":"https:\/\/www.balticintertex.ee\/et\/wp-json\/wp\/v2\/media?parent=1909"}],"curies":[{"name":"wp","href":"https:\/\/api.w.org\/{rel}","templated":true}]}}