{"id":1941,"date":"2021-12-10T20:17:41","date_gmt":"2021-12-10T18:17:41","guid":{"rendered":"https:\/\/www.balticintertex.ee\/?page_id=1941"},"modified":"2021-12-10T21:37:26","modified_gmt":"2021-12-10T19:37:26","slug":"transport","status":"publish","type":"page","link":"https:\/\/www.balticintertex.ee\/et\/transport\/","title":{"rendered":"Transport"},"content":{"rendered":"<div class=\"wpb-content-wrapper\">[vc_row thb_full_width=&#8221;true&#8221; thb_row_padding=&#8221;true&#8221; thb_column_padding=&#8221;true&#8221; thb_shape_divider=&#8221;true&#8221; css=&#8221;.vc_custom_1639113910687{padding-top: 30vh !important;padding-bottom: 24vh !important;background: #5d4e3f url(https:\/\/www.balticintertex.ee\/wp-content\/uploads\/2021\/12\/white-truck-winter-road.jpg?id=2102) !important;background-position: center !important;background-repeat: no-repeat !important;background-size: cover !important;}&#8221; divider_shape=&#8221;curve&#8221; thb_divider_color=&#8221;#f2f2f2&#8243;][vc_column][vc_row_inner el_class=&#8221;align-center&#8221;][vc_column_inner thb_color=&#8221;thb-light-column&#8221; el_class=&#8221;text-center&#8221; offset=&#8221;vc_col-lg-7 vc_col-md-10&#8243;][vc_empty_space height=&#8221;40px&#8221;][vc_column_text]\r\n<h1>Mitmesugune <em>transport<\/em> ja logistika sinu toodetele<\/h1>\r\n[\/vc_column_text][vc_empty_space]\t<a id=\"thb-button-69fcae171c5f1\" class=\"btn style1 medium  white pill-radius animation bottom-to-top   \" href=\"#our-approach\" target=\"_self\" role=\"button\">\n\t\t<span>VAATA L\u00c4HEMALT<\/span>\n\t\t\t<\/a>\n\t\t[\/vc_column_inner][\/vc_row_inner][\/vc_column][\/vc_row][vc_row thb_full_width=&#8221;true&#8221; thb_row_padding=&#8221;true&#8221; thb_column_padding=&#8221;true&#8221; content_placement=&#8221;middle&#8221; el_class=&#8221;second-row&#8221; css=&#8221;.vc_custom_1620645859525{padding-top: 55px !important;padding-bottom: 90px !important;background-color: #f2f2f2 !important;}&#8221; el_id=&#8221;our-approach&#8221;][vc_column][vc_row_inner][vc_column_inner width=&#8221;5\/12&#8243;][vc_empty_space height=&#8221;30px&#8221;]\t<div id=\"thb-label-69fcae171c622\" class=\"thb-label animation bottom-to-top-3d   vc_custom_1616912261611\">\n\t\t<p><span style=\"font-size: 12px;color: #fff\"><strong>Meie l\u00e4henemine<\/strong><\/span><\/p>\n\t<\/div>\n\t[vc_column_text]\r\n<div class=\"thb-bg-list-title\">\r\n<h4>Transpordilahendused, mis toetavad sinu br\u00e4ndi.<\/h4>\r\n<\/div>\r\n[\/vc_column_text][vc_column_text]<span style=\"font-weight: 400;\">Kui su toodang on valmis, kuid tarne viibib, siis see ei tee see r\u00f5\u00f5msaks ei sind, l\u00f5pptarbijat ega ka meid!\u00a0<\/span>[\/vc_column_text]\t<div class=\"thb-iconlist \" id=\"thb-iconlist-69fcae171c6b6\">\n\t\t<ul>\n\t\t\t\t\t\t  <li class=\"thb-iconlist-li \">\n\t\t\t\t  <i class=\"far fa-check-circle\"><\/i>\n\t\t\t\tKas sa ei tea millist transpordi firmat mingis situatsioonis kasutada?\t\t\t  <\/li>\n\t\t  \t\t\t  <li class=\"thb-iconlist-li \">\n\t\t\t\t  <i class=\"far fa-check-circle\"><\/i>\n\t\t\t\tKas on tulnud ette olukorda kus sa pead transpordi eest k\u00f5rgemat hinda maksma kliendilepingu puudumise t\u00f5ttu?\t\t\t  <\/li>\n\t\t  \t\t\t  <li class=\"thb-iconlist-li \">\n\t\t\t\t  <i class=\"far fa-check-circle\"><\/i>\n\t\t\t\tKas sul on olnud raskusi saadetava kauba mahu ja kaalu m\u00e4\u00e4ramisega?\t\t\t  <\/li>\n\t\t  \t\t<\/ul>\n\t\t<style>\n\t\t\t\t\t\t\t\t<\/style>\n\t<\/div>\n\t[vc_column_text]<span style=\"font-weight: 400;\">Kui sa siit loetelust leiad midagi tuttavat, siis on sul m\u00f5istlik loobuda olemast logistik ning usaldada k\u00f5ik transpordiga seotud k\u00fcsimused Baltic Intertexi hoolde.<\/span>[\/vc_column_text][\/vc_column_inner][vc_column_inner width=&#8221;7\/12&#8243;][vc_empty_space mobile_height=&#8221;32px&#8221; height=&#8221;5vh&#8221;]\t<div class=\"thb_cascading_images \">\n\t\t\t<figure class=\"cascading_image\">\n\t\t<div class=\"cascading_inner animation right-to-left\">\n\t\t\t<img decoding=\"async\" src=\"https:\/\/www.balticintertex.ee\/wp-content\/uploads\/2021\/12\/young-man-working-warehouse-with-boxes-2-e1638883507968.jpg\" alt=\"\" style=\"transform: translateX(50%) translateY(20%); border-radius: 10px;\" width=\"626\" class=\"thb_box_shadow retina_size\"\/>\n\t\t<\/div>\n\t<\/figure>\n\t\t<figure class=\"cascading_image\">\n\t\t<div class=\"cascading_inner animation top-to-bottom\">\n\t\t\t<img decoding=\"async\" src=\"https:\/\/www.balticintertex.ee\/wp-content\/uploads\/2021\/12\/young-man-working-warehouse-with-boxes-1-e1638883496462.jpg\" alt=\"\" style=\"transform: translateX(0%) translateY(-10%); border-radius: 10px;\" width=\"626\" class=\"thb_box_shadow retina_size\"\/>\n\t\t<\/div>\n\t<\/figure>\n\t\t<\/div>\n\t[vc_empty_space mobile_height=&#8221;32px&#8221; height=&#8221;5vh&#8221;][\/vc_column_inner][\/vc_row_inner][\/vc_column][\/vc_row][vc_row content_placement=&#8221;middle&#8221; css=&#8221;.vc_custom_1638547256029{padding-top: 55px !important;padding-bottom: 90px !important;}&#8221; el_id=&#8221;transport&#8221; el_class=&#8221;row_reverse&#8221;][vc_column width=&#8221;5\/12&#8243;][vc_empty_space mobile_height=&#8221;32px&#8221; height=&#8221;0&#8243;]\t<div id=\"thb-image-69fcae171cc3a\" class=\"caption-style1  aligncenter   thb_image_link wp-caption \">\n\t\t\t<div class=\"thb-image-inner size_100\">\n\t\t\t<img loading=\"lazy\" decoding=\"async\" width=\"626\" height=\"417\" src=\"https:\/\/www.balticintertex.ee\/wp-content\/uploads\/2021\/12\/man-by-truck-guy-delivery-uniform-man-with-clipboard-e1638881245593.jpg\" class=\"thb_image  large-shadow  attachment-full\" alt=\"\" title=\"Delivery man with package outdoors\" \/>\t\t\t\t\t<\/div>\n\t\t\t\t\t\t<style>\n\t\t\t\t#thb-image-69fcae171cc3a,\n\t\t\t\t#thb-image-69fcae171cc3a img {\n\t\t\t\t\tborder-radius: 10px;\n\t\t\t\t}\n\t\t<\/style>\n\t\t<\/div>\n\t[\/vc_column][vc_column width=&#8221;7\/12&#8243; css=&#8221;.vc_custom_1620646250661{padding-left: 5% !important;}&#8221;][vc_column_text animation=&#8221;animation fade-in&#8221;]\r\n<h2>Toeta oma ettev\u00f5tmisi parima transpordi ja logistikaga<\/h2>\r\n[\/vc_column_text][vc_column_text]<span style=\"font-weight: 400;\">Transpordi tellimuse erisused, mida me oma protsessis k\u00e4sitleme:<\/span>[\/vc_column_text][vc_column_text]\r\n<ol>\r\n \t<li style=\"font-weight: 400;\" aria-level=\"1\"><span style=\"font-weight: 400;\">Kui sa oled ise v\u00e4lja valinud usaldusv\u00e4\u00e4rse logistikafirma, siis saadame sulle transpordi tellimiseks vajalikud kastide\/rullide t\u00e4psed m\u00f5\u00f5dud ja kaalud.<\/span><\/li>\r\n \t<li style=\"font-weight: 400;\" aria-level=\"1\"><span style=\"font-weight: 400;\">Kui sa soovid saata enda kontorist kauba Baltic Intertexile ning vajad l\u00e4hetuse puhul abi, siis organiseerime kauba pealev\u00f5tmise just sulle sobilikust kohast.<\/span><\/li>\r\n \t<li style=\"font-weight: 400;\" aria-level=\"1\"><span style=\"font-weight: 400;\">Saadame sulle hinnapakkumised erinevate tarnijate l\u00f5ikes. Baltic Intertexil teeb koost\u00f6\u00f6d erinevate logistikafirmadega ning kindlasti leiame ka sulle sobiva tarnija.<\/span><\/li>\r\n \t<li style=\"font-weight: 400;\" aria-level=\"1\"><span style=\"font-weight: 400;\">Kui sa j\u00e4tad transpordi organiseerimise meie hooleks, siis tellime \u00f5igeaegselt (kellaajaliselt) transpordi, markeerime korrektselt saadetise ning teavitame sind l\u00e4hetusest.<\/span><\/li>\r\n \t<li style=\"font-weight: 400;\" aria-level=\"1\"><span style=\"font-weight: 400;\">Kiirkulleri korral saadame sulle saadetise j\u00e4lgimisnumbri.<\/span><\/li>\r\n \t<li style=\"font-weight: 400;\" aria-level=\"1\"><span style=\"font-weight: 400;\">Kui sa soovid saata kiireloomulisi n\u00e4idiste saadetisi Baltic Intertexi, kuid sul puudub kiirkulleriga kliendileping, siis Baltic Intertex aitab sind. Jagame enda kliendinumbrit sinuga, mis tagab sulle soodsama hinna.\u00a0<\/span><\/li>\r\n<\/ol>\r\n[\/vc_column_text][\/vc_column][\/vc_row][vc_row][vc_column]\t<div id=\"thb-fancy-box-69fcae171d2fe\" class=\"thb-fancy-box  fancy-dark fancy-style6  thb-top-left    \">\n\t\t\t\t<div class=\"thb-fancy-image-container\n\t\t\">\n\t\t\t<div class=\"thb-fancy-image\">\n\t\t\t\t\t\t\t<\/div>\n\t\t<\/div>\n\t\t\t\t<div class=\"thb-fancy-content\n\t\t\">\n\t\t\t\t\t\t<div class=\"thb-fancy-text-content\">\n\t\t\t\t\r\n<h2><span style=\"font-weight: 400\">Miks j\u00e4tta transpordi tellimine Baltic Intertexi hooleks?<\/span><\/h2>\r\n<ol>\r\n \t<li style=\"font-weight: 400\"><span style=\"font-weight: 400\">S\u00e4\u00e4stame su aega! Meil on firmas t\u00f6\u00f6l inimene, kelle t\u00f6\u00f6protsessi\u00a0 igap\u00e4eva osaks on transpordi firmadega suhtlemine.<\/span><\/li>\r\n \t<li style=\"font-weight: 400\"><span style=\"font-weight: 400\">Me oleme kursis erinevate transpordifirmade saadetiste erip\u00e4radega.\u00a0\u00a0<\/span><\/li>\r\n \t<li style=\"font-weight: 400\"><span style=\"font-weight: 400\">Me omame t\u00e4pset informatsiooni kauba valmimise ajagraafiku osas<\/span><\/li>\r\n<\/ol>\r\n<span style=\"font-weight: 400\">Kui logistikaamet ei paelu sind, vaid sinu kireks on disainimine ja m\u00fc\u00fck, siis vabasta ennast liigsetest \u00fclesannetest!<\/span>\t\t\t<\/div>\n\t\t<\/div>\n\t\t<style>\n\t\t\t#thb-fancy-box-69fcae171d2fe,\n\t\t\t#thb-fancy-box-69fcae171d2fe.fancy-style5 .thb-fancy-image-container,\n\t\t\t#thb-fancy-box-69fcae171d2fe .atvImg-container,\n\t\t\t#thb-fancy-box-69fcae171d2fe .atvImg-layers {\n\t\t\t\tmin-height: 450px;\n\t\t\t}\n\t\t\t\t\t\t\t\t\t\t\t\t\t\t\t\t\t\t#thb-fancy-box-69fcae171d2fe.fancy-style6 .thb-fancy-image-container {\n\t\t\t\t\t\tbackground:#ededed;background:linear-gradient( -135deg,#dddddd,#ededed );\t\t\t\t\t}\n\t\t\t\t\t\t\t\t\t\t\t\t<\/style>\n\t<\/div>\n\n\t[vc_empty_space height=&#8221;30px&#8221;][\/vc_column][\/vc_row][vc_row thb_full_width=&#8221;true&#8221; thb_row_padding=&#8221;true&#8221; thb_column_padding=&#8221;true&#8221; content_placement=&#8221;middle&#8221; thb_divider_color=&#8221;#ffffff&#8221; bg_gradient1=&#8221;rgba(198,162,107,0.79)&#8221; bg_gradient2=&#8221;rgba(191,161,109,0.01)&#8221; css=&#8221;.vc_custom_1618917001357{background-image: url(https:\/\/www.balticintertex.ee\/wp-content\/uploads\/2021\/02\/side-view-female-tailor-looking-through-garments-hangers-with-copy-space-scaled.jpg?id=383) !important;background-position: center !important;background-repeat: no-repeat !important;background-size: cover !important;}&#8221;][vc_column thb_color=&#8221;thb-light-column&#8221; el_class=&#8221;text-center&#8221; css=&#8221;.vc_custom_1618916929325{padding-top: 15% !important;padding-right: 5% !important;padding-bottom: 15% !important;padding-left: 5% !important;background-position: center !important;background-repeat: no-repeat !important;background-size: cover !important;}&#8221;][vc_column_text animation=&#8221;animation fade-in&#8221;]\r\n<h2>Oled sa valmis meiega koost\u00f6\u00f6d tegema?<\/h2>\r\n[\/vc_column_text][vc_empty_space height=&#8221;30px&#8221;]\t<a id=\"thb-button-69fcae171d478\" class=\"btn style1 medium  white pill-radius animation bottom-to-top   \" href=\"\/et\/kontakt\" target=\"_self\" role=\"button\">\n\t\t<span>V\u00d5TA \u00dcHENDUST<\/span>\n\t\t\t<\/a>\n\t\t[\/vc_column][\/vc_row][vc_row][vc_column]\t<div class=\"thb_cascading_images \">\n\t\t\t<\/div>\n\t[\/vc_column][\/vc_row]<\/div>","protected":false},"excerpt":{"rendered":"[vc_row thb_full_width=&#8221;true&#8221; thb_row_padding=&#8221;true&#8221; thb_column_padding=&#8221;true&#8221; thb_shape_divider=&#8221;true&#8221; css=&#8221;.vc_custom_1639113910687{padding-top: 30vh !important;padding-bottom: 24vh !important;background: #5d4e3f url(https:\/\/www.balticintertex.ee\/wp-content\/uploads\/2021\/12\/white-truck-winter-road.jpg?id=2102) !important;background-position: center !important;background-repeat: no-repeat !important;background-size: cover !important;}&#8221; divider_shape=&#8221;curve&#8221; thb_divider_color=&#8221;#f2f2f2&#8243;][vc_column][vc_row_inner el_class=&#8221;align-center&#8221;][vc_column_inner thb_color=&#8221;thb-light-column&#8221; el_class=&#8221;text-center&#8221; offset=&#8221;vc_col-lg-7 vc_col-md-10&#8243;][vc_empty_space height=&#8221;40px&#8221;][vc_column_text] Mitmesugune transport ja logistika sinu toodetele [\/vc_column_text][vc_empty_space][\/vc_column_inner][\/vc_row_inner][\/vc_column][\/vc_row][vc_row thb_full_width=&#8221;true&#8221; thb_row_padding=&#8221;true&#8221; thb_column_padding=&#8221;true&#8221; content_placement=&#8221;middle&#8221; el_class=&#8221;second-row&#8221; css=&#8221;.vc_custom_1620645859525{padding-top: 55px !important;padding-bottom: 90px !important;background-color: #f2f2f2 !important;}&#8221; el_id=&#8221;our-approach&#8221;][vc_column][vc_row_inner][vc_column_inner width=&#8221;5\/12&#8243;][vc_empty_space height=&#8221;30px&#8221;][vc_column_text] Transpordilahendused, mis toetavad sinu br\u00e4ndi. [\/vc_column_text][vc_column_text]Kui&hellip;","protected":false},"author":5,"featured_media":0,"parent":0,"menu_order":0,"comment_status":"closed","ping_status":"closed","template":"","meta":{"content-type":"","footnotes":""},"class_list":["post-1941","page","type-page","status-publish","hentry"],"yoast_head":"<!-- This site is optimized with the Yoast SEO plugin v27.5 - https:\/\/yoast.com\/product\/yoast-seo-wordpress\/ -->\n<title>Transport &#8212; Baltic Intertex &#8212; Teenuste kaubamaja disainerile<\/title>\n<meta name=\"description\" content=\"Personaalsed ja taskukohased transpordilahendused l\u00e4htuvalt kliendi br\u00e4ndist ja vajadustest.\" \/>\n<meta name=\"robots\" content=\"index, follow, max-snippet:-1, max-image-preview:large, max-video-preview:-1\" \/>\n<link rel=\"canonical\" href=\"https:\/\/www.balticintertex.ee\/et\/transport\/\" \/>\n<meta property=\"og:locale\" content=\"et_EE\" \/>\n<meta property=\"og:type\" content=\"article\" \/>\n<meta property=\"og:title\" content=\"Transport &#8212; Baltic Intertex &#8212; Teenuste kaubamaja disainerile\" \/>\n<meta property=\"og:description\" content=\"Personaalsed ja taskukohased transpordilahendused l\u00e4htuvalt kliendi br\u00e4ndist ja vajadustest.\" \/>\n<meta property=\"og:url\" content=\"https:\/\/www.balticintertex.ee\/et\/transport\/\" \/>\n<meta property=\"og:site_name\" content=\"Baltic Intertex\" \/>\n<meta property=\"article:modified_time\" content=\"2021-12-10T19:37:26+00:00\" \/>\n<meta name=\"twitter:card\" content=\"summary_large_image\" \/>\n<meta name=\"twitter:label1\" content=\"Est. reading time\" \/>\n\t<meta name=\"twitter:data1\" content=\"2 minutit\" \/>\n<script type=\"application\/ld+json\" class=\"yoast-schema-graph\">{\"@context\":\"https:\\\/\\\/schema.org\",\"@graph\":[{\"@type\":\"WebPage\",\"@id\":\"https:\\\/\\\/www.balticintertex.ee\\\/et\\\/transport\\\/\",\"url\":\"https:\\\/\\\/www.balticintertex.ee\\\/et\\\/transport\\\/\",\"name\":\"Transport &#8212; Baltic Intertex &#8212; Teenuste kaubamaja disainerile\",\"isPartOf\":{\"@id\":\"https:\\\/\\\/www.balticintertex.ee\\\/et\\\/#website\"},\"datePublished\":\"2021-12-10T18:17:41+00:00\",\"dateModified\":\"2021-12-10T19:37:26+00:00\",\"description\":\"Personaalsed ja taskukohased transpordilahendused l\u00e4htuvalt kliendi br\u00e4ndist ja vajadustest.\",\"breadcrumb\":{\"@id\":\"https:\\\/\\\/www.balticintertex.ee\\\/et\\\/transport\\\/#breadcrumb\"},\"inLanguage\":\"et\",\"potentialAction\":[{\"@type\":\"ReadAction\",\"target\":[\"https:\\\/\\\/www.balticintertex.ee\\\/et\\\/transport\\\/\"]}]},{\"@type\":\"BreadcrumbList\",\"@id\":\"https:\\\/\\\/www.balticintertex.ee\\\/et\\\/transport\\\/#breadcrumb\",\"itemListElement\":[{\"@type\":\"ListItem\",\"position\":1,\"name\":\"Home\",\"item\":\"https:\\\/\\\/www.balticintertex.ee\\\/et\\\/\"},{\"@type\":\"ListItem\",\"position\":2,\"name\":\"Transport\"}]},{\"@type\":\"WebSite\",\"@id\":\"https:\\\/\\\/www.balticintertex.ee\\\/et\\\/#website\",\"url\":\"https:\\\/\\\/www.balticintertex.ee\\\/et\\\/\",\"name\":\"Baltic Intertex\",\"description\":\"Garment product development and production\",\"publisher\":{\"@id\":\"https:\\\/\\\/www.balticintertex.ee\\\/et\\\/#organization\"},\"potentialAction\":[{\"@type\":\"SearchAction\",\"target\":{\"@type\":\"EntryPoint\",\"urlTemplate\":\"https:\\\/\\\/www.balticintertex.ee\\\/et\\\/?s={search_term_string}\"},\"query-input\":{\"@type\":\"PropertyValueSpecification\",\"valueRequired\":true,\"valueName\":\"search_term_string\"}}],\"inLanguage\":\"et\"},{\"@type\":\"Organization\",\"@id\":\"https:\\\/\\\/www.balticintertex.ee\\\/et\\\/#organization\",\"name\":\"Baltic Intertex\",\"url\":\"https:\\\/\\\/www.balticintertex.ee\\\/et\\\/\",\"logo\":{\"@type\":\"ImageObject\",\"inLanguage\":\"et\",\"@id\":\"https:\\\/\\\/www.balticintertex.ee\\\/et\\\/#\\\/schema\\\/logo\\\/image\\\/\",\"url\":\"https:\\\/\\\/www.balticintertex.ee\\\/wp-content\\\/uploads\\\/2021\\\/01\\\/BIT_logo.svg\",\"contentUrl\":\"https:\\\/\\\/www.balticintertex.ee\\\/wp-content\\\/uploads\\\/2021\\\/01\\\/BIT_logo.svg\",\"width\":\"1024\",\"height\":\"1024\",\"caption\":\"Baltic Intertex\"},\"image\":{\"@id\":\"https:\\\/\\\/www.balticintertex.ee\\\/et\\\/#\\\/schema\\\/logo\\\/image\\\/\"}}]}<\/script>\n<!-- \/ Yoast SEO plugin. -->","yoast_head_json":{"title":"Transport &#8212; Baltic Intertex &#8212; Teenuste kaubamaja disainerile","description":"Personaalsed ja taskukohased transpordilahendused l\u00e4htuvalt kliendi br\u00e4ndist ja vajadustest.","robots":{"index":"index","follow":"follow","max-snippet":"max-snippet:-1","max-image-preview":"max-image-preview:large","max-video-preview":"max-video-preview:-1"},"canonical":"https:\/\/www.balticintertex.ee\/et\/transport\/","og_locale":"et_EE","og_type":"article","og_title":"Transport &#8212; Baltic Intertex &#8212; Teenuste kaubamaja disainerile","og_description":"Personaalsed ja taskukohased transpordilahendused l\u00e4htuvalt kliendi br\u00e4ndist ja vajadustest.","og_url":"https:\/\/www.balticintertex.ee\/et\/transport\/","og_site_name":"Baltic Intertex","article_modified_time":"2021-12-10T19:37:26+00:00","twitter_card":"summary_large_image","twitter_misc":{"Est. reading time":"2 minutit"},"schema":{"@context":"https:\/\/schema.org","@graph":[{"@type":"WebPage","@id":"https:\/\/www.balticintertex.ee\/et\/transport\/","url":"https:\/\/www.balticintertex.ee\/et\/transport\/","name":"Transport &#8212; Baltic Intertex &#8212; Teenuste kaubamaja disainerile","isPartOf":{"@id":"https:\/\/www.balticintertex.ee\/et\/#website"},"datePublished":"2021-12-10T18:17:41+00:00","dateModified":"2021-12-10T19:37:26+00:00","description":"Personaalsed ja taskukohased transpordilahendused l\u00e4htuvalt kliendi br\u00e4ndist ja vajadustest.","breadcrumb":{"@id":"https:\/\/www.balticintertex.ee\/et\/transport\/#breadcrumb"},"inLanguage":"et","potentialAction":[{"@type":"ReadAction","target":["https:\/\/www.balticintertex.ee\/et\/transport\/"]}]},{"@type":"BreadcrumbList","@id":"https:\/\/www.balticintertex.ee\/et\/transport\/#breadcrumb","itemListElement":[{"@type":"ListItem","position":1,"name":"Home","item":"https:\/\/www.balticintertex.ee\/et\/"},{"@type":"ListItem","position":2,"name":"Transport"}]},{"@type":"WebSite","@id":"https:\/\/www.balticintertex.ee\/et\/#website","url":"https:\/\/www.balticintertex.ee\/et\/","name":"Baltic Intertex","description":"Garment product development and production","publisher":{"@id":"https:\/\/www.balticintertex.ee\/et\/#organization"},"potentialAction":[{"@type":"SearchAction","target":{"@type":"EntryPoint","urlTemplate":"https:\/\/www.balticintertex.ee\/et\/?s={search_term_string}"},"query-input":{"@type":"PropertyValueSpecification","valueRequired":true,"valueName":"search_term_string"}}],"inLanguage":"et"},{"@type":"Organization","@id":"https:\/\/www.balticintertex.ee\/et\/#organization","name":"Baltic Intertex","url":"https:\/\/www.balticintertex.ee\/et\/","logo":{"@type":"ImageObject","inLanguage":"et","@id":"https:\/\/www.balticintertex.ee\/et\/#\/schema\/logo\/image\/","url":"https:\/\/www.balticintertex.ee\/wp-content\/uploads\/2021\/01\/BIT_logo.svg","contentUrl":"https:\/\/www.balticintertex.ee\/wp-content\/uploads\/2021\/01\/BIT_logo.svg","width":"1024","height":"1024","caption":"Baltic Intertex"},"image":{"@id":"https:\/\/www.balticintertex.ee\/et\/#\/schema\/logo\/image\/"}}]}},"_links":{"self":[{"href":"https:\/\/www.balticintertex.ee\/et\/wp-json\/wp\/v2\/pages\/1941","targetHints":{"allow":["GET"]}}],"collection":[{"href":"https:\/\/www.balticintertex.ee\/et\/wp-json\/wp\/v2\/pages"}],"about":[{"href":"https:\/\/www.balticintertex.ee\/et\/wp-json\/wp\/v2\/types\/page"}],"author":[{"embeddable":true,"href":"https:\/\/www.balticintertex.ee\/et\/wp-json\/wp\/v2\/users\/5"}],"replies":[{"embeddable":true,"href":"https:\/\/www.balticintertex.ee\/et\/wp-json\/wp\/v2\/comments?post=1941"}],"version-history":[{"count":14,"href":"https:\/\/www.balticintertex.ee\/et\/wp-json\/wp\/v2\/pages\/1941\/revisions"}],"predecessor-version":[{"id":2155,"href":"https:\/\/www.balticintertex.ee\/et\/wp-json\/wp\/v2\/pages\/1941\/revisions\/2155"}],"wp:attachment":[{"href":"https:\/\/www.balticintertex.ee\/et\/wp-json\/wp\/v2\/media?parent=1941"}],"curies":[{"name":"wp","href":"https:\/\/api.w.org\/{rel}","templated":true}]}}