{"id":2194,"date":"2022-03-25T14:23:13","date_gmt":"2022-03-25T12:23:13","guid":{"rendered":"https:\/\/www.balticintertex.ee\/?page_id=2194"},"modified":"2022-10-28T12:43:26","modified_gmt":"2022-10-28T09:43:26","slug":"galerii","status":"publish","type":"page","link":"https:\/\/www.balticintertex.ee\/et\/galerii\/","title":{"rendered":"Pildigalerii"},"content":{"rendered":"<div class=\"wpb-content-wrapper\">[vc_row thb_full_width=&#8221;true&#8221; thb_row_padding=&#8221;true&#8221; thb_column_padding=&#8221;true&#8221; css=&#8221;.vc_custom_1618997983048{padding-top: 80px !important;padding-bottom: 80px !important;background-image: url(https:\/\/www.balticintertex.ee\/wp-content\/uploads\/2021\/04\/circle.png?id=624) !important;background-position: 0 0 !important;background-repeat: no-repeat !important;}&#8221; el_class=&#8221;member-row&#8221;][vc_column][vc_row_inner el_class=&#8221;text-center&#8221;][vc_column_inner][vc_column_text]\r\n<h1>Pildigalerii viimastest t\u00f6\u00f6dest<\/h1>\r\n[\/vc_column_text][\/vc_column_inner][\/vc_row_inner][vc_row_inner css=&#8221;.vc_custom_1612258276118{padding-top: 40px !important;}&#8221; el_class=&#8221;align-center&#8221;][vc_column_inner offset=&#8221;vc_col-lg-10&#8243;][vc_media_grid element_width=&#8221;3&#8243; gap=&#8221;30&#8243; item=&#8221;2476&#8243; grid_id=&#8221;vc_gid:1666950041987-3cc816c0-b3ba-2&#8243; include=&#8221;2490,2532,2514,2530,2516,2535,2508,2528&#8243; el_id=&#8221;galerii&#8221;][\/vc_column_inner][\/vc_row_inner][\/vc_column][\/vc_row][vc_row thb_full_width=&#8221;true&#8221; thb_row_padding=&#8221;true&#8221; thb_column_padding=&#8221;true&#8221; content_placement=&#8221;middle&#8221; thb_divider_color=&#8221;#ffffff&#8221; bg_gradient1=&#8221;rgba(198,162,107,0.79)&#8221; bg_gradient2=&#8221;rgba(191,161,109,0.01)&#8221; css=&#8221;.vc_custom_1618917001357{background-image: url(https:\/\/www.balticintertex.ee\/wp-content\/uploads\/2021\/02\/side-view-female-tailor-looking-through-garments-hangers-with-copy-space-scaled.jpg?id=383) !important;background-position: center !important;background-repeat: no-repeat !important;background-size: cover !important;}&#8221;][vc_column thb_color=&#8221;thb-light-column&#8221; el_class=&#8221;text-center&#8221; css=&#8221;.vc_custom_1618916929325{padding-top: 15% !important;padding-right: 5% !important;padding-bottom: 15% !important;padding-left: 5% !important;background-position: center !important;background-repeat: no-repeat !important;background-size: cover !important;}&#8221;][vc_column_text]\r\n<h1>Oled valmis meiega t\u00f6\u00f6tama?<\/h1>\r\n[\/vc_column_text][vc_empty_space height=&#8221;30px&#8221;]\t<a id=\"thb-button-69fca4e88a2de\" class=\"btn style1 medium  white pill-radius animation left-to-right-3d   \" href=\"\/et\/kontakt\" target=\"_self\" role=\"button\">\n\t\t<span>V\u00d5TA \u00dcHENDUST<\/span>\n\t\t\t<\/a>\n\t\t[\/vc_column][\/vc_row]<\/div>","protected":false},"excerpt":{"rendered":"[vc_row thb_full_width=&#8221;true&#8221; thb_row_padding=&#8221;true&#8221; thb_column_padding=&#8221;true&#8221; css=&#8221;.vc_custom_1618997983048{padding-top: 80px !important;padding-bottom: 80px !important;background-image: url(https:\/\/www.balticintertex.ee\/wp-content\/uploads\/2021\/04\/circle.png?id=624) !important;background-position: 0 0 !important;background-repeat: no-repeat !important;}&#8221; el_class=&#8221;member-row&#8221;][vc_column][vc_row_inner el_class=&#8221;text-center&#8221;][vc_column_inner][vc_column_text] Pildigalerii viimastest t\u00f6\u00f6dest [\/vc_column_text][\/vc_column_inner][\/vc_row_inner][vc_row_inner css=&#8221;.vc_custom_1612258276118{padding-top: 40px !important;}&#8221; el_class=&#8221;align-center&#8221;][vc_column_inner offset=&#8221;vc_col-lg-10&#8243;][vc_media_grid element_width=&#8221;3&#8243; gap=&#8221;30&#8243; item=&#8221;2476&#8243; grid_id=&#8221;vc_gid:1666950041987-3cc816c0-b3ba-2&#8243; include=&#8221;2490,2532,2514,2530,2516,2535,2508,2528&#8243; el_id=&#8221;galerii&#8221;][\/vc_column_inner][\/vc_row_inner][\/vc_column][\/vc_row][vc_row thb_full_width=&#8221;true&#8221; thb_row_padding=&#8221;true&#8221; thb_column_padding=&#8221;true&#8221; content_placement=&#8221;middle&#8221; thb_divider_color=&#8221;#ffffff&#8221; bg_gradient1=&#8221;rgba(198,162,107,0.79)&#8221; bg_gradient2=&#8221;rgba(191,161,109,0.01)&#8221; css=&#8221;.vc_custom_1618917001357{background-image: url(https:\/\/www.balticintertex.ee\/wp-content\/uploads\/2021\/02\/side-view-female-tailor-looking-through-garments-hangers-with-copy-space-scaled.jpg?id=383) !important;background-position: center !important;background-repeat: no-repeat !important;background-size: cover !important;}&#8221;][vc_column thb_color=&#8221;thb-light-column&#8221; el_class=&#8221;text-center&#8221; css=&#8221;.vc_custom_1618916929325{padding-top: 15% !important;padding-right: 5%&hellip;","protected":false},"author":5,"featured_media":0,"parent":0,"menu_order":0,"comment_status":"closed","ping_status":"closed","template":"","meta":{"content-type":"","footnotes":""},"class_list":["post-2194","page","type-page","status-publish","hentry"],"yoast_head":"<!-- This site is optimized with the Yoast SEO plugin v27.5 - https:\/\/yoast.com\/product\/yoast-seo-wordpress\/ -->\n<title>Pildigalerii &#8212; Baltic Intertex &#8212; Galerii tehtud t\u00f6\u00f6dest<\/title>\n<meta name=\"description\" content=\"Baltic Intertex&#039;i klientidega tehtud t\u00f6\u00f6d. Pildid viimastest kolllektsioonidest. Liitu \u00f5nnelike klientide klubiga!\" \/>\n<meta name=\"robots\" content=\"index, follow, max-snippet:-1, max-image-preview:large, max-video-preview:-1\" \/>\n<link rel=\"canonical\" href=\"https:\/\/www.balticintertex.ee\/et\/galerii\/\" \/>\n<meta property=\"og:locale\" content=\"et_EE\" \/>\n<meta property=\"og:type\" content=\"article\" \/>\n<meta property=\"og:title\" content=\"Pildigalerii &#8212; Baltic Intertex &#8212; Galerii tehtud t\u00f6\u00f6dest\" \/>\n<meta property=\"og:description\" content=\"Baltic Intertex&#039;i klientidega tehtud t\u00f6\u00f6d. Pildid viimastest kolllektsioonidest. Liitu \u00f5nnelike klientide klubiga!\" \/>\n<meta property=\"og:url\" content=\"https:\/\/www.balticintertex.ee\/et\/galerii\/\" \/>\n<meta property=\"og:site_name\" content=\"Baltic Intertex\" \/>\n<meta property=\"article:modified_time\" content=\"2022-10-28T09:43:26+00:00\" \/>\n<meta name=\"twitter:card\" content=\"summary_large_image\" \/>\n<meta name=\"twitter:label1\" content=\"Est. reading time\" \/>\n\t<meta name=\"twitter:data1\" content=\"1 minut\" \/>\n<script type=\"application\/ld+json\" class=\"yoast-schema-graph\">{\"@context\":\"https:\\\/\\\/schema.org\",\"@graph\":[{\"@type\":\"WebPage\",\"@id\":\"https:\\\/\\\/www.balticintertex.ee\\\/et\\\/galerii\\\/\",\"url\":\"https:\\\/\\\/www.balticintertex.ee\\\/et\\\/galerii\\\/\",\"name\":\"Pildigalerii &#8212; Baltic Intertex &#8212; Galerii tehtud t\u00f6\u00f6dest\",\"isPartOf\":{\"@id\":\"https:\\\/\\\/www.balticintertex.ee\\\/et\\\/#website\"},\"datePublished\":\"2022-03-25T12:23:13+00:00\",\"dateModified\":\"2022-10-28T09:43:26+00:00\",\"description\":\"Baltic Intertex'i klientidega tehtud t\u00f6\u00f6d. Pildid viimastest kolllektsioonidest. Liitu \u00f5nnelike klientide klubiga!\",\"breadcrumb\":{\"@id\":\"https:\\\/\\\/www.balticintertex.ee\\\/et\\\/galerii\\\/#breadcrumb\"},\"inLanguage\":\"et\",\"potentialAction\":[{\"@type\":\"ReadAction\",\"target\":[\"https:\\\/\\\/www.balticintertex.ee\\\/et\\\/galerii\\\/\"]}]},{\"@type\":\"BreadcrumbList\",\"@id\":\"https:\\\/\\\/www.balticintertex.ee\\\/et\\\/galerii\\\/#breadcrumb\",\"itemListElement\":[{\"@type\":\"ListItem\",\"position\":1,\"name\":\"Home\",\"item\":\"https:\\\/\\\/www.balticintertex.ee\\\/et\\\/\"},{\"@type\":\"ListItem\",\"position\":2,\"name\":\"Pildigalerii\"}]},{\"@type\":\"WebSite\",\"@id\":\"https:\\\/\\\/www.balticintertex.ee\\\/et\\\/#website\",\"url\":\"https:\\\/\\\/www.balticintertex.ee\\\/et\\\/\",\"name\":\"Baltic Intertex\",\"description\":\"Garment product development and production\",\"publisher\":{\"@id\":\"https:\\\/\\\/www.balticintertex.ee\\\/et\\\/#organization\"},\"potentialAction\":[{\"@type\":\"SearchAction\",\"target\":{\"@type\":\"EntryPoint\",\"urlTemplate\":\"https:\\\/\\\/www.balticintertex.ee\\\/et\\\/?s={search_term_string}\"},\"query-input\":{\"@type\":\"PropertyValueSpecification\",\"valueRequired\":true,\"valueName\":\"search_term_string\"}}],\"inLanguage\":\"et\"},{\"@type\":\"Organization\",\"@id\":\"https:\\\/\\\/www.balticintertex.ee\\\/et\\\/#organization\",\"name\":\"Baltic Intertex\",\"url\":\"https:\\\/\\\/www.balticintertex.ee\\\/et\\\/\",\"logo\":{\"@type\":\"ImageObject\",\"inLanguage\":\"et\",\"@id\":\"https:\\\/\\\/www.balticintertex.ee\\\/et\\\/#\\\/schema\\\/logo\\\/image\\\/\",\"url\":\"https:\\\/\\\/www.balticintertex.ee\\\/wp-content\\\/uploads\\\/2021\\\/01\\\/BIT_logo.svg\",\"contentUrl\":\"https:\\\/\\\/www.balticintertex.ee\\\/wp-content\\\/uploads\\\/2021\\\/01\\\/BIT_logo.svg\",\"width\":\"1024\",\"height\":\"1024\",\"caption\":\"Baltic Intertex\"},\"image\":{\"@id\":\"https:\\\/\\\/www.balticintertex.ee\\\/et\\\/#\\\/schema\\\/logo\\\/image\\\/\"}}]}<\/script>\n<!-- \/ Yoast SEO plugin. -->","yoast_head_json":{"title":"Pildigalerii &#8212; Baltic Intertex &#8212; Galerii tehtud t\u00f6\u00f6dest","description":"Baltic Intertex'i klientidega tehtud t\u00f6\u00f6d. Pildid viimastest kolllektsioonidest. Liitu \u00f5nnelike klientide klubiga!","robots":{"index":"index","follow":"follow","max-snippet":"max-snippet:-1","max-image-preview":"max-image-preview:large","max-video-preview":"max-video-preview:-1"},"canonical":"https:\/\/www.balticintertex.ee\/et\/galerii\/","og_locale":"et_EE","og_type":"article","og_title":"Pildigalerii &#8212; Baltic Intertex &#8212; Galerii tehtud t\u00f6\u00f6dest","og_description":"Baltic Intertex'i klientidega tehtud t\u00f6\u00f6d. Pildid viimastest kolllektsioonidest. Liitu \u00f5nnelike klientide klubiga!","og_url":"https:\/\/www.balticintertex.ee\/et\/galerii\/","og_site_name":"Baltic Intertex","article_modified_time":"2022-10-28T09:43:26+00:00","twitter_card":"summary_large_image","twitter_misc":{"Est. reading time":"1 minut"},"schema":{"@context":"https:\/\/schema.org","@graph":[{"@type":"WebPage","@id":"https:\/\/www.balticintertex.ee\/et\/galerii\/","url":"https:\/\/www.balticintertex.ee\/et\/galerii\/","name":"Pildigalerii &#8212; Baltic Intertex &#8212; Galerii tehtud t\u00f6\u00f6dest","isPartOf":{"@id":"https:\/\/www.balticintertex.ee\/et\/#website"},"datePublished":"2022-03-25T12:23:13+00:00","dateModified":"2022-10-28T09:43:26+00:00","description":"Baltic Intertex'i klientidega tehtud t\u00f6\u00f6d. Pildid viimastest kolllektsioonidest. Liitu \u00f5nnelike klientide klubiga!","breadcrumb":{"@id":"https:\/\/www.balticintertex.ee\/et\/galerii\/#breadcrumb"},"inLanguage":"et","potentialAction":[{"@type":"ReadAction","target":["https:\/\/www.balticintertex.ee\/et\/galerii\/"]}]},{"@type":"BreadcrumbList","@id":"https:\/\/www.balticintertex.ee\/et\/galerii\/#breadcrumb","itemListElement":[{"@type":"ListItem","position":1,"name":"Home","item":"https:\/\/www.balticintertex.ee\/et\/"},{"@type":"ListItem","position":2,"name":"Pildigalerii"}]},{"@type":"WebSite","@id":"https:\/\/www.balticintertex.ee\/et\/#website","url":"https:\/\/www.balticintertex.ee\/et\/","name":"Baltic Intertex","description":"Garment product development and production","publisher":{"@id":"https:\/\/www.balticintertex.ee\/et\/#organization"},"potentialAction":[{"@type":"SearchAction","target":{"@type":"EntryPoint","urlTemplate":"https:\/\/www.balticintertex.ee\/et\/?s={search_term_string}"},"query-input":{"@type":"PropertyValueSpecification","valueRequired":true,"valueName":"search_term_string"}}],"inLanguage":"et"},{"@type":"Organization","@id":"https:\/\/www.balticintertex.ee\/et\/#organization","name":"Baltic Intertex","url":"https:\/\/www.balticintertex.ee\/et\/","logo":{"@type":"ImageObject","inLanguage":"et","@id":"https:\/\/www.balticintertex.ee\/et\/#\/schema\/logo\/image\/","url":"https:\/\/www.balticintertex.ee\/wp-content\/uploads\/2021\/01\/BIT_logo.svg","contentUrl":"https:\/\/www.balticintertex.ee\/wp-content\/uploads\/2021\/01\/BIT_logo.svg","width":"1024","height":"1024","caption":"Baltic Intertex"},"image":{"@id":"https:\/\/www.balticintertex.ee\/et\/#\/schema\/logo\/image\/"}}]}},"_links":{"self":[{"href":"https:\/\/www.balticintertex.ee\/et\/wp-json\/wp\/v2\/pages\/2194","targetHints":{"allow":["GET"]}}],"collection":[{"href":"https:\/\/www.balticintertex.ee\/et\/wp-json\/wp\/v2\/pages"}],"about":[{"href":"https:\/\/www.balticintertex.ee\/et\/wp-json\/wp\/v2\/types\/page"}],"author":[{"embeddable":true,"href":"https:\/\/www.balticintertex.ee\/et\/wp-json\/wp\/v2\/users\/5"}],"replies":[{"embeddable":true,"href":"https:\/\/www.balticintertex.ee\/et\/wp-json\/wp\/v2\/comments?post=2194"}],"version-history":[{"count":9,"href":"https:\/\/www.balticintertex.ee\/et\/wp-json\/wp\/v2\/pages\/2194\/revisions"}],"predecessor-version":[{"id":2540,"href":"https:\/\/www.balticintertex.ee\/et\/wp-json\/wp\/v2\/pages\/2194\/revisions\/2540"}],"wp:attachment":[{"href":"https:\/\/www.balticintertex.ee\/et\/wp-json\/wp\/v2\/media?parent=2194"}],"curies":[{"name":"wp","href":"https:\/\/api.w.org\/{rel}","templated":true}]}}