{"id":2708,"date":"2023-11-02T19:11:54","date_gmt":"2023-11-02T17:11:54","guid":{"rendered":"https:\/\/www.balticintertex.ee\/?page_id=2708"},"modified":"2023-11-03T08:53:24","modified_gmt":"2023-11-03T06:53:24","slug":"karjaar","status":"publish","type":"page","link":"https:\/\/www.balticintertex.ee\/et\/karjaar\/","title":{"rendered":"Karj\u00e4\u00e4r"},"content":{"rendered":"<div class=\"wpb-content-wrapper\">[vc_row thb_full_width=&#8221;true&#8221; thb_row_padding=&#8221;true&#8221; thb_column_padding=&#8221;true&#8221; bg_gradient_direction=&#8221;0&#8243; thb_shape_divider=&#8221;true&#8221; css=&#8221;.vc_custom_1698943000717{padding-top: 30vh !important;padding-right: 30vh !important;padding-bottom: 30vh !important;padding-left: 30vh !important;background: #5d4e3f url(https:\/\/www.balticintertex.ee\/wp-content\/uploads\/2023\/11\/spool-white-threads-scissors-workdesk-scaled.jpg?id=2701) !important;background-position: center !important;background-repeat: no-repeat !important;background-size: cover !important;}&#8221; divider_shape=&#8221;curve&#8221; thb_divider_color=&#8221;#f2f2f2&#8243; bg_gradient1=&#8221;rgba(93,78,63,0.28)&#8221; bg_gradient2=&#8221;rgba(93,78,63,0.31)&#8221;][vc_column][vc_row_inner el_class=&#8221;align-center&#8221;][vc_column_inner thb_color=&#8221;thb-light-column&#8221; el_class=&#8221;text-center&#8221; offset=&#8221;vc_col-lg-7 vc_col-md-10&#8243;][vc_empty_space height=&#8221;40px&#8221;][vc_column_text]\r\n<h1>Soovid teha <em>karj\u00e4\u00e4ri<\/em> r\u00f5ivat\u00f6\u00f6stuses? Meie juures saab!<\/h1>\r\n[\/vc_column_text][vc_empty_space]\t<a id=\"thb-button-69da28c202792\" class=\"btn style1 medium  white pill-radius animation bottom-to-top   \" href=\"#our-approach\" target=\"_self\" role=\"button\">\n\t\t<span>VAATA L\u00c4HEMALT<\/span>\n\t\t\t<\/a>\n\t\t[\/vc_column_inner][\/vc_row_inner][\/vc_column][\/vc_row][vc_row thb_full_width=&#8221;true&#8221; thb_row_padding=&#8221;true&#8221; thb_column_padding=&#8221;true&#8221; content_placement=&#8221;middle&#8221; el_class=&#8221;second-row&#8221; css=&#8221;.vc_custom_1620645859525{padding-top: 55px !important;padding-bottom: 90px !important;background-color: #f2f2f2 !important;}&#8221; el_id=&#8221;our-approach&#8221;][vc_column][vc_row_inner][vc_column_inner width=&#8221;5\/12&#8243;][vc_empty_space height=&#8221;30px&#8221;]\t<div id=\"thb-label-69da28c2027d1\" class=\"thb-label animation bottom-to-top-3d   vc_custom_1616912261611\">\n\t\t<p><span style=\"font-size: 12px;color: #fff\"><strong>Meie l\u00e4henemine<\/strong><\/span><\/p>\n\t<\/div>\n\t[vc_column_text]\r\n<h2>S\u00f5bralik kollektiiv<\/h2>\r\n[\/vc_column_text][vc_column_text]Enam kui 20 aasta jooksul, on Baltic Intertex teinud koost\u00f6\u00f6d v\u00e4ga erinevate r\u00f5iva -ja moebr\u00e4ndidega. Meil on olnud v\u00e4ga p\u00f5nevaid seiklusi, mille jooksul oleme omandanud palju v\u00e4\u00e4rtuslikke kogemusi ning \u00f5ppinud tehtud vigadest. Kuid seda k\u00f5ike ei saaks olla ilma suurep\u00e4rase meeskonnata. Ainult s\u00f5braliku kollektiiviga on v\u00f5imalik teha k\u00f5ik selleks, et meie kliendid s\u00e4rada saaksid.[\/vc_column_text][vc_column_text animation=&#8221;animation fade-in&#8221;]Kui olete t\u00fcdinenud massitootmisest ja \u00fcksikute \u00f5mblust\u00f6\u00f6de igap\u00e4evane rutiin ei paku teile enam v\u00e4ljakutset, siis on siin suurep\u00e4rane v\u00f5imalus liituda Baltic Intertexi s\u00f5braliku meeskonnaga.[\/vc_column_text][\/vc_column_inner][vc_column_inner width=&#8221;7\/12&#8243;][vc_empty_space mobile_height=&#8221;32px&#8221; height=&#8221;5vh&#8221;]\t<div id=\"thb-image-69da28c2029ea\" class=\"caption-style1  alignleft   thb_image_link wp-caption \">\n\t\t\t<div class=\"thb-image-inner size_100\">\n\t\t\t<img loading=\"lazy\" decoding=\"async\" width=\"1600\" height=\"1068\" src=\"https:\/\/www.balticintertex.ee\/wp-content\/uploads\/2021\/05\/smiling-young-colleagues-discussing-sketches-while-sewing-fashion-clothes-tailoring-studio-scaled.jpg\" class=\"thb_image    attachment-full\" alt=\"Sewing fashion clothes\" title=\"Sewing fashion clothes\" srcset=\"https:\/\/www.balticintertex.ee\/wp-content\/uploads\/2021\/05\/smiling-young-colleagues-discussing-sketches-while-sewing-fashion-clothes-tailoring-studio-scaled.jpg 1600w, https:\/\/www.balticintertex.ee\/wp-content\/uploads\/2021\/05\/smiling-young-colleagues-discussing-sketches-while-sewing-fashion-clothes-tailoring-studio-300x200.jpg 300w, https:\/\/www.balticintertex.ee\/wp-content\/uploads\/2021\/05\/smiling-young-colleagues-discussing-sketches-while-sewing-fashion-clothes-tailoring-studio-1024x683.jpg 1024w, https:\/\/www.balticintertex.ee\/wp-content\/uploads\/2021\/05\/smiling-young-colleagues-discussing-sketches-while-sewing-fashion-clothes-tailoring-studio-768x513.jpg 768w, https:\/\/www.balticintertex.ee\/wp-content\/uploads\/2021\/05\/smiling-young-colleagues-discussing-sketches-while-sewing-fashion-clothes-tailoring-studio-1536x1025.jpg 1536w, https:\/\/www.balticintertex.ee\/wp-content\/uploads\/2021\/05\/smiling-young-colleagues-discussing-sketches-while-sewing-fashion-clothes-tailoring-studio-380x254.jpg 380w, https:\/\/www.balticintertex.ee\/wp-content\/uploads\/2021\/05\/smiling-young-colleagues-discussing-sketches-while-sewing-fashion-clothes-tailoring-studio-190x127.jpg 190w, https:\/\/www.balticintertex.ee\/wp-content\/uploads\/2021\/05\/smiling-young-colleagues-discussing-sketches-while-sewing-fashion-clothes-tailoring-studio-760x507.jpg 760w, https:\/\/www.balticintertex.ee\/wp-content\/uploads\/2021\/05\/smiling-young-colleagues-discussing-sketches-while-sewing-fashion-clothes-tailoring-studio-1140x761.jpg 1140w, https:\/\/www.balticintertex.ee\/wp-content\/uploads\/2021\/05\/smiling-young-colleagues-discussing-sketches-while-sewing-fashion-clothes-tailoring-studio-20x13.jpg 20w\" sizes=\"auto, (max-width: 1600px) 100vw, 1600px\" \/>\t\t\t\t\t<\/div>\n\t\t\t\t\t\t<style>\n\t\t\t\t#thb-image-69da28c2029ea,\n\t\t\t\t#thb-image-69da28c2029ea img {\n\t\t\t\t\tborder-radius: 10;\n\t\t\t\t}\n\t\t<\/style>\n\t\t<\/div>\n\t[vc_empty_space mobile_height=&#8221;32px&#8221; height=&#8221;5vh&#8221;][\/vc_column_inner][\/vc_row_inner][\/vc_column][\/vc_row][vc_row content_placement=&#8221;middle&#8221; css=&#8221;.vc_custom_1620645865500{padding-top: 55px !important;padding-bottom: 90px !important;}&#8221; el_id=&#8221;protomodels&#8221; el_class=&#8221;row_reverse&#8221;][vc_column width=&#8221;7\/12&#8243;][vc_empty_space mobile_height=&#8221;32px&#8221; height=&#8221;0&#8243;]\t<div id=\"thb-image-69da28c203041\" class=\"caption-style1  aligncenter   thb_image_link wp-caption \">\n\t\t\t<div class=\"thb-image-inner size_100\">\n\t\t\t<img loading=\"lazy\" decoding=\"async\" width=\"6000\" height=\"3992\" src=\"https:\/\/www.balticintertex.ee\/wp-content\/uploads\/2021\/12\/womans-hands-workin-sewing-machine-close-up.jpg\" class=\"thb_image  large-shadow  attachment-full\" alt=\"\" title=\"womans-hands-workin-sewing-machine-close-up\" srcset=\"https:\/\/www.balticintertex.ee\/wp-content\/uploads\/2021\/12\/womans-hands-workin-sewing-machine-close-up.jpg 6000w, https:\/\/www.balticintertex.ee\/wp-content\/uploads\/2021\/12\/womans-hands-workin-sewing-machine-close-up-300x200.jpg 300w, https:\/\/www.balticintertex.ee\/wp-content\/uploads\/2021\/12\/womans-hands-workin-sewing-machine-close-up-1024x681.jpg 1024w, https:\/\/www.balticintertex.ee\/wp-content\/uploads\/2021\/12\/womans-hands-workin-sewing-machine-close-up-768x511.jpg 768w, https:\/\/www.balticintertex.ee\/wp-content\/uploads\/2021\/12\/womans-hands-workin-sewing-machine-close-up-1536x1022.jpg 1536w, https:\/\/www.balticintertex.ee\/wp-content\/uploads\/2021\/12\/womans-hands-workin-sewing-machine-close-up-2048x1363.jpg 2048w, https:\/\/www.balticintertex.ee\/wp-content\/uploads\/2021\/12\/womans-hands-workin-sewing-machine-close-up-380x253.jpg 380w, https:\/\/www.balticintertex.ee\/wp-content\/uploads\/2021\/12\/womans-hands-workin-sewing-machine-close-up-190x126.jpg 190w, https:\/\/www.balticintertex.ee\/wp-content\/uploads\/2021\/12\/womans-hands-workin-sewing-machine-close-up-760x506.jpg 760w, https:\/\/www.balticintertex.ee\/wp-content\/uploads\/2021\/12\/womans-hands-workin-sewing-machine-close-up-1140x758.jpg 1140w, https:\/\/www.balticintertex.ee\/wp-content\/uploads\/2021\/12\/womans-hands-workin-sewing-machine-close-up-20x13.jpg 20w\" sizes=\"auto, (max-width: 6000px) 100vw, 6000px\" \/>\t\t\t\t\t<\/div>\n\t\t\t\t\t\t<style>\n\t\t\t\t#thb-image-69da28c203041,\n\t\t\t\t#thb-image-69da28c203041 img {\n\t\t\t\t\tborder-radius: 10px;\n\t\t\t\t}\n\t\t<\/style>\n\t\t<\/div>\n\t[\/vc_column][vc_column width=&#8221;5\/12&#8243; css=&#8221;.vc_custom_1620646283775{padding-left: 5% !important;}&#8221;][vc_column_text animation=&#8221;animation fade-in&#8221;]\r\n<h2>Vabad t\u00f6\u00f6kohad<\/h2>\r\n[\/vc_column_text][vc_column_text]\r\n<h3>R\u00f5ivameister-n\u00e4idiste \u00f5mbleja<\/h3>\r\n[\/vc_column_text]\t<div class=\"thb-iconlist \" id=\"thb-iconlist-69da28c203584\">\n\t\t<ul>\n\t\t\t\t\t\t  <li class=\"thb-iconlist-li \">\n\t\t\t\t  <i class=\"far fa-check-circle\"><\/i>\n\t\t\t\tN\u00e4idiste ja v\u00e4ikepartiide \u00f5mblust\u00f6\u00f6d.\t\t\t  <\/li>\n\t\t  \t\t\t  <li class=\"thb-iconlist-li \">\n\t\t\t\t  <i class=\"far fa-check-circle\"><\/i>\n\t\t\t\tMitmekesised kollektsioonid ja huvitavad tooted.\t\t\t  <\/li>\n\t\t  \t\t\t  <li class=\"thb-iconlist-li \">\n\t\t\t\t  <i class=\"far fa-check-circle\"><\/i>\n\t\t\t\tUusimad r\u00f5ivatrendid ja moodsad kangad.\t\t\t  <\/li>\n\t\t  \t\t<\/ul>\n\t\t<style>\n\t\t\t\t\t\t\t\t<\/style>\n\t<\/div>\n\t[vc_empty_space height=&#8221;10px&#8221;]\t<a id=\"thb-button-69da28c2035c2\" class=\"btn style1 medium  accent small-radius    \" href=\"https:\/\/kandideeri.ee\/company\/25027\/baltic-intertex-o%C3%BC\/?fbclid=IwAR2UgRNnd2MVVB0wds8SNUb34C-w8Bpwr8W6FThyUGW5Irw2flPTCS4yC34\" target=\"_blank\" role=\"button\">\n\t\t<span>Kandideeri kohe<\/span>\n\t\t\t<\/a>\n\t\t[\/vc_column][\/vc_row][vc_row][vc_column][vc_separator][\/vc_column][\/vc_row][vc_row content_placement=&#8221;middle&#8221; css=&#8221;.vc_custom_1620645871291{padding-top: 55px !important;padding-bottom: 90px !important;}&#8221; el_id=&#8221;samplecollections&#8221;][vc_column width=&#8221;5\/12&#8243; css=&#8221;.vc_custom_1620646266484{padding-left: 5% !important;}&#8221;][vc_column_text animation=&#8221;animation fade-in&#8221;]\r\n<h2>Praktika<\/h2>\r\n[\/vc_column_text][vc_column_text animation=&#8221;animation fade-in&#8221;]Karj\u00e4\u00e4r moevaldkonnas on su suur unistus, kuid sul puudub vajalik t\u00f6\u00f6kogemus? Kandideeri meile praktikale.[\/vc_column_text]\t<a id=\"thb-button-69da28c2035e2\" class=\"btn style1 medium  accent small-radius    \" href=\"https:\/\/www.balticintertex.ee\/et\/kontakt\/\" target=\"_self\" role=\"button\">\n\t\t<span>V\u00f5ta \u00fchendust<\/span>\n\t\t\t<\/a>\n\t\t[\/vc_column][vc_column width=&#8221;7\/12&#8243;][vc_empty_space mobile_height=&#8221;32px&#8221; height=&#8221;0&#8243;]\t<div id=\"thb-image-69da28c2035ff\" class=\"caption-style1  aligncenter   thb_image_link wp-caption \">\n\t\t\t<div class=\"thb-image-inner size_100\">\n\t\t\t<img loading=\"lazy\" decoding=\"async\" width=\"1600\" height=\"1067\" src=\"https:\/\/www.balticintertex.ee\/wp-content\/uploads\/2021\/05\/full-shot-woman-holding-fabrics-scaled.jpeg\" class=\"thb_image  large-shadow  attachment-full\" alt=\"Designing your own fashion line\" title=\"Designing your own fashion line\" srcset=\"https:\/\/www.balticintertex.ee\/wp-content\/uploads\/2021\/05\/full-shot-woman-holding-fabrics-scaled.jpeg 1600w, https:\/\/www.balticintertex.ee\/wp-content\/uploads\/2021\/05\/full-shot-woman-holding-fabrics-300x200.jpeg 300w, https:\/\/www.balticintertex.ee\/wp-content\/uploads\/2021\/05\/full-shot-woman-holding-fabrics-1024x683.jpeg 1024w, https:\/\/www.balticintertex.ee\/wp-content\/uploads\/2021\/05\/full-shot-woman-holding-fabrics-768x512.jpeg 768w, https:\/\/www.balticintertex.ee\/wp-content\/uploads\/2021\/05\/full-shot-woman-holding-fabrics-1536x1024.jpeg 1536w, https:\/\/www.balticintertex.ee\/wp-content\/uploads\/2021\/05\/full-shot-woman-holding-fabrics-380x253.jpeg 380w, https:\/\/www.balticintertex.ee\/wp-content\/uploads\/2021\/05\/full-shot-woman-holding-fabrics-190x127.jpeg 190w, https:\/\/www.balticintertex.ee\/wp-content\/uploads\/2021\/05\/full-shot-woman-holding-fabrics-760x507.jpeg 760w, https:\/\/www.balticintertex.ee\/wp-content\/uploads\/2021\/05\/full-shot-woman-holding-fabrics-1140x760.jpeg 1140w, https:\/\/www.balticintertex.ee\/wp-content\/uploads\/2021\/05\/full-shot-woman-holding-fabrics-20x13.jpeg 20w\" sizes=\"auto, (max-width: 1600px) 100vw, 1600px\" \/>\t\t\t\t\t<\/div>\n\t\t\t\t\t\t<style>\n\t\t\t\t#thb-image-69da28c2035ff,\n\t\t\t\t#thb-image-69da28c2035ff img {\n\t\t\t\t\tborder-radius: 10px;\n\t\t\t\t}\n\t\t<\/style>\n\t\t<\/div>\n\t[\/vc_column][\/vc_row][vc_row thb_full_width=&#8221;true&#8221; thb_row_padding=&#8221;true&#8221; thb_column_padding=&#8221;true&#8221; content_placement=&#8221;middle&#8221; thb_divider_color=&#8221;#ffffff&#8221; bg_gradient1=&#8221;rgba(198,162,107,0.79)&#8221; bg_gradient2=&#8221;rgba(191,161,109,0.01)&#8221; css=&#8221;.vc_custom_1618917001357{background-image: url(https:\/\/www.balticintertex.ee\/wp-content\/uploads\/2021\/02\/side-view-female-tailor-looking-through-garments-hangers-with-copy-space-scaled.jpg?id=383) !important;background-position: center !important;background-repeat: no-repeat !important;background-size: cover !important;}&#8221;][vc_column thb_color=&#8221;thb-light-column&#8221; el_class=&#8221;text-center&#8221; css=&#8221;.vc_custom_1618916929325{padding-top: 15% !important;padding-right: 5% !important;padding-bottom: 15% !important;padding-left: 5% !important;background-position: center !important;background-repeat: no-repeat !important;background-size: cover !important;}&#8221;][vc_column_text animation=&#8221;animation fade-in&#8221;]\r\n<h1>Kas sul tekkis k\u00fcsimusi?<\/h1>\r\n[\/vc_column_text][vc_empty_space height=&#8221;30px&#8221;]\t<a id=\"thb-button-69da28c203c67\" class=\"btn style1 medium  white pill-radius animation bottom-to-top   \" href=\"\/contact\" target=\"_self\" role=\"button\">\n\t\t<span>V\u00d5TA \u00dcHENDUST<\/span>\n\t\t\t<\/a>\n\t\t[\/vc_column][\/vc_row]<\/div>","protected":false},"excerpt":{"rendered":"[vc_row thb_full_width=&#8221;true&#8221; thb_row_padding=&#8221;true&#8221; thb_column_padding=&#8221;true&#8221; bg_gradient_direction=&#8221;0&#8243; thb_shape_divider=&#8221;true&#8221; css=&#8221;.vc_custom_1698943000717{padding-top: 30vh !important;padding-right: 30vh !important;padding-bottom: 30vh !important;padding-left: 30vh !important;background: #5d4e3f url(https:\/\/www.balticintertex.ee\/wp-content\/uploads\/2023\/11\/spool-white-threads-scissors-workdesk-scaled.jpg?id=2701) !important;background-position: center !important;background-repeat: no-repeat !important;background-size: cover !important;}&#8221; divider_shape=&#8221;curve&#8221; thb_divider_color=&#8221;#f2f2f2&#8243; bg_gradient1=&#8221;rgba(93,78,63,0.28)&#8221; bg_gradient2=&#8221;rgba(93,78,63,0.31)&#8221;][vc_column][vc_row_inner el_class=&#8221;align-center&#8221;][vc_column_inner thb_color=&#8221;thb-light-column&#8221; el_class=&#8221;text-center&#8221; offset=&#8221;vc_col-lg-7 vc_col-md-10&#8243;][vc_empty_space height=&#8221;40px&#8221;][vc_column_text] Soovid teha karj\u00e4\u00e4ri r\u00f5ivat\u00f6\u00f6stuses? Meie juures saab! [\/vc_column_text][vc_empty_space][\/vc_column_inner][\/vc_row_inner][\/vc_column][\/vc_row][vc_row thb_full_width=&#8221;true&#8221; thb_row_padding=&#8221;true&#8221; thb_column_padding=&#8221;true&#8221; content_placement=&#8221;middle&#8221; el_class=&#8221;second-row&#8221; css=&#8221;.vc_custom_1620645859525{padding-top: 55px !important;padding-bottom: 90px !important;background-color: #f2f2f2 !important;}&#8221; el_id=&#8221;our-approach&#8221;][vc_column][vc_row_inner][vc_column_inner&hellip;","protected":false},"author":5,"featured_media":0,"parent":0,"menu_order":0,"comment_status":"closed","ping_status":"closed","template":"","meta":{"content-type":"","footnotes":""},"class_list":["post-2708","page","type-page","status-publish","hentry"],"yoast_head":"<!-- This site is optimized with the Yoast SEO plugin v27.3 - https:\/\/yoast.com\/product\/yoast-seo-wordpress\/ -->\n<title>Karj\u00e4\u00e4r &#8212; Baltic Intertex &#8212; R\u00f5ivaste tootearendus<\/title>\n<meta name=\"description\" content=\"Baltic Intertex pakub laia valikut r\u00f5ivaste tootearendusteenuseid. Kui sul on soov luua oma r\u00f5ivabr\u00e4nd, siis viime su unistuse ellu!\" \/>\n<meta name=\"robots\" content=\"index, follow, max-snippet:-1, max-image-preview:large, max-video-preview:-1\" \/>\n<link rel=\"canonical\" href=\"https:\/\/www.balticintertex.ee\/et\/karjaar\/\" \/>\n<meta property=\"og:locale\" content=\"et_EE\" \/>\n<meta property=\"og:type\" content=\"article\" \/>\n<meta property=\"og:title\" content=\"Karj\u00e4\u00e4r &#8212; Baltic Intertex &#8212; R\u00f5ivaste tootearendus\" \/>\n<meta property=\"og:description\" content=\"Baltic Intertex pakub laia valikut r\u00f5ivaste tootearendusteenuseid. Kui sul on soov luua oma r\u00f5ivabr\u00e4nd, siis viime su unistuse ellu!\" \/>\n<meta property=\"og:url\" content=\"https:\/\/www.balticintertex.ee\/et\/karjaar\/\" \/>\n<meta property=\"og:site_name\" content=\"Baltic Intertex\" \/>\n<meta property=\"article:modified_time\" content=\"2023-11-03T06:53:24+00:00\" \/>\n<meta name=\"twitter:card\" content=\"summary_large_image\" \/>\n<meta name=\"twitter:label1\" content=\"Est. reading time\" \/>\n\t<meta name=\"twitter:data1\" content=\"5 minutit\" \/>\n<script type=\"application\/ld+json\" class=\"yoast-schema-graph\">{\"@context\":\"https:\\\/\\\/schema.org\",\"@graph\":[{\"@type\":\"WebPage\",\"@id\":\"https:\\\/\\\/www.balticintertex.ee\\\/et\\\/karjaar\\\/\",\"url\":\"https:\\\/\\\/www.balticintertex.ee\\\/et\\\/karjaar\\\/\",\"name\":\"Karj\u00e4\u00e4r &#8212; Baltic Intertex &#8212; R\u00f5ivaste tootearendus\",\"isPartOf\":{\"@id\":\"https:\\\/\\\/www.balticintertex.ee\\\/et\\\/#website\"},\"datePublished\":\"2023-11-02T17:11:54+00:00\",\"dateModified\":\"2023-11-03T06:53:24+00:00\",\"description\":\"Baltic Intertex pakub laia valikut r\u00f5ivaste tootearendusteenuseid. Kui sul on soov luua oma r\u00f5ivabr\u00e4nd, siis viime su unistuse ellu!\",\"breadcrumb\":{\"@id\":\"https:\\\/\\\/www.balticintertex.ee\\\/et\\\/karjaar\\\/#breadcrumb\"},\"inLanguage\":\"et\",\"potentialAction\":[{\"@type\":\"ReadAction\",\"target\":[\"https:\\\/\\\/www.balticintertex.ee\\\/et\\\/karjaar\\\/\"]}]},{\"@type\":\"BreadcrumbList\",\"@id\":\"https:\\\/\\\/www.balticintertex.ee\\\/et\\\/karjaar\\\/#breadcrumb\",\"itemListElement\":[{\"@type\":\"ListItem\",\"position\":1,\"name\":\"Home\",\"item\":\"https:\\\/\\\/www.balticintertex.ee\\\/et\\\/\"},{\"@type\":\"ListItem\",\"position\":2,\"name\":\"Karj\u00e4\u00e4r\"}]},{\"@type\":\"WebSite\",\"@id\":\"https:\\\/\\\/www.balticintertex.ee\\\/et\\\/#website\",\"url\":\"https:\\\/\\\/www.balticintertex.ee\\\/et\\\/\",\"name\":\"Baltic Intertex\",\"description\":\"Garment product development and production\",\"publisher\":{\"@id\":\"https:\\\/\\\/www.balticintertex.ee\\\/et\\\/#organization\"},\"potentialAction\":[{\"@type\":\"SearchAction\",\"target\":{\"@type\":\"EntryPoint\",\"urlTemplate\":\"https:\\\/\\\/www.balticintertex.ee\\\/et\\\/?s={search_term_string}\"},\"query-input\":{\"@type\":\"PropertyValueSpecification\",\"valueRequired\":true,\"valueName\":\"search_term_string\"}}],\"inLanguage\":\"et\"},{\"@type\":\"Organization\",\"@id\":\"https:\\\/\\\/www.balticintertex.ee\\\/et\\\/#organization\",\"name\":\"Baltic Intertex\",\"url\":\"https:\\\/\\\/www.balticintertex.ee\\\/et\\\/\",\"logo\":{\"@type\":\"ImageObject\",\"inLanguage\":\"et\",\"@id\":\"https:\\\/\\\/www.balticintertex.ee\\\/et\\\/#\\\/schema\\\/logo\\\/image\\\/\",\"url\":\"https:\\\/\\\/www.balticintertex.ee\\\/wp-content\\\/uploads\\\/2021\\\/01\\\/BIT_logo.svg\",\"contentUrl\":\"https:\\\/\\\/www.balticintertex.ee\\\/wp-content\\\/uploads\\\/2021\\\/01\\\/BIT_logo.svg\",\"width\":\"1024\",\"height\":\"1024\",\"caption\":\"Baltic Intertex\"},\"image\":{\"@id\":\"https:\\\/\\\/www.balticintertex.ee\\\/et\\\/#\\\/schema\\\/logo\\\/image\\\/\"}}]}<\/script>\n<!-- \/ Yoast SEO plugin. -->","yoast_head_json":{"title":"Karj\u00e4\u00e4r &#8212; Baltic Intertex &#8212; R\u00f5ivaste tootearendus","description":"Baltic Intertex pakub laia valikut r\u00f5ivaste tootearendusteenuseid. Kui sul on soov luua oma r\u00f5ivabr\u00e4nd, siis viime su unistuse ellu!","robots":{"index":"index","follow":"follow","max-snippet":"max-snippet:-1","max-image-preview":"max-image-preview:large","max-video-preview":"max-video-preview:-1"},"canonical":"https:\/\/www.balticintertex.ee\/et\/karjaar\/","og_locale":"et_EE","og_type":"article","og_title":"Karj\u00e4\u00e4r &#8212; Baltic Intertex &#8212; R\u00f5ivaste tootearendus","og_description":"Baltic Intertex pakub laia valikut r\u00f5ivaste tootearendusteenuseid. Kui sul on soov luua oma r\u00f5ivabr\u00e4nd, siis viime su unistuse ellu!","og_url":"https:\/\/www.balticintertex.ee\/et\/karjaar\/","og_site_name":"Baltic Intertex","article_modified_time":"2023-11-03T06:53:24+00:00","twitter_card":"summary_large_image","twitter_misc":{"Est. reading time":"5 minutit"},"schema":{"@context":"https:\/\/schema.org","@graph":[{"@type":"WebPage","@id":"https:\/\/www.balticintertex.ee\/et\/karjaar\/","url":"https:\/\/www.balticintertex.ee\/et\/karjaar\/","name":"Karj\u00e4\u00e4r &#8212; Baltic Intertex &#8212; R\u00f5ivaste tootearendus","isPartOf":{"@id":"https:\/\/www.balticintertex.ee\/et\/#website"},"datePublished":"2023-11-02T17:11:54+00:00","dateModified":"2023-11-03T06:53:24+00:00","description":"Baltic Intertex pakub laia valikut r\u00f5ivaste tootearendusteenuseid. Kui sul on soov luua oma r\u00f5ivabr\u00e4nd, siis viime su unistuse ellu!","breadcrumb":{"@id":"https:\/\/www.balticintertex.ee\/et\/karjaar\/#breadcrumb"},"inLanguage":"et","potentialAction":[{"@type":"ReadAction","target":["https:\/\/www.balticintertex.ee\/et\/karjaar\/"]}]},{"@type":"BreadcrumbList","@id":"https:\/\/www.balticintertex.ee\/et\/karjaar\/#breadcrumb","itemListElement":[{"@type":"ListItem","position":1,"name":"Home","item":"https:\/\/www.balticintertex.ee\/et\/"},{"@type":"ListItem","position":2,"name":"Karj\u00e4\u00e4r"}]},{"@type":"WebSite","@id":"https:\/\/www.balticintertex.ee\/et\/#website","url":"https:\/\/www.balticintertex.ee\/et\/","name":"Baltic Intertex","description":"Garment product development and production","publisher":{"@id":"https:\/\/www.balticintertex.ee\/et\/#organization"},"potentialAction":[{"@type":"SearchAction","target":{"@type":"EntryPoint","urlTemplate":"https:\/\/www.balticintertex.ee\/et\/?s={search_term_string}"},"query-input":{"@type":"PropertyValueSpecification","valueRequired":true,"valueName":"search_term_string"}}],"inLanguage":"et"},{"@type":"Organization","@id":"https:\/\/www.balticintertex.ee\/et\/#organization","name":"Baltic Intertex","url":"https:\/\/www.balticintertex.ee\/et\/","logo":{"@type":"ImageObject","inLanguage":"et","@id":"https:\/\/www.balticintertex.ee\/et\/#\/schema\/logo\/image\/","url":"https:\/\/www.balticintertex.ee\/wp-content\/uploads\/2021\/01\/BIT_logo.svg","contentUrl":"https:\/\/www.balticintertex.ee\/wp-content\/uploads\/2021\/01\/BIT_logo.svg","width":"1024","height":"1024","caption":"Baltic Intertex"},"image":{"@id":"https:\/\/www.balticintertex.ee\/et\/#\/schema\/logo\/image\/"}}]}},"_links":{"self":[{"href":"https:\/\/www.balticintertex.ee\/et\/wp-json\/wp\/v2\/pages\/2708","targetHints":{"allow":["GET"]}}],"collection":[{"href":"https:\/\/www.balticintertex.ee\/et\/wp-json\/wp\/v2\/pages"}],"about":[{"href":"https:\/\/www.balticintertex.ee\/et\/wp-json\/wp\/v2\/types\/page"}],"author":[{"embeddable":true,"href":"https:\/\/www.balticintertex.ee\/et\/wp-json\/wp\/v2\/users\/5"}],"replies":[{"embeddable":true,"href":"https:\/\/www.balticintertex.ee\/et\/wp-json\/wp\/v2\/comments?post=2708"}],"version-history":[{"count":17,"href":"https:\/\/www.balticintertex.ee\/et\/wp-json\/wp\/v2\/pages\/2708\/revisions"}],"predecessor-version":[{"id":2726,"href":"https:\/\/www.balticintertex.ee\/et\/wp-json\/wp\/v2\/pages\/2708\/revisions\/2726"}],"wp:attachment":[{"href":"https:\/\/www.balticintertex.ee\/et\/wp-json\/wp\/v2\/media?parent=2708"}],"curies":[{"name":"wp","href":"https:\/\/api.w.org\/{rel}","templated":true}]}}